{"id":256934,"date":"2024-09-23T11:08:31","date_gmt":"2024-09-23T08:08:31","guid":{"rendered":"https:\/\/sutore.com\/?post_type=product&#038;p=256934"},"modified":"2026-04-02T17:00:55","modified_gmt":"2026-04-02T14:00:55","slug":"nike-mercurial-superfly-10-elite-fg-iridescent","status":"publish","type":"product","link":"https:\/\/sutore.com\/en\/product\/nike-mercurial-superfly-10-elite-fg-iridescent\/","title":{"rendered":"Nike Mercurial Superfly 10 Elite FG Iridescent"},"content":{"rendered":"<p style=\"text-align: center;\">Nike Mercurial Superfly 10 Elite FG Iridescent, futbol tutkunlar\u0131 i\u00e7in benzersiz bir se\u00e7im. Bu ayakkab\u0131, \u00e7arp\u0131c\u0131 Iridescent tasar\u0131m\u0131yla sahada fark yarat\u0131rken, Nike teknolojisi sayesinde maksimum h\u0131z ve kontrol sunar. Hafif yap\u0131s\u0131 ve \u00fcst\u00fcn dengesizlik \u00f6zellikleri, oyunculara sahada \u00fcst\u00fcnl\u00fck kazand\u0131r\u0131r. Profesyonel futbolcular ve merakl\u0131lar i\u00e7in m\u00fckemmel bir se\u00e7enek olan Nike Mercurial Superfly 10 Elite FG Iridescent, y\u00fcksek performans arayanlar i\u00e7in idealdir.<\/p>\n","protected":false},"excerpt":{"rendered":"<p style=\"text-align: center;\">Nike Mercurial Superfly 10 Elite FG Iridescent, futbol tutkunlar\u0131 i\u00e7in benzersiz bir se\u00e7im. Bu ayakkab\u0131, \u00e7arp\u0131c\u0131 Iridescent tasar\u0131m\u0131yla sahada fark yarat\u0131rken, Nike teknolojisi sayesinde maksimum h\u0131z ve kontrol sunar. Hafif yap\u0131s\u0131 ve \u00fcst\u00fcn dengesizlik \u00f6zellikleri, oyunculara sahada \u00fcst\u00fcnl\u00fck kazand\u0131r\u0131r. Profesyonel futbolcular ve merakl\u0131lar i\u00e7in m\u00fckemmel bir se\u00e7enek olan Nike Mercurial Superfly 10 Elite FG Iridescent, y\u00fcksek performans arayanlar i\u00e7in idealdir.<\/p>\n","protected":false},"featured_media":256907,"template":"","meta":{"_acf_changed":false},"product_brand":[1928,2087],"product_cat":[1883,1882,74,1569],"product_tag":[1336],"class_list":{"0":"post-256934","1":"product","2":"type-product","3":"status-publish","4":"has-post-thumbnail","6":"product_brand-nike","7":"product_brand-nike-en","8":"product_cat-cleats-en","9":"product_cat-cleats","10":"product_cat-sneakers","11":"product_cat-sneakers-en","12":"product_tag-cok-renk","14":"first","15":"instock","16":"shipping-taxable","17":"purchasable","18":"product-type-variable"},"acf":[],"_links":{"self":[{"href":"https:\/\/sutore.com\/en\/wp-json\/wp\/v2\/product\/256934","targetHints":{"allow":["GET"]}}],"collection":[{"href":"https:\/\/sutore.com\/en\/wp-json\/wp\/v2\/product"}],"about":[{"href":"https:\/\/sutore.com\/en\/wp-json\/wp\/v2\/types\/product"}],"wp:featuredmedia":[{"embeddable":true,"href":"https:\/\/sutore.com\/en\/wp-json\/wp\/v2\/media\/256907"}],"wp:attachment":[{"href":"https:\/\/sutore.com\/en\/wp-json\/wp\/v2\/media?parent=256934"}],"wp:term":[{"taxonomy":"product_brand","embeddable":true,"href":"https:\/\/sutore.com\/en\/wp-json\/wp\/v2\/product_brand?post=256934"},{"taxonomy":"product_cat","embeddable":true,"href":"https:\/\/sutore.com\/en\/wp-json\/wp\/v2\/product_cat?post=256934"},{"taxonomy":"product_tag","embeddable":true,"href":"https:\/\/sutore.com\/en\/wp-json\/wp\/v2\/product_tag?post=256934"}],"curies":[{"name":"wp","href":"https:\/\/api.w.org\/{rel}","templated":true}]}}