{"id":26270,"date":"2021-03-15T14:02:39","date_gmt":"2021-03-15T11:02:39","guid":{"rendered":"https:\/\/sutore.com\/?post_type=product&#038;p=26270"},"modified":"2026-03-21T01:39:16","modified_gmt":"2026-03-20T22:39:16","slug":"adidas-yeezy-boost-380-covellite","status":"publish","type":"product","link":"https:\/\/sutore.com\/en\/product\/adidas-yeezy-boost-380-covellite\/","title":{"rendered":"adidas Yeezy Boost 380 Covellite"},"content":{"rendered":"<p style=\"text-align: center;\">Yeezy Ailesi, \u015fimdi sutore\u2019de bulunan adidas Yeezy Boost 380 Blue Oat &#8216;Reflective&#8217; ile \u00e7izgisine yeni bir renk grubu ekliyor. Asl\u0131nda Yeezy Boost 350 V3 olarak bilinen bu model, \u00e7\u0131k\u0131\u015f\u0131ndan sonra kendi siluetine has bir isim kazan\u0131yor. Bu model hem reflective hem de non-reflective varyasyonlar\u0131nda piyasaya s\u00fcr\u00fcld\u00fc.<\/p>\n<p style=\"text-align: center;\">Bu Yeezy 380, geleneksel yan \u015feritten yoksun olarak Blue Oat Primeknit \u00fcst ile birlikte geliyor. Geli\u015ftirilmi\u015f yar\u0131 saydam Boost yast\u0131kl\u0131 taban ve kau\u00e7uk d\u0131\u015f taban tasar\u0131m\u0131 tamaml\u0131yor. Temmuz 2020\u2019de piyasaya s\u00fcr\u00fclen bu model 230 dolar fiyat etiketiyle vitrinlerdeki yerini ald\u0131. Bu iddial\u0131 modeli stoklar yanmadan hemen sat\u0131n al.<\/p>\n<p style=\"text-align: center;\">\u00dcr\u00fcn hakk\u0131nda daha fazla bilgi almak ve \u00fcr\u00fcn\u00fcn g\u00fcncel global piyasa de\u011ferini takip etmek i\u00e7in <a href=\"https:\/\/stockx.com\/adidas-yeezy-boost-380-covellite\" target=\"_blank\" rel=\"noopener noreferrer\">StockX<\/a> adresini ziyaret edebilirsiniz.<\/p>\n","protected":false},"excerpt":{"rendered":"<p style=\"text-align: center;\">\u00dcr\u00fcn hakk\u0131nda daha fazla bilgi almak ve \u00fcr\u00fcn\u00fcn g\u00fcncel global piyasa de\u011ferini takip etmek i\u00e7in <a href=\"https:\/\/stockx.com\/adidas-yeezy-boost-380-covellite\" target=\"_blank\" rel=\"noopener noreferrer\">StockX<\/a> adresini ziyaret edebilirsiniz.<\/p>\n","protected":false},"featured_media":26294,"template":"","meta":{"_acf_changed":false},"product_brand":[1927,2127,2003,2126],"product_cat":[74,107,1573,71,1570,1569,72,1571],"product_tag":[1332],"class_list":{"0":"post-26270","1":"product","2":"type-product","3":"status-publish","4":"has-post-thumbnail","6":"product_brand-adidas","7":"product_brand-adidas-en","8":"product_brand-yeezy","9":"product_brand-yeezy-en","10":"product_cat-sneakers","11":"product_cat-107","12":"product_cat-380-en","13":"product_cat-adidas","14":"product_cat-adidas-en","15":"product_cat-sneakers-en","16":"product_cat-yeezy","17":"product_cat-yeezy-en","18":"product_tag-mavi","20":"first","21":"instock","22":"shipping-taxable","23":"purchasable","24":"product-type-variable"},"acf":[],"_links":{"self":[{"href":"https:\/\/sutore.com\/en\/wp-json\/wp\/v2\/product\/26270","targetHints":{"allow":["GET"]}}],"collection":[{"href":"https:\/\/sutore.com\/en\/wp-json\/wp\/v2\/product"}],"about":[{"href":"https:\/\/sutore.com\/en\/wp-json\/wp\/v2\/types\/product"}],"wp:featuredmedia":[{"embeddable":true,"href":"https:\/\/sutore.com\/en\/wp-json\/wp\/v2\/media\/26294"}],"wp:attachment":[{"href":"https:\/\/sutore.com\/en\/wp-json\/wp\/v2\/media?parent=26270"}],"wp:term":[{"taxonomy":"product_brand","embeddable":true,"href":"https:\/\/sutore.com\/en\/wp-json\/wp\/v2\/product_brand?post=26270"},{"taxonomy":"product_cat","embeddable":true,"href":"https:\/\/sutore.com\/en\/wp-json\/wp\/v2\/product_cat?post=26270"},{"taxonomy":"product_tag","embeddable":true,"href":"https:\/\/sutore.com\/en\/wp-json\/wp\/v2\/product_tag?post=26270"}],"curies":[{"name":"wp","href":"https:\/\/api.w.org\/{rel}","templated":true}]}}