{"id":275552,"date":"2024-11-03T04:06:17","date_gmt":"2024-11-03T01:06:17","guid":{"rendered":"https:\/\/sutore.com\/?post_type=product&#038;p=275552"},"modified":"2025-03-27T16:37:31","modified_gmt":"2025-03-27T13:37:31","slug":"alaia-ballet-flats-in-fishnet-silver","status":"publish","type":"product","link":"https:\/\/sutore.com\/en\/product\/alaia-ballet-flats-in-fishnet-silver\/","title":{"rendered":"Alaia Ballet Flats In Fishnet Silver"},"content":{"rendered":"<p style=\"text-align: center;\">1964 y\u0131l\u0131nda Azzedine Ala\u00efa taraf\u0131ndan kurulan Ala\u00efa, Tunuslu yarat\u0131c\u0131s\u0131n\u0131n ruhuyla kad\u0131nl\u0131\u011f\u0131n g\u00fcc\u00fcn\u00fc ve g\u00fczelli\u011fin zamans\u0131zl\u0131\u011f\u0131n\u0131 kutlayan Parisli bir couture Maison&#8217;dur. Ala\u00efa, kad\u0131n bedenini duygusal ve heykelsi kreasyonlar, s\u00fcsl\u00fc kuma\u015flar ve aerodinamik sil\u00fcetlerle geli\u015ftirmi\u015ftir. \u0130mza niteli\u011findeki elbiseleri ve kreasyonlar\u0131, yenilik\u00e7i malzemelerden ve efsanevi \u00f6rg\u00fclerden ak\u0131\u015fkanl\u0131kla \u015fekillendirilmi\u015ftir.<\/p>\n","protected":false},"excerpt":{"rendered":"<p style=\"text-align: center;\">1964 y\u0131l\u0131nda Azzedine Ala\u00efa taraf\u0131ndan kurulan Ala\u00efa, Tunuslu yarat\u0131c\u0131s\u0131n\u0131n ruhuyla kad\u0131nl\u0131\u011f\u0131n g\u00fcc\u00fcn\u00fc ve g\u00fczelli\u011fin zamans\u0131zl\u0131\u011f\u0131n\u0131 kutlayan Parisli bir couture Maison&#8217;dur. Ala\u00efa, kad\u0131n bedenini duygusal ve heykelsi kreasyonlar, s\u00fcsl\u00fc kuma\u015flar ve aerodinamik sil\u00fcetlerle geli\u015ftirmi\u015ftir. \u0130mza niteli\u011findeki elbiseleri ve kreasyonlar\u0131, yenilik\u00e7i malzemelerden ve efsanevi \u00f6rg\u00fclerden ak\u0131\u015fkanl\u0131kla \u015fekillendirilmi\u015ftir.<\/p>\n","protected":false},"featured_media":275553,"template":"","meta":{"_acf_changed":false},"product_brand":[1961,2031],"product_cat":[2158,2182,74,1569],"product_tag":[1334],"class_list":{"0":"post-275552","1":"product","2":"type-product","3":"status-publish","4":"has-post-thumbnail","6":"product_brand-alaia","7":"product_brand-alaia-en","8":"product_cat-others","9":"product_cat-others-en","10":"product_cat-sneakers","11":"product_cat-sneakers-en","12":"product_tag-gri","14":"first","15":"outofstock","16":"shipping-taxable","17":"purchasable","18":"product-type-variable"},"acf":[],"_links":{"self":[{"href":"https:\/\/sutore.com\/en\/wp-json\/wp\/v2\/product\/275552","targetHints":{"allow":["GET"]}}],"collection":[{"href":"https:\/\/sutore.com\/en\/wp-json\/wp\/v2\/product"}],"about":[{"href":"https:\/\/sutore.com\/en\/wp-json\/wp\/v2\/types\/product"}],"wp:featuredmedia":[{"embeddable":true,"href":"https:\/\/sutore.com\/en\/wp-json\/wp\/v2\/media\/275553"}],"wp:attachment":[{"href":"https:\/\/sutore.com\/en\/wp-json\/wp\/v2\/media?parent=275552"}],"wp:term":[{"taxonomy":"product_brand","embeddable":true,"href":"https:\/\/sutore.com\/en\/wp-json\/wp\/v2\/product_brand?post=275552"},{"taxonomy":"product_cat","embeddable":true,"href":"https:\/\/sutore.com\/en\/wp-json\/wp\/v2\/product_cat?post=275552"},{"taxonomy":"product_tag","embeddable":true,"href":"https:\/\/sutore.com\/en\/wp-json\/wp\/v2\/product_tag?post=275552"}],"curies":[{"name":"wp","href":"https:\/\/api.w.org\/{rel}","templated":true}]}}