{"id":2773,"date":"2019-07-20T14:23:34","date_gmt":"2019-07-20T11:23:34","guid":{"rendered":"http:\/\/sutore.com\/product\/import-placeholder-for-5365\/"},"modified":"2026-04-03T20:35:49","modified_gmt":"2026-04-03T17:35:49","slug":"nike-air-jordan-1-retro-low-og-sp-travis-scott","status":"publish","type":"product","link":"https:\/\/sutore.com\/en\/product\/nike-air-jordan-1-retro-low-og-sp-travis-scott\/","title":{"rendered":"Nike Air Jordan 1 Retro Low OG SP Travis Scott"},"content":{"rendered":"<p style=\"text-align: center\">Nike ve Travis Scott, \u015fimdi sutore\u2019de bulunan Nike Air Jordan 1 Retro Low OG SP Travis Scott ile \u00f6nceki i\u015f birliklerinin ba\u015far\u0131s\u0131n\u0131 s\u00fcrd\u00fcr\u00fcyor. Travis, Astroworld Turnesi&#8217;ndeyken bu ayakkab\u0131n\u0131n piyasaya s\u00fcr\u00fclmesiyle dalga ge\u00e7ti ve hem m\u00fczi\u011finin hem de Jordan Brand&#8217;in hayranlar\u0131n\u0131 tek bir soruyla b\u0131rakt\u0131: Bu ayakkab\u0131lar ne zaman piyasaya \u00e7\u0131k\u0131yor?<\/p>\n<p style=\"text-align: center\">Bu Jordan 1, koyu kahverengi kaplamalar\u0131 olan siyah deri bir \u00fcst i\u00e7eriyor. Yandaki geriye do\u011fru uzanan Nike logosu, Kakt\u00fcs Jack amblemleri ve koyu kahverengi d\u0131\u015f taban tasar\u0131m\u0131 tamaml\u0131yor. Temmuz 2019&#8217;da piyasaya s\u00fcr\u00fclen bu model 130 dolar fiyat etiketiyle vitrinlerdeki yerini ald\u0131. Bu etkileyici modeli stoklar kurumadan hemen sat\u0131n al.<\/p>\n<p style=\"text-align: center\">\u00dcr\u00fcn hakk\u0131nda daha fazla bilgi almak ve \u00fcr\u00fcn\u00fcn g\u00fcncel global piyasa de\u011ferini takip etmek i\u00e7in <a href=\"https:\/\/stockx.com\/air-jordan-1-retro-low-travis-scott\" target=\"_blank\" rel=\"noopener noreferrer\">StockX<\/a> adresini ziyaret edebilirsiniz.<\/p>\n","protected":false},"excerpt":{"rendered":"<p style=\"text-align: center\">Nike ve Travis Scott, \u015fimdi sutore\u2019de bulunan Nike Air Jordan 1 Retro Low OG SP Travis Scott ile \u00f6nceki i\u015f birliklerinin ba\u015far\u0131s\u0131n\u0131 s\u00fcrd\u00fcr\u00fcyor. Travis, Astroworld Turnesi&#8217;ndeyken bu ayakkab\u0131n\u0131n piyasaya s\u00fcr\u00fclmesiyle dalga ge\u00e7ti ve hem m\u00fczi\u011finin hem de Jordan Brand&#8217;in hayranlar\u0131n\u0131 tek bir soruyla b\u0131rakt\u0131: Bu ayakkab\u0131lar ne zaman piyasaya \u00e7\u0131k\u0131yor?<\/p>\n<p>&nbsp;<\/p>\n<p style=\"text-align: center\">Bu Jordan 1, koyu kahverengi kaplamalar\u0131 olan siyah deri bir \u00fcst i\u00e7eriyor. Yandaki geriye do\u011fru uzanan Nike logosu, Kakt\u00fcs Jack amblemleri ve koyu kahverengi d\u0131\u015f taban tasar\u0131m\u0131 tamaml\u0131yor. Temmuz 2019&#8217;da piyasaya s\u00fcr\u00fclen bu model 130 dolar fiyat etiketiyle vitrinlerdeki yerini ald\u0131. Bu etkileyici modeli stoklar kurumadan hemen sat\u0131n al.<\/p>\n<p>&nbsp;<\/p>\n<p style=\"text-align: center\">\u00dcr\u00fcn hakk\u0131nda daha fazla bilgi almak ve \u00fcr\u00fcn\u00fcn g\u00fcncel global piyasa de\u011ferini takip etmek i\u00e7in <a href=\"https:\/\/stockx.com\/air-jordan-1-retro-low-travis-scott\" target=\"_blank\" rel=\"noopener noreferrer\">StockX<\/a> adresini ziyaret edebilirsiniz.<\/p>\n","protected":false},"featured_media":2783,"template":"","meta":{"_acf_changed":false},"product_brand":[2019,2041,1928,2087,2008,2117],"product_cat":[74,96,1577,943,1579,1569],"product_tag":[1338],"class_list":{"0":"post-2773","1":"product","2":"type-product","3":"status-publish","4":"has-post-thumbnail","6":"product_brand-air-jordan","7":"product_brand-air-jordan-en","8":"product_brand-nike","9":"product_brand-nike-en","10":"product_brand-travis-scott","11":"product_brand-travis-scott-en","12":"product_cat-sneakers","13":"product_cat-air-jordan","14":"product_cat-air-jordan-en","15":"product_cat-low","16":"product_cat-low-en","17":"product_cat-sneakers-en","18":"product_tag-kahverengi","20":"first","21":"instock","22":"shipping-taxable","23":"purchasable","24":"product-type-variable"},"acf":[],"_links":{"self":[{"href":"https:\/\/sutore.com\/en\/wp-json\/wp\/v2\/product\/2773","targetHints":{"allow":["GET"]}}],"collection":[{"href":"https:\/\/sutore.com\/en\/wp-json\/wp\/v2\/product"}],"about":[{"href":"https:\/\/sutore.com\/en\/wp-json\/wp\/v2\/types\/product"}],"wp:featuredmedia":[{"embeddable":true,"href":"https:\/\/sutore.com\/en\/wp-json\/wp\/v2\/media\/2783"}],"wp:attachment":[{"href":"https:\/\/sutore.com\/en\/wp-json\/wp\/v2\/media?parent=2773"}],"wp:term":[{"taxonomy":"product_brand","embeddable":true,"href":"https:\/\/sutore.com\/en\/wp-json\/wp\/v2\/product_brand?post=2773"},{"taxonomy":"product_cat","embeddable":true,"href":"https:\/\/sutore.com\/en\/wp-json\/wp\/v2\/product_cat?post=2773"},{"taxonomy":"product_tag","embeddable":true,"href":"https:\/\/sutore.com\/en\/wp-json\/wp\/v2\/product_tag?post=2773"}],"curies":[{"name":"wp","href":"https:\/\/api.w.org\/{rel}","templated":true}]}}