{"id":27988,"date":"2019-07-01T19:21:26","date_gmt":"2019-07-01T16:21:26","guid":{"rendered":"https:\/\/sutore.com\/?post_type=product&#038;p=27988"},"modified":"2026-04-02T18:11:28","modified_gmt":"2026-04-02T15:11:28","slug":"nike-air-max-95-white-pure-platinum","status":"publish","type":"product","link":"https:\/\/sutore.com\/en\/product\/nike-air-max-95-white-pure-platinum\/","title":{"rendered":"Nike Air Max 95 White Pure Platinum"},"content":{"rendered":"<p style=\"text-align: center;\">Nike Ailesi, \u015fimdi sutore&#8217;de bulunan Nike Air Max 97 Shanghai Kaleidoscope ile Air Max 97 serisine yeni bir renk grubu ekliyor. \u015eangay&#8217;\u0131n derinlerinden gelen bu modelle t\u00fcm nefret edenleri sapt\u0131r\u0131n!<\/p>\n<p>&nbsp;<\/p>\n<p style=\"text-align: center;\">Bu Air Max 97, beyaz aksanl\u0131 mavi bir \u00fcst i\u00e7eriyor. Beyaz orta taban, yar\u0131 saydam Air Max \u00fcnitesi ve beyaz d\u0131\u015f taban tasar\u0131m\u0131 tamaml\u0131yor. Nisan 2019\u2019da piyasaya s\u00fcr\u00fclen bu model 200 dolar fiyat etiketiyle vitrinlerdeki yerini ald\u0131. Bu i\u00e7 a\u00e7\u0131c\u0131 g\u00fczellikteki modeli stoklar so\u011fumadan hemen sat\u0131n al.<\/p>\n<p>&nbsp;<\/p>\n<p style=\"text-align: center;\">\u00dcr\u00fcn hakk\u0131nda daha fazla bilgi almak ve \u00fcr\u00fcn\u00fcn g\u00fcncel global piyasa de\u011ferini takip etmek i\u00e7in\u00a0<a href=\"https:\/\/stockx.com\/nike-air-max-95-white-pure-platinum\" target=\"_blank\" rel=\"noopener noreferrer\">StockX<\/a>\u00a0adresini ziyaret edebilirsiniz.<\/p>\n","protected":false},"excerpt":{"rendered":"<p style=\"text-align: center;\">\u00dcr\u00fcn hakk\u0131nda daha fazla bilgi almak ve \u00fcr\u00fcn\u00fcn g\u00fcncel global piyasa de\u011ferini takip etmek i\u00e7in\u00a0<a href=\"https:\/\/stockx.com\/nike-air-max-95-white-pure-platinum\" target=\"_blank\" rel=\"noopener noreferrer\">StockX<\/a>\u00a0adresini ziyaret edebilirsiniz.<\/p>\n","protected":false},"featured_media":28012,"template":"","meta":{"_acf_changed":false},"product_brand":[2087,1928],"product_cat":[74,1584,99,1582,98,1569],"product_tag":[1328],"class_list":{"0":"post-27988","1":"product","2":"type-product","3":"status-publish","4":"has-post-thumbnail","6":"product_brand-nike-en","7":"product_brand-nike","8":"product_cat-sneakers","9":"product_cat-air-max-en","10":"product_cat-air-max","11":"product_cat-nike-en","12":"product_cat-nike","13":"product_cat-sneakers-en","14":"product_tag-beyaz","16":"first","17":"instock","18":"shipping-taxable","19":"purchasable","20":"product-type-variable"},"acf":[],"_links":{"self":[{"href":"https:\/\/sutore.com\/en\/wp-json\/wp\/v2\/product\/27988","targetHints":{"allow":["GET"]}}],"collection":[{"href":"https:\/\/sutore.com\/en\/wp-json\/wp\/v2\/product"}],"about":[{"href":"https:\/\/sutore.com\/en\/wp-json\/wp\/v2\/types\/product"}],"wp:featuredmedia":[{"embeddable":true,"href":"https:\/\/sutore.com\/en\/wp-json\/wp\/v2\/media\/28012"}],"wp:attachment":[{"href":"https:\/\/sutore.com\/en\/wp-json\/wp\/v2\/media?parent=27988"}],"wp:term":[{"taxonomy":"product_brand","embeddable":true,"href":"https:\/\/sutore.com\/en\/wp-json\/wp\/v2\/product_brand?post=27988"},{"taxonomy":"product_cat","embeddable":true,"href":"https:\/\/sutore.com\/en\/wp-json\/wp\/v2\/product_cat?post=27988"},{"taxonomy":"product_tag","embeddable":true,"href":"https:\/\/sutore.com\/en\/wp-json\/wp\/v2\/product_tag?post=27988"}],"curies":[{"name":"wp","href":"https:\/\/api.w.org\/{rel}","templated":true}]}}