{"id":28125,"date":"2021-05-15T03:21:12","date_gmt":"2021-05-15T00:21:12","guid":{"rendered":"https:\/\/sutore.com\/?post_type=product&#038;p=28125"},"modified":"2026-03-27T16:22:32","modified_gmt":"2026-03-27T13:22:32","slug":"nike-sb-dunk-high-tv-signal","status":"publish","type":"product","link":"https:\/\/sutore.com\/en\/product\/nike-sb-dunk-high-tv-signal\/","title":{"rendered":"Nike SB Dunk High TV Signal"},"content":{"rendered":"<p style=\"text-align: center;\">Nike Ailesi, \u015fimdi sutore&#8217;de bulunan Nike SB Dunk Low Pro Blue Fury ile 2000&#8217;lerin ba\u015f\u0131ndaki titre\u015fimleri geri getiriyor. Bu renk grubu, geleneksel Hypnotiq markas\u0131n\u0131 an\u0131msat\u0131rken elektriklenme hissettiriyor.<\/p>\n<p style=\"text-align: center;\">Bu SB Dunk s\u00fcet kaplamalar\u0131yla birlikte mavi deri bir \u00fcst i\u00e7eriyor. Beyaz orta taban, koyu mavi Nike logosu ve buzlu yar\u0131 saydam d\u0131\u015f taban tasar\u0131m\u0131 tamaml\u0131yor. Nisan 2020\u2019de piyasaya s\u00fcr\u00fclen bu model 100 dolar fiyat etiketiyle vitrinlerdeki yerini ald\u0131. \u0130\u00e7 a\u00e7\u0131c\u0131 bu modeli stoklar erimeden hemen sat\u0131n al.<\/p>\n<p style=\"text-align: center;\">\u00dcr\u00fcn hakk\u0131nda daha fazla bilgi almak ve \u00fcr\u00fcn\u00fcn g\u00fcncel global piyasa de\u011ferini takip etmek i\u00e7in <a href=\"https:\/\/stockx.com\/nike-sb-dunk-high-tv-signal\" target=\"_blank\" rel=\"noopener noreferrer\">StockX<\/a> adresini ziyaret edebilirsiniz.<\/p>\n","protected":false},"excerpt":{"rendered":"<p style=\"text-align: center;\">\u00dcr\u00fcn hakk\u0131nda daha fazla bilgi almak ve \u00fcr\u00fcn\u00fcn g\u00fcncel global piyasa de\u011ferini takip etmek i\u00e7in <a href=\"https:\/\/stockx.com\/nike-sb-dunk-high-tv-signal\" target=\"_blank\" rel=\"noopener noreferrer\">StockX<\/a> adresini ziyaret edebilirsiniz.<\/p>\n","protected":false},"featured_media":28149,"template":"","meta":{"_acf_changed":false},"product_brand":[2087,1928],"product_cat":[74,1585,100,1582,98,1569],"product_tag":[1336],"class_list":{"0":"post-28125","1":"product","2":"type-product","3":"status-publish","4":"has-post-thumbnail","6":"product_brand-nike-en","7":"product_brand-nike","8":"product_cat-sneakers","9":"product_cat-dunk-en","10":"product_cat-dunk","11":"product_cat-nike-en","12":"product_cat-nike","13":"product_cat-sneakers-en","14":"product_tag-cok-renk","16":"first","17":"instock","18":"shipping-taxable","19":"purchasable","20":"product-type-variable"},"acf":[],"_links":{"self":[{"href":"https:\/\/sutore.com\/en\/wp-json\/wp\/v2\/product\/28125","targetHints":{"allow":["GET"]}}],"collection":[{"href":"https:\/\/sutore.com\/en\/wp-json\/wp\/v2\/product"}],"about":[{"href":"https:\/\/sutore.com\/en\/wp-json\/wp\/v2\/types\/product"}],"wp:featuredmedia":[{"embeddable":true,"href":"https:\/\/sutore.com\/en\/wp-json\/wp\/v2\/media\/28149"}],"wp:attachment":[{"href":"https:\/\/sutore.com\/en\/wp-json\/wp\/v2\/media?parent=28125"}],"wp:term":[{"taxonomy":"product_brand","embeddable":true,"href":"https:\/\/sutore.com\/en\/wp-json\/wp\/v2\/product_brand?post=28125"},{"taxonomy":"product_cat","embeddable":true,"href":"https:\/\/sutore.com\/en\/wp-json\/wp\/v2\/product_cat?post=28125"},{"taxonomy":"product_tag","embeddable":true,"href":"https:\/\/sutore.com\/en\/wp-json\/wp\/v2\/product_tag?post=28125"}],"curies":[{"name":"wp","href":"https:\/\/api.w.org\/{rel}","templated":true}]}}