{"id":284121,"date":"2024-09-28T07:47:25","date_gmt":"2024-09-28T04:47:25","guid":{"rendered":"https:\/\/sutore.com\/?post_type=product&#038;p=284121"},"modified":"2026-03-21T11:14:13","modified_gmt":"2026-03-21T08:14:13","slug":"nike-air-jordan-1-retro-low-og-sp-travis-scott-medium-olive-td","status":"publish","type":"product","link":"https:\/\/sutore.com\/en\/product\/nike-air-jordan-1-retro-low-og-sp-travis-scott-medium-olive-td\/","title":{"rendered":"Nike Air Jordan 1 Retro Low OG SP Travis Scott Medium Olive (TD)"},"content":{"rendered":"<p style=\"text-align: center;\">Nike Air Jordan 1 Retro Low OG SP Travis Scott Medium Olive (TD) \u00e7ocuk ayakkab\u0131s\u0131, Medium Olive deri \u00fcst k\u0131sm\u0131 ve Sail detaylar\u0131yla \u00f6ne \u00e7\u0131kar. Siyah ters Swoosh logosu ve k\u0131rm\u0131z\u0131 Nike, Travis Scott, Jordan Wings logolar\u0131, dil ve topukta dikkat \u00e7eker. Muslin orta taban ve Medium Olive d\u0131\u015f taban tamamlar. Air-Jordan efsanesini ve Travis Scott&#8217;un benzersiz tarz\u0131n\u0131 bulu\u015fturan bu s\u0131n\u0131rl\u0131 \u00fcretim sneaker, yuvarlak burun yap\u0131s\u0131 ve havaland\u0131rma delikleriyle \u00f6ne \u00e7\u0131k\u0131yor. 28 Eyl\u00fcl 2024&#8217;te piyasaya \u00e7\u0131kan bu Nike modeli, ikonik stil sevenlerin favorisi olacak.<\/p>\n","protected":false},"excerpt":{"rendered":"<p style=\"text-align: center;\">Nike Air Jordan 1 Retro Low OG SP Travis Scott Medium Olive (TD) \u00e7ocuk ayakkab\u0131s\u0131, Medium Olive deri \u00fcst k\u0131sm\u0131 ve Sail detaylar\u0131yla \u00f6ne \u00e7\u0131kar. Siyah ters Swoosh logosu ve k\u0131rm\u0131z\u0131 Nike, Travis Scott, Jordan Wings logolar\u0131, dil ve topukta dikkat \u00e7eker. Muslin orta taban ve Medium Olive d\u0131\u015f taban tamamlar. Air-Jordan efsanesini ve Travis Scott&#8217;un benzersiz tarz\u0131n\u0131 bulu\u015fturan bu s\u0131n\u0131rl\u0131 \u00fcretim sneaker, yuvarlak burun yap\u0131s\u0131 ve havaland\u0131rma delikleriyle \u00f6ne \u00e7\u0131k\u0131yor. 28 Eyl\u00fcl 2024&#8217;te piyasaya \u00e7\u0131kan bu Nike modeli, ikonik stil sevenlerin favorisi olacak.<\/p>\n","protected":false},"featured_media":284149,"template":"","meta":{"_acf_changed":false},"product_brand":[2019,2041,1928,2087,2008,2117],"product_cat":[96,1577,943,1579,74,1569],"product_tag":[1331],"class_list":{"0":"post-284121","1":"product","2":"type-product","3":"status-publish","4":"has-post-thumbnail","6":"product_brand-air-jordan","7":"product_brand-air-jordan-en","8":"product_brand-nike","9":"product_brand-nike-en","10":"product_brand-travis-scott","11":"product_brand-travis-scott-en","12":"product_cat-air-jordan","13":"product_cat-air-jordan-en","14":"product_cat-low","15":"product_cat-low-en","16":"product_cat-sneakers","17":"product_cat-sneakers-en","18":"product_tag-yesil","20":"first","21":"instock","22":"shipping-taxable","23":"purchasable","24":"product-type-variable"},"acf":[],"_links":{"self":[{"href":"https:\/\/sutore.com\/en\/wp-json\/wp\/v2\/product\/284121","targetHints":{"allow":["GET"]}}],"collection":[{"href":"https:\/\/sutore.com\/en\/wp-json\/wp\/v2\/product"}],"about":[{"href":"https:\/\/sutore.com\/en\/wp-json\/wp\/v2\/types\/product"}],"wp:featuredmedia":[{"embeddable":true,"href":"https:\/\/sutore.com\/en\/wp-json\/wp\/v2\/media\/284149"}],"wp:attachment":[{"href":"https:\/\/sutore.com\/en\/wp-json\/wp\/v2\/media?parent=284121"}],"wp:term":[{"taxonomy":"product_brand","embeddable":true,"href":"https:\/\/sutore.com\/en\/wp-json\/wp\/v2\/product_brand?post=284121"},{"taxonomy":"product_cat","embeddable":true,"href":"https:\/\/sutore.com\/en\/wp-json\/wp\/v2\/product_cat?post=284121"},{"taxonomy":"product_tag","embeddable":true,"href":"https:\/\/sutore.com\/en\/wp-json\/wp\/v2\/product_tag?post=284121"}],"curies":[{"name":"wp","href":"https:\/\/api.w.org\/{rel}","templated":true}]}}