{"id":284122,"date":"2021-08-02T07:47:25","date_gmt":"2021-08-02T04:47:25","guid":{"rendered":"https:\/\/sutore.com\/?post_type=product&#038;p=284122"},"modified":"2026-04-02T18:03:00","modified_gmt":"2026-04-02T15:03:00","slug":"nike-dunk-low-off-white-lot-50","status":"publish","type":"product","link":"https:\/\/sutore.com\/en\/product\/nike-dunk-low-off-white-lot-50\/","title":{"rendered":"Nike Dunk Low Off-White Lot 50"},"content":{"rendered":"<p style=\"text-align: center;\">Nike Dunk Low Off-White Lot 50, siyah kanvas \u00fcst k\u0131s\u0131m ve p\u00fcr\u00fczs\u00fcz siyah deri kaplamalar\u0131yla dikkat \u00e7ekerken, g\u00fcm\u00fc\u015f Swoosh detaylar\u0131 ile tamamlan\u0131yor. Mor &#8220;Lot 50 of 50&#8221; plaketi bulunan siyah tabanlar ve mor detaylar tasar\u0131m\u0131 \u00f6ne \u00e7\u0131kar\u0131yor. 2021 A\u011fustos&#8217;ta \u00e7\u0131kan bu benzersiz model, Nike&#8217;\u0131n Dunk serisi ve Off-White i\u015f birli\u011finin m\u00fckemmel bir \u00f6rne\u011fi.<\/p>\n","protected":false},"excerpt":{"rendered":"<p style=\"text-align: center;\">Nike Dunk Low Off-White Lot 50, siyah kanvas \u00fcst k\u0131s\u0131m ve p\u00fcr\u00fczs\u00fcz siyah deri kaplamalar\u0131yla dikkat \u00e7ekerken, g\u00fcm\u00fc\u015f Swoosh detaylar\u0131 ile tamamlan\u0131yor. Mor &#8220;Lot 50 of 50&#8221; plaketi bulunan siyah tabanlar ve mor detaylar tasar\u0131m\u0131 \u00f6ne \u00e7\u0131kar\u0131yor. 2021 A\u011fustos&#8217;ta \u00e7\u0131kan bu benzersiz model, Nike&#8217;\u0131n Dunk serisi ve Off-White i\u015f birli\u011finin m\u00fckemmel bir \u00f6rne\u011fi.<\/p>\n","protected":false},"featured_media":284141,"template":"","meta":{"_acf_changed":false},"product_brand":[1928,2087,1984,2088],"product_cat":[100,1585,98,1582,74,1569],"product_tag":[1327],"class_list":{"0":"post-284122","1":"product","2":"type-product","3":"status-publish","4":"has-post-thumbnail","6":"product_brand-nike","7":"product_brand-nike-en","8":"product_brand-off-white","9":"product_brand-off-white-en","10":"product_cat-dunk","11":"product_cat-dunk-en","12":"product_cat-nike","13":"product_cat-nike-en","14":"product_cat-sneakers","15":"product_cat-sneakers-en","16":"product_tag-siyah","18":"first","19":"instock","20":"shipping-taxable","21":"purchasable","22":"product-type-variable"},"acf":[],"_links":{"self":[{"href":"https:\/\/sutore.com\/en\/wp-json\/wp\/v2\/product\/284122","targetHints":{"allow":["GET"]}}],"collection":[{"href":"https:\/\/sutore.com\/en\/wp-json\/wp\/v2\/product"}],"about":[{"href":"https:\/\/sutore.com\/en\/wp-json\/wp\/v2\/types\/product"}],"wp:featuredmedia":[{"embeddable":true,"href":"https:\/\/sutore.com\/en\/wp-json\/wp\/v2\/media\/284141"}],"wp:attachment":[{"href":"https:\/\/sutore.com\/en\/wp-json\/wp\/v2\/media?parent=284122"}],"wp:term":[{"taxonomy":"product_brand","embeddable":true,"href":"https:\/\/sutore.com\/en\/wp-json\/wp\/v2\/product_brand?post=284122"},{"taxonomy":"product_cat","embeddable":true,"href":"https:\/\/sutore.com\/en\/wp-json\/wp\/v2\/product_cat?post=284122"},{"taxonomy":"product_tag","embeddable":true,"href":"https:\/\/sutore.com\/en\/wp-json\/wp\/v2\/product_tag?post=284122"}],"curies":[{"name":"wp","href":"https:\/\/api.w.org\/{rel}","templated":true}]}}