{"id":284189,"date":"2024-10-18T08:55:17","date_gmt":"2024-10-18T05:55:17","guid":{"rendered":"https:\/\/sutore.com\/?post_type=product&#038;p=284189"},"modified":"2025-05-07T21:43:43","modified_gmt":"2025-05-07T18:43:43","slug":"stussy-hypnos-tee-white","status":"publish","type":"product","link":"https:\/\/sutore.com\/en\/product\/stussy-hypnos-tee-white\/","title":{"rendered":"Stussy Hypnos Tee White"},"content":{"rendered":"<p style=\"text-align: center;\">Stussy Hypnos Tee White, y\u00fcksek kaliteli kuma\u015f\u0131 ve retro tarz\u0131yla dikkat \u00e7eken bir \u00fcr\u00fcnd\u00fcr. Beyaz rengiyle her kombine uyum sa\u011flar. Bu ti\u015f\u00f6rt, g\u00fcnl\u00fck stilinizi tamamlayacak rahat ve \u015f\u0131k bir se\u00e7imdir. Stussy&#8217;nin ikonik Hypnos bask\u0131s\u0131 ile tarz\u0131n\u0131za yenilik kat\u0131n. Hem sokak modas\u0131 severler hem de moday\u0131 yak\u0131ndan takip edenler i\u00e7in ideal bir \u00fcr\u00fcnd\u00fcr. Pamuklu yap\u0131s\u0131 ile konfor sunar. Stussy Hypnos Tee White ile stilinizde fark yarat\u0131n ve kaliteli bir g\u00f6r\u00fcn\u00fcm elde edin.<\/p>\n","protected":false},"excerpt":{"rendered":"<p style=\"text-align: center;\">Stussy Hypnos Tee White, y\u00fcksek kaliteli kuma\u015f\u0131 ve retro tarz\u0131yla dikkat \u00e7eken bir \u00fcr\u00fcnd\u00fcr. Beyaz rengiyle her kombine uyum sa\u011flar. Bu ti\u015f\u00f6rt, g\u00fcnl\u00fck stilinizi tamamlayacak rahat ve \u015f\u0131k bir se\u00e7imdir. Stussy&#8217;nin ikonik Hypnos bask\u0131s\u0131 ile tarz\u0131n\u0131za yenilik kat\u0131n. Hem sokak modas\u0131 severler hem de moday\u0131 yak\u0131ndan takip edenler i\u00e7in ideal bir \u00fcr\u00fcnd\u00fcr. Pamuklu yap\u0131s\u0131 ile konfor sunar. Stussy Hypnos Tee White ile stilinizde fark yarat\u0131n ve kaliteli bir g\u00f6r\u00fcn\u00fcm elde edin.<\/p>\n","protected":false},"featured_media":284213,"template":"","meta":{"_acf_changed":false},"product_brand":[1983,2111],"product_cat":[1564,714,2179,2155],"product_tag":[1328],"class_list":{"0":"post-284189","1":"product","2":"type-product","3":"status-publish","4":"has-post-thumbnail","6":"product_brand-stussy","7":"product_brand-stussy-en","8":"product_cat-apparels-en","9":"product_cat-apparels","10":"product_cat-tops-en","11":"product_cat-tops","12":"product_tag-beyaz","14":"first","15":"outofstock","16":"shipping-taxable","17":"product-type-variable"},"acf":[],"_links":{"self":[{"href":"https:\/\/sutore.com\/en\/wp-json\/wp\/v2\/product\/284189","targetHints":{"allow":["GET"]}}],"collection":[{"href":"https:\/\/sutore.com\/en\/wp-json\/wp\/v2\/product"}],"about":[{"href":"https:\/\/sutore.com\/en\/wp-json\/wp\/v2\/types\/product"}],"wp:featuredmedia":[{"embeddable":true,"href":"https:\/\/sutore.com\/en\/wp-json\/wp\/v2\/media\/284213"}],"wp:attachment":[{"href":"https:\/\/sutore.com\/en\/wp-json\/wp\/v2\/media?parent=284189"}],"wp:term":[{"taxonomy":"product_brand","embeddable":true,"href":"https:\/\/sutore.com\/en\/wp-json\/wp\/v2\/product_brand?post=284189"},{"taxonomy":"product_cat","embeddable":true,"href":"https:\/\/sutore.com\/en\/wp-json\/wp\/v2\/product_cat?post=284189"},{"taxonomy":"product_tag","embeddable":true,"href":"https:\/\/sutore.com\/en\/wp-json\/wp\/v2\/product_tag?post=284189"}],"curies":[{"name":"wp","href":"https:\/\/api.w.org\/{rel}","templated":true}]}}