{"id":284680,"date":"2024-12-06T06:03:18","date_gmt":"2024-12-06T03:03:18","guid":{"rendered":"https:\/\/sutore.com\/?post_type=product&#038;p=284680"},"modified":"2026-04-04T05:07:39","modified_gmt":"2026-04-04T02:07:39","slug":"ugg-tasman-slipper-palace-chestnut-camo","status":"publish","type":"product","link":"https:\/\/sutore.com\/en\/product\/ugg-tasman-slipper-palace-chestnut-camo\/","title":{"rendered":"UGG Tasman Slipper Palace Chestnut Camo"},"content":{"rendered":"<p style=\"text-align: center;\">UGG Tasman Slipper Palace Chestnut Camo, konfor ve stilin m\u00fckemmel birle\u015fimini sunar. Bu \u015f\u0131k terlik, s\u0131cakl\u0131\u011f\u0131 ve rahatl\u0131\u011f\u0131yla \u00f6ne \u00e7\u0131kan ugg ailesinin bir par\u00e7as\u0131d\u0131r.<\/p>\n","protected":false},"excerpt":{"rendered":"<p style=\"text-align: center;\">UGG Tasman Slipper Palace Chestnut Camo, konfor ve stilin m\u00fckemmel birle\u015fimini sunar. Bu \u015f\u0131k terlik, s\u0131cakl\u0131\u011f\u0131 ve rahatl\u0131\u011f\u0131yla \u00f6ne \u00e7\u0131kan ugg ailesinin bir par\u00e7as\u0131d\u0131r.<\/p>\n","protected":false},"featured_media":284694,"template":"","meta":{"_acf_changed":false},"product_brand":[2092,1988,1989,2118],"product_cat":[74,1569,2185,2191,1797,1798],"product_tag":[1338],"class_list":{"0":"post-284680","1":"product","2":"type-product","3":"status-publish","4":"has-post-thumbnail","6":"product_brand-palace-en","7":"product_brand-palace","8":"product_brand-ugg","9":"product_brand-ugg-en","10":"product_cat-sneakers","11":"product_cat-sneakers-en","12":"product_cat-tasman","13":"product_cat-tasman-en","14":"product_cat-ugg","15":"product_cat-ugg-en","16":"product_tag-kahverengi","18":"first","19":"outofstock","20":"shipping-taxable","21":"purchasable","22":"product-type-variable"},"acf":[],"_links":{"self":[{"href":"https:\/\/sutore.com\/en\/wp-json\/wp\/v2\/product\/284680","targetHints":{"allow":["GET"]}}],"collection":[{"href":"https:\/\/sutore.com\/en\/wp-json\/wp\/v2\/product"}],"about":[{"href":"https:\/\/sutore.com\/en\/wp-json\/wp\/v2\/types\/product"}],"wp:featuredmedia":[{"embeddable":true,"href":"https:\/\/sutore.com\/en\/wp-json\/wp\/v2\/media\/284694"}],"wp:attachment":[{"href":"https:\/\/sutore.com\/en\/wp-json\/wp\/v2\/media?parent=284680"}],"wp:term":[{"taxonomy":"product_brand","embeddable":true,"href":"https:\/\/sutore.com\/en\/wp-json\/wp\/v2\/product_brand?post=284680"},{"taxonomy":"product_cat","embeddable":true,"href":"https:\/\/sutore.com\/en\/wp-json\/wp\/v2\/product_cat?post=284680"},{"taxonomy":"product_tag","embeddable":true,"href":"https:\/\/sutore.com\/en\/wp-json\/wp\/v2\/product_tag?post=284680"}],"curies":[{"name":"wp","href":"https:\/\/api.w.org\/{rel}","templated":true}]}}