{"id":284707,"date":"2024-05-30T07:19:10","date_gmt":"2024-05-30T04:19:10","guid":{"rendered":"https:\/\/sutore.com\/?post_type=product&#038;p=284707"},"modified":"2026-04-02T17:16:08","modified_gmt":"2026-04-02T14:16:08","slug":"adidas-gazelle-indoor-better-scarlet","status":"publish","type":"product","link":"https:\/\/sutore.com\/en\/product\/adidas-gazelle-indoor-better-scarlet\/","title":{"rendered":"adidas Gazelle Indoor Better Scarlet"},"content":{"rendered":"<p style=\"text-align: center;\">adidas Gazelle Indoor Better Scarlet, ikonik Gazelle siluetini modern bir dokunu\u015fla yeniden tasarl\u0131yor. Better Scarlet renginin Cloud White detaylar\u0131 ile birle\u015fimi, bu spor ayakkab\u0131y\u0131 nostaljik ve sportif bir stile b\u00fcr\u00fcnd\u00fcr\u00fcyor. S\u00fcet \u00fcst y\u00fczey, zengin bir renk katarken, beyaz deri 3-\u015eerit logosu ve topuk k\u0131sm\u0131 zamans\u0131z bir hava kat\u0131yor. Yar\u0131 \u015feffaf kau\u00e7uk d\u0131\u015f taban, adidas logosuyla \u00e7eki\u015f g\u00fcc\u00fc sunuyor. adidas Gazelle Indoor Better Scarlet, retro ve modern unsurlar\u0131 harmanlayarak \u015f\u0131k bir g\u00f6r\u00fcn\u00fcm sunuyor.<\/p>\n","protected":false},"excerpt":{"rendered":"<p style=\"text-align: center;\">adidas Gazelle Indoor Better Scarlet, ikonik Gazelle siluetini modern bir dokunu\u015fla yeniden tasarl\u0131yor. Better Scarlet renginin Cloud White detaylar\u0131 ile birle\u015fimi, bu spor ayakkab\u0131y\u0131 nostaljik ve sportif bir stile b\u00fcr\u00fcnd\u00fcr\u00fcyor. S\u00fcet \u00fcst y\u00fczey, zengin bir renk katarken, beyaz deri 3-\u015eerit logosu ve topuk k\u0131sm\u0131 zamans\u0131z bir hava kat\u0131yor. Yar\u0131 \u015feffaf kau\u00e7uk d\u0131\u015f taban, adidas logosuyla \u00e7eki\u015f g\u00fcc\u00fc sunuyor. adidas Gazelle Indoor Better Scarlet, retro ve modern unsurlar\u0131 harmanlayarak \u015f\u0131k bir g\u00f6r\u00fcn\u00fcm sunuyor.<\/p>\n","protected":false},"featured_media":284705,"template":"","meta":{"_acf_changed":false},"product_brand":[2127,1927],"product_cat":[71,1570,1929,1936,74,1569],"product_tag":[1329],"class_list":{"0":"post-284707","1":"product","2":"type-product","3":"status-publish","4":"has-post-thumbnail","6":"product_brand-adidas-en","7":"product_brand-adidas","8":"product_cat-adidas","9":"product_cat-adidas-en","10":"product_cat-gazelle","11":"product_cat-gazelle-en","12":"product_cat-sneakers","13":"product_cat-sneakers-en","14":"product_tag-kirmizi","16":"first","17":"instock","18":"shipping-taxable","19":"purchasable","20":"product-type-variable"},"acf":[],"_links":{"self":[{"href":"https:\/\/sutore.com\/en\/wp-json\/wp\/v2\/product\/284707","targetHints":{"allow":["GET"]}}],"collection":[{"href":"https:\/\/sutore.com\/en\/wp-json\/wp\/v2\/product"}],"about":[{"href":"https:\/\/sutore.com\/en\/wp-json\/wp\/v2\/types\/product"}],"wp:featuredmedia":[{"embeddable":true,"href":"https:\/\/sutore.com\/en\/wp-json\/wp\/v2\/media\/284705"}],"wp:attachment":[{"href":"https:\/\/sutore.com\/en\/wp-json\/wp\/v2\/media?parent=284707"}],"wp:term":[{"taxonomy":"product_brand","embeddable":true,"href":"https:\/\/sutore.com\/en\/wp-json\/wp\/v2\/product_brand?post=284707"},{"taxonomy":"product_cat","embeddable":true,"href":"https:\/\/sutore.com\/en\/wp-json\/wp\/v2\/product_cat?post=284707"},{"taxonomy":"product_tag","embeddable":true,"href":"https:\/\/sutore.com\/en\/wp-json\/wp\/v2\/product_tag?post=284707"}],"curies":[{"name":"wp","href":"https:\/\/api.w.org\/{rel}","templated":true}]}}