{"id":284785,"date":"2024-12-12T11:51:40","date_gmt":"2024-12-12T08:51:40","guid":{"rendered":"https:\/\/sutore.com\/?post_type=product&#038;p=284785"},"modified":"2026-04-02T16:52:30","modified_gmt":"2026-04-02T13:52:30","slug":"nike-kobe-9-elite-protro-christmas-2024","status":"publish","type":"product","link":"https:\/\/sutore.com\/en\/product\/nike-kobe-9-elite-protro-christmas-2024\/","title":{"rendered":"Nike Kobe 9 Elite Protro Christmas (2024)"},"content":{"rendered":"<p style=\"text-align: center;\">Nike Kobe 9 Elite Protro Christmas (2024), basketbol tutkunlar\u0131 i\u00e7in tasarlanm\u0131\u015f \u00f6zel bir seridir. Nike&#8217;\u0131n ikonik tasar\u0131m detaylar\u0131 ve \u00fcst\u00fcn performans teknolojileriyle dikkat \u00e7eken bu model, hem tarz\u0131 hem de konforu bir arada sunar. Y\u00fcksek bilek deste\u011fi ve nefes alabilen yap\u0131s\u0131 sayesinde sahada her ad\u0131mda maksimum destek sa\u011flar. S\u0131n\u0131rl\u0131 \u00fcretim olan Christmas temas\u0131yla, koleksiyonunuza benzersiz bir par\u00e7a ekleme f\u0131rsat\u0131n\u0131 ka\u00e7\u0131rmay\u0131n. Nike uzmanl\u0131\u011f\u0131n\u0131n ve Kobe&#8217;nin miras\u0131n\u0131n bir araya geldi\u011fi bu ayakkab\u0131, basketbol performans\u0131n\u0131z\u0131 ve stilinizi bir \u00fcst seviyeye ta\u015f\u0131yacak.<\/p>\n","protected":false},"excerpt":{"rendered":"<p style=\"text-align: center;\">Nike Kobe 9 Elite Protro Christmas (2024), basketbol tutkunlar\u0131 i\u00e7in tasarlanm\u0131\u015f \u00f6zel bir seridir. Nike&#8217;\u0131n ikonik tasar\u0131m detaylar\u0131 ve \u00fcst\u00fcn performans teknolojileriyle dikkat \u00e7eken bu model, hem tarz\u0131 hem de konforu bir arada sunar. Y\u00fcksek bilek deste\u011fi ve nefes alabilen yap\u0131s\u0131 sayesinde sahada her ad\u0131mda maksimum destek sa\u011flar. S\u0131n\u0131rl\u0131 \u00fcretim olan Christmas temas\u0131yla, koleksiyonunuza benzersiz bir par\u00e7a ekleme f\u0131rsat\u0131n\u0131 ka\u00e7\u0131rmay\u0131n. Nike uzmanl\u0131\u011f\u0131n\u0131n ve Kobe&#8217;nin miras\u0131n\u0131n bir araya geldi\u011fi bu ayakkab\u0131, basketbol performans\u0131n\u0131z\u0131 ve stilinizi bir \u00fcst seviyeye ta\u015f\u0131yacak.<\/p>\n","protected":false},"featured_media":284783,"template":"","meta":{"_acf_changed":false},"product_brand":[1928,2087],"product_cat":[1880,1885,1582,98,74,1569],"product_tag":[1329],"class_list":{"0":"post-284785","1":"product","2":"type-product","3":"status-publish","4":"has-post-thumbnail","6":"product_brand-nike","7":"product_brand-nike-en","8":"product_cat-kobe","9":"product_cat-kobe-en","10":"product_cat-nike-en","11":"product_cat-nike","12":"product_cat-sneakers","13":"product_cat-sneakers-en","14":"product_tag-kirmizi","16":"first","17":"instock","18":"shipping-taxable","19":"purchasable","20":"product-type-variable"},"acf":[],"_links":{"self":[{"href":"https:\/\/sutore.com\/en\/wp-json\/wp\/v2\/product\/284785","targetHints":{"allow":["GET"]}}],"collection":[{"href":"https:\/\/sutore.com\/en\/wp-json\/wp\/v2\/product"}],"about":[{"href":"https:\/\/sutore.com\/en\/wp-json\/wp\/v2\/types\/product"}],"wp:featuredmedia":[{"embeddable":true,"href":"https:\/\/sutore.com\/en\/wp-json\/wp\/v2\/media\/284783"}],"wp:attachment":[{"href":"https:\/\/sutore.com\/en\/wp-json\/wp\/v2\/media?parent=284785"}],"wp:term":[{"taxonomy":"product_brand","embeddable":true,"href":"https:\/\/sutore.com\/en\/wp-json\/wp\/v2\/product_brand?post=284785"},{"taxonomy":"product_cat","embeddable":true,"href":"https:\/\/sutore.com\/en\/wp-json\/wp\/v2\/product_cat?post=284785"},{"taxonomy":"product_tag","embeddable":true,"href":"https:\/\/sutore.com\/en\/wp-json\/wp\/v2\/product_tag?post=284785"}],"curies":[{"name":"wp","href":"https:\/\/api.w.org\/{rel}","templated":true}]}}