{"id":284787,"date":"2024-12-04T11:51:41","date_gmt":"2024-12-04T08:51:41","guid":{"rendered":"https:\/\/sutore.com\/?post_type=product&#038;p=284787"},"modified":"2026-04-04T05:08:36","modified_gmt":"2026-04-04T02:08:36","slug":"nike-air-foamposite-one-copper-2024","status":"publish","type":"product","link":"https:\/\/sutore.com\/en\/product\/nike-air-foamposite-one-copper-2024\/","title":{"rendered":"Nike Air Foamposite One Copper (2024)"},"content":{"rendered":"<p style=\"text-align: center;\">Nike Air Foamposite One Copper (2024), cesur ve \u00e7arp\u0131c\u0131 bir g\u00f6r\u00fcn\u00fcmle kar\u015f\u0131n\u0131za \u00e7\u0131k\u0131yor. Metalik bak\u0131r \u00fcst k\u0131sm\u0131 ve siyah detaylar\u0131yla dikkat \u00e7ekiyor. \u0130lk olarak 90&#8217;lar\u0131n sonunda tan\u0131t\u0131lan bu model, hem tasar\u0131m hem de teknoloji a\u00e7\u0131s\u0131ndan zaman\u0131n\u0131n \u00f6tesindeydi. 2024&#8217;te yeniden piyasaya s\u00fcr\u00fclen bu \u00f6zel bask\u0131, sneaker tutkunlar\u0131 i\u00e7in nostaljik bir geri d\u00f6n\u00fc\u015f. Yenilik\u00e7i Foamposite \u00fcst k\u0131sm\u0131 dayan\u0131kl\u0131l\u0131k sa\u011flarken, karbon fiber orta taban \u015feridi benzersiz bir stabilite sunar. Hem koleksiyoncular hem de sporcular i\u00e7in ideal olan bu ayakkab\u0131, her gard\u0131ropta dikkat \u00e7eken bir par\u00e7ad\u0131r.<\/p>\n","protected":false},"excerpt":{"rendered":"<p style=\"text-align: center;\">Nike Air Foamposite One Copper (2024), cesur ve \u00e7arp\u0131c\u0131 bir g\u00f6r\u00fcn\u00fcmle kar\u015f\u0131n\u0131za \u00e7\u0131k\u0131yor. Metalik bak\u0131r \u00fcst k\u0131sm\u0131 ve siyah detaylar\u0131yla dikkat \u00e7ekiyor. \u0130lk olarak 90&#8217;lar\u0131n sonunda tan\u0131t\u0131lan bu model, hem tasar\u0131m hem de teknoloji a\u00e7\u0131s\u0131ndan zaman\u0131n\u0131n \u00f6tesindeydi. 2024&#8217;te yeniden piyasaya s\u00fcr\u00fclen bu \u00f6zel bask\u0131, sneaker tutkunlar\u0131 i\u00e7in nostaljik bir geri d\u00f6n\u00fc\u015f. Yenilik\u00e7i Foamposite \u00fcst k\u0131sm\u0131 dayan\u0131kl\u0131l\u0131k sa\u011flarken, karbon fiber orta taban \u015feridi benzersiz bir stabilite sunar. Hem koleksiyoncular hem de sporcular i\u00e7in ideal olan bu ayakkab\u0131, her gard\u0131ropta dikkat \u00e7eken bir par\u00e7ad\u0131r.<\/p>\n","protected":false},"featured_media":284773,"template":"","meta":{"_acf_changed":false},"product_brand":[1928,2087],"product_cat":[101,1582,98,1586,74,1569],"product_tag":[],"class_list":{"0":"post-284787","1":"product","2":"type-product","3":"status-publish","4":"has-post-thumbnail","6":"product_brand-nike","7":"product_brand-nike-en","8":"product_cat-others-nike","9":"product_cat-nike-en","10":"product_cat-nike","11":"product_cat-others-nike-en","12":"product_cat-sneakers","13":"product_cat-sneakers-en","15":"first","16":"outofstock","17":"shipping-taxable","18":"purchasable","19":"product-type-variable"},"acf":[],"_links":{"self":[{"href":"https:\/\/sutore.com\/en\/wp-json\/wp\/v2\/product\/284787","targetHints":{"allow":["GET"]}}],"collection":[{"href":"https:\/\/sutore.com\/en\/wp-json\/wp\/v2\/product"}],"about":[{"href":"https:\/\/sutore.com\/en\/wp-json\/wp\/v2\/types\/product"}],"wp:featuredmedia":[{"embeddable":true,"href":"https:\/\/sutore.com\/en\/wp-json\/wp\/v2\/media\/284773"}],"wp:attachment":[{"href":"https:\/\/sutore.com\/en\/wp-json\/wp\/v2\/media?parent=284787"}],"wp:term":[{"taxonomy":"product_brand","embeddable":true,"href":"https:\/\/sutore.com\/en\/wp-json\/wp\/v2\/product_brand?post=284787"},{"taxonomy":"product_cat","embeddable":true,"href":"https:\/\/sutore.com\/en\/wp-json\/wp\/v2\/product_cat?post=284787"},{"taxonomy":"product_tag","embeddable":true,"href":"https:\/\/sutore.com\/en\/wp-json\/wp\/v2\/product_tag?post=284787"}],"curies":[{"name":"wp","href":"https:\/\/api.w.org\/{rel}","templated":true}]}}