{"id":284788,"date":"2024-12-07T11:51:41","date_gmt":"2024-12-07T08:51:41","guid":{"rendered":"https:\/\/sutore.com\/?post_type=product&#038;p=284788"},"modified":"2026-04-04T05:08:20","modified_gmt":"2026-04-04T02:08:20","slug":"nike-air-jordan-5-retro-reverse-metallic","status":"publish","type":"product","link":"https:\/\/sutore.com\/en\/product\/nike-air-jordan-5-retro-reverse-metallic\/","title":{"rendered":"Nike Air Jordan 5 Retro Reverse Metallic"},"content":{"rendered":"<p style=\"text-align: center;\">Nike Air Jordan 5 Retro Reverse Metallic, y\u00fcksek performans i\u00e7in tasarlanm\u0131\u015f \u00e7arp\u0131c\u0131 bir sneaker&#8217;d\u0131r. Air-Jordan serisinin bu modern yorumu, buz beyaz\u0131 deriden \u00fcretilmi\u015f de\u011fi\u015ftirilebilir panelleri ve nefes alabilir sentetik a\u011f detaylar\u0131yla dikkat \u00e7eker. Y\u00fcksek \u00f6n ve al\u00e7ak arka tasar\u0131ml\u0131 yaka, uzun bir dil ile ta\u00e7lanm\u0131\u015f olup, tabandaki \u015feffaf hava kaps\u00fcl\u00fcyle performans\u0131 \u00fcst seviyeye \u00e7\u0131kar\u0131r. Jordan 5 Retro Reverse Metallic, agresif ve tan\u0131d\u0131k bir stil sunar, her basketbol tutkununu harekete ge\u00e7irir. 7 Aral\u0131k 2024\u2019te piyasaya s\u00fcr\u00fclm\u00fc\u015ft\u00fcr.<\/p>\n","protected":false},"excerpt":{"rendered":"<p style=\"text-align: center;\">Nike Air Jordan 5 Retro Reverse Metallic, y\u00fcksek performans i\u00e7in tasarlanm\u0131\u015f \u00e7arp\u0131c\u0131 bir sneaker&#8217;d\u0131r. Air-Jordan serisinin bu modern yorumu, buz beyaz\u0131 deriden \u00fcretilmi\u015f de\u011fi\u015ftirilebilir panelleri ve nefes alabilir sentetik a\u011f detaylar\u0131yla dikkat \u00e7eker. Y\u00fcksek \u00f6n ve al\u00e7ak arka tasar\u0131ml\u0131 yaka, uzun bir dil ile ta\u00e7lanm\u0131\u015f olup, tabandaki \u015feffaf hava kaps\u00fcl\u00fcyle performans\u0131 \u00fcst seviyeye \u00e7\u0131kar\u0131r. Jordan 5 Retro Reverse Metallic, agresif ve tan\u0131d\u0131k bir stil sunar, her basketbol tutkununu harekete ge\u00e7irir. 7 Aral\u0131k 2024\u2019te piyasaya s\u00fcr\u00fclm\u00fc\u015ft\u00fcr.<\/p>\n","protected":false},"featured_media":284765,"template":"","meta":{"_acf_changed":false},"product_brand":[2019,2041,1928,2087],"product_cat":[96,1577,946,1581,74,1569],"product_tag":[1328],"class_list":{"0":"post-284788","1":"product","2":"type-product","3":"status-publish","4":"has-post-thumbnail","6":"product_brand-air-jordan","7":"product_brand-air-jordan-en","8":"product_brand-nike","9":"product_brand-nike-en","10":"product_cat-air-jordan","11":"product_cat-air-jordan-en","12":"product_cat-others-air-jordan","13":"product_cat-others-air-jordan-en","14":"product_cat-sneakers","15":"product_cat-sneakers-en","16":"product_tag-beyaz","18":"first","19":"instock","20":"shipping-taxable","21":"purchasable","22":"product-type-variable"},"acf":[],"_links":{"self":[{"href":"https:\/\/sutore.com\/en\/wp-json\/wp\/v2\/product\/284788","targetHints":{"allow":["GET"]}}],"collection":[{"href":"https:\/\/sutore.com\/en\/wp-json\/wp\/v2\/product"}],"about":[{"href":"https:\/\/sutore.com\/en\/wp-json\/wp\/v2\/types\/product"}],"wp:featuredmedia":[{"embeddable":true,"href":"https:\/\/sutore.com\/en\/wp-json\/wp\/v2\/media\/284765"}],"wp:attachment":[{"href":"https:\/\/sutore.com\/en\/wp-json\/wp\/v2\/media?parent=284788"}],"wp:term":[{"taxonomy":"product_brand","embeddable":true,"href":"https:\/\/sutore.com\/en\/wp-json\/wp\/v2\/product_brand?post=284788"},{"taxonomy":"product_cat","embeddable":true,"href":"https:\/\/sutore.com\/en\/wp-json\/wp\/v2\/product_cat?post=284788"},{"taxonomy":"product_tag","embeddable":true,"href":"https:\/\/sutore.com\/en\/wp-json\/wp\/v2\/product_tag?post=284788"}],"curies":[{"name":"wp","href":"https:\/\/api.w.org\/{rel}","templated":true}]}}