{"id":285781,"date":"2024-01-15T13:26:20","date_gmt":"2024-01-15T10:26:20","guid":{"rendered":"https:\/\/sutore.com\/?post_type=product&#038;p=285781"},"modified":"2026-03-20T14:25:52","modified_gmt":"2026-03-20T11:25:52","slug":"fear-of-god-essentials-sweatshort-light-oatmeal","status":"publish","type":"product","link":"https:\/\/sutore.com\/en\/product\/fear-of-god-essentials-sweatshort-light-oatmeal\/","title":{"rendered":"Fear of God Essentials Sweatshort Light Oatmeal"},"content":{"rendered":"<p style=\"text-align: center;\">Fear of God Essentials Sweatshort Light Oatmeal rahatl\u0131\u011f\u0131 ve \u015f\u0131kl\u0131\u011f\u0131 bir arada sunar. Minimalist tasar\u0131m\u0131 ve y\u00fcksek kaliteli kuma\u015f\u0131 ile hem g\u00fcnl\u00fck kullan\u0131ma hem de sportif aktiviteler i\u00e7in idealdir. Bu \u015fort, elastik bel band\u0131 ve uyumlu kesimiyle hareket \u00f6zg\u00fcrl\u00fc\u011f\u00fc sa\u011flar. Serin Light Oatmeal rengi, Fear of God markas\u0131n\u0131n imzas\u0131n\u0131 ta\u015f\u0131r. Dolab\u0131n\u0131za sofistike bir dokunu\u015f katmak i\u00e7in m\u00fckemmel bir se\u00e7im. &#8220;fear-of-god&#8221; tarz\u0131n\u0131 ya\u015fay\u0131n ve konforun keyfini \u00e7\u0131kar\u0131n.<\/p>\n","protected":false},"excerpt":{"rendered":"<p style=\"text-align: center;\">Fear of God Essentials Sweatshort Light Oatmeal rahatl\u0131\u011f\u0131 ve \u015f\u0131kl\u0131\u011f\u0131 bir arada sunar. Minimalist tasar\u0131m\u0131 ve y\u00fcksek kaliteli kuma\u015f\u0131 ile hem g\u00fcnl\u00fck kullan\u0131ma hem de sportif aktiviteler i\u00e7in idealdir. Bu \u015fort, elastik bel band\u0131 ve uyumlu kesimiyle hareket \u00f6zg\u00fcrl\u00fc\u011f\u00fc sa\u011flar. Serin Light Oatmeal rengi, Fear of God markas\u0131n\u0131n imzas\u0131n\u0131 ta\u015f\u0131r. Dolab\u0131n\u0131za sofistike bir dokunu\u015f katmak i\u00e7in m\u00fckemmel bir se\u00e7im. &#8220;fear-of-god&#8221; tarz\u0131n\u0131 ya\u015fay\u0131n ve konforun keyfini \u00e7\u0131kar\u0131n.<\/p>\n","protected":false},"featured_media":285759,"template":"","meta":{"_acf_changed":false},"product_brand":[1973,2063,1974,2064],"product_cat":[2152,1564,2175,714],"product_tag":[1334],"class_list":{"0":"post-285781","1":"product","2":"type-product","3":"status-publish","4":"has-post-thumbnail","6":"product_brand-essentials","7":"product_brand-essentials-en","8":"product_brand-fear-of-god","9":"product_brand-fear-of-god-en","10":"product_cat-bottoms","11":"product_cat-apparels-en","12":"product_cat-bottoms-en","13":"product_cat-apparels","14":"product_tag-gri","16":"first","17":"instock","18":"shipping-taxable","19":"purchasable","20":"product-type-variable"},"acf":[],"_links":{"self":[{"href":"https:\/\/sutore.com\/en\/wp-json\/wp\/v2\/product\/285781","targetHints":{"allow":["GET"]}}],"collection":[{"href":"https:\/\/sutore.com\/en\/wp-json\/wp\/v2\/product"}],"about":[{"href":"https:\/\/sutore.com\/en\/wp-json\/wp\/v2\/types\/product"}],"wp:featuredmedia":[{"embeddable":true,"href":"https:\/\/sutore.com\/en\/wp-json\/wp\/v2\/media\/285759"}],"wp:attachment":[{"href":"https:\/\/sutore.com\/en\/wp-json\/wp\/v2\/media?parent=285781"}],"wp:term":[{"taxonomy":"product_brand","embeddable":true,"href":"https:\/\/sutore.com\/en\/wp-json\/wp\/v2\/product_brand?post=285781"},{"taxonomy":"product_cat","embeddable":true,"href":"https:\/\/sutore.com\/en\/wp-json\/wp\/v2\/product_cat?post=285781"},{"taxonomy":"product_tag","embeddable":true,"href":"https:\/\/sutore.com\/en\/wp-json\/wp\/v2\/product_tag?post=285781"}],"curies":[{"name":"wp","href":"https:\/\/api.w.org\/{rel}","templated":true}]}}