{"id":286287,"date":"2024-12-16T13:38:46","date_gmt":"2024-12-16T10:38:46","guid":{"rendered":"https:\/\/sutore.com\/?post_type=product&#038;p=286287"},"modified":"2026-03-20T14:31:04","modified_gmt":"2026-03-20T11:31:04","slug":"kith-x-sesame-street-elmo-tee-black","status":"publish","type":"product","link":"https:\/\/sutore.com\/en\/product\/kith-x-sesame-street-elmo-tee-black\/","title":{"rendered":"Kith x Sesame Street Elmo Tee Black"},"content":{"rendered":"<p style=\"text-align: center;\">Kith x Sesame Street Elmo Tee Black, koleksiyonunuz i\u00e7in m\u00fckemmel bir par\u00e7a. Bu stil sahibi ti\u015f\u00f6rt, Elmo bask\u0131s\u0131yla dikkat \u00e7eker. Siyah rengiyle her kombinle uyum sa\u011flar. S\u0131n\u0131rl\u0131 say\u0131da \u00fcretilen Kith x Sesame Street i\u015f birli\u011fi, benzersiz bir ifade arayanlar i\u00e7in idealdir. Kaliteli malzeme ve rahat kesimiyle g\u00fcn boyu konfor sunar. gard\u0131robunuzu tamamlayarak tarz\u0131n\u0131za benzersiz bir dokunu\u015f kat\u0131n. Mutlaka sahip olunmas\u0131 gereken bu ti\u015f\u00f6rtle, Kith markas\u0131n\u0131n ve Sesame Street&#8217;in e\u011flenceli d\u00fcnyas\u0131n\u0131 ke\u015ffedin.<\/p>\n","protected":false},"excerpt":{"rendered":"<p style=\"text-align: center;\">Kith x Sesame Street Elmo Tee Black, koleksiyonunuz i\u00e7in m\u00fckemmel bir par\u00e7a. Bu stil sahibi ti\u015f\u00f6rt, Elmo bask\u0131s\u0131yla dikkat \u00e7eker. Siyah rengiyle her kombinle uyum sa\u011flar. S\u0131n\u0131rl\u0131 say\u0131da \u00fcretilen Kith x Sesame Street i\u015f birli\u011fi, benzersiz bir ifade arayanlar i\u00e7in idealdir. Kaliteli malzeme ve rahat kesimiyle g\u00fcn boyu konfor sunar. gard\u0131robunuzu tamamlayarak tarz\u0131n\u0131za benzersiz bir dokunu\u015f kat\u0131n. Mutlaka sahip olunmas\u0131 gereken bu ti\u015f\u00f6rtle, Kith markas\u0131n\u0131n ve Sesame Street&#8217;in e\u011flenceli d\u00fcnyas\u0131n\u0131 ke\u015ffedin.<\/p>\n","protected":false},"featured_media":286271,"template":"","meta":{"_acf_changed":false},"product_brand":[1910,2076],"product_cat":[1564,714,2179,2155],"product_tag":[1327],"class_list":{"0":"post-286287","1":"product","2":"type-product","3":"status-publish","4":"has-post-thumbnail","6":"product_brand-kith","7":"product_brand-kith-en","8":"product_cat-apparels-en","9":"product_cat-apparels","10":"product_cat-tops-en","11":"product_cat-tops","12":"product_tag-siyah","14":"first","15":"instock","16":"shipping-taxable","17":"purchasable","18":"product-type-variable"},"acf":[],"_links":{"self":[{"href":"https:\/\/sutore.com\/en\/wp-json\/wp\/v2\/product\/286287","targetHints":{"allow":["GET"]}}],"collection":[{"href":"https:\/\/sutore.com\/en\/wp-json\/wp\/v2\/product"}],"about":[{"href":"https:\/\/sutore.com\/en\/wp-json\/wp\/v2\/types\/product"}],"wp:featuredmedia":[{"embeddable":true,"href":"https:\/\/sutore.com\/en\/wp-json\/wp\/v2\/media\/286271"}],"wp:attachment":[{"href":"https:\/\/sutore.com\/en\/wp-json\/wp\/v2\/media?parent=286287"}],"wp:term":[{"taxonomy":"product_brand","embeddable":true,"href":"https:\/\/sutore.com\/en\/wp-json\/wp\/v2\/product_brand?post=286287"},{"taxonomy":"product_cat","embeddable":true,"href":"https:\/\/sutore.com\/en\/wp-json\/wp\/v2\/product_cat?post=286287"},{"taxonomy":"product_tag","embeddable":true,"href":"https:\/\/sutore.com\/en\/wp-json\/wp\/v2\/product_tag?post=286287"}],"curies":[{"name":"wp","href":"https:\/\/api.w.org\/{rel}","templated":true}]}}