{"id":286822,"date":"2024-12-22T05:32:12","date_gmt":"2024-12-22T02:32:12","guid":{"rendered":"https:\/\/sutore.com\/?post_type=product&#038;p=286822"},"modified":"2026-04-04T07:06:42","modified_gmt":"2026-04-04T04:06:42","slug":"nike-air-jordan-1-retro-low-og-sp-travis-scott-velvet-brown","status":"publish","type":"product","link":"https:\/\/sutore.com\/en\/product\/nike-air-jordan-1-retro-low-og-sp-travis-scott-velvet-brown\/","title":{"rendered":"Nike Air Jordan 1 Retro Low OG SP Travis Scott Velvet Brown"},"content":{"rendered":"<p style=\"text-align: center;\">Nike Air Jordan 1 Retro Low OG SP Travis Scott Velvet Brown, Travis Scott&#8217;un cesur esteti\u011fini Jordan 1&#8217;in zamans\u0131z cazibesiyle bulu\u015fturuyor. Mocha, black ve velvet brown tonlar\u0131ndan olu\u015fan bu sneaker, do\u011fal renk paletiyle hem sa\u011flam hem de l\u00fcks bir his sunuyor. Cactus Jack logosu ve ters Swoosh tasar\u0131m\u0131yla \u00f6ne \u00e7\u0131kan bu \u00f6zel model, koleksiyonerler ve hayranlar i\u00e7in vazge\u00e7ilmez. Premium malzemeleri ve detaylara verdi\u011fi \u00f6nemle dikkat \u00e7eken Air-Jordan bu sneaker, stil ve i\u015flevselli\u011fi bir arada sunuyor. Dikkat \u00e7ekici bir k\u0131yafete tamamlay\u0131c\u0131 olarak kullanabilece\u011finiz bu model, benzersiz bir \u00e7ok y\u00f6nl\u00fcl\u00fc\u011fe sahip.<\/p>\n","protected":false},"excerpt":{"rendered":"<p style=\"text-align: center;\">Nike Air Jordan 1 Retro Low OG SP Travis Scott Velvet Brown, Travis Scott&#8217;un cesur esteti\u011fini Jordan 1&#8217;in zamans\u0131z cazibesiyle bulu\u015fturuyor. Mocha, black ve velvet brown tonlar\u0131ndan olu\u015fan bu sneaker, do\u011fal renk paletiyle hem sa\u011flam hem de l\u00fcks bir his sunuyor. Cactus Jack logosu ve ters Swoosh tasar\u0131m\u0131yla \u00f6ne \u00e7\u0131kan bu \u00f6zel model, koleksiyonerler ve hayranlar i\u00e7in vazge\u00e7ilmez. Premium malzemeleri ve detaylara verdi\u011fi \u00f6nemle dikkat \u00e7eken Air-Jordan bu sneaker, stil ve i\u015flevselli\u011fi bir arada sunuyor. Dikkat \u00e7ekici bir k\u0131yafete tamamlay\u0131c\u0131 olarak kullanabilece\u011finiz bu model, benzersiz bir \u00e7ok y\u00f6nl\u00fcl\u00fc\u011fe sahip.<\/p>\n","protected":false},"featured_media":286829,"template":"","meta":{"_acf_changed":false},"product_brand":[2019,2041,1928,2087,2008,2117],"product_cat":[96,1577,943,1579,74,1569],"product_tag":[1338],"class_list":{"0":"post-286822","1":"product","2":"type-product","3":"status-publish","4":"has-post-thumbnail","6":"product_brand-air-jordan","7":"product_brand-air-jordan-en","8":"product_brand-nike","9":"product_brand-nike-en","10":"product_brand-travis-scott","11":"product_brand-travis-scott-en","12":"product_cat-air-jordan","13":"product_cat-air-jordan-en","14":"product_cat-low","15":"product_cat-low-en","16":"product_cat-sneakers","17":"product_cat-sneakers-en","18":"product_tag-kahverengi","20":"first","21":"instock","22":"shipping-taxable","23":"purchasable","24":"product-type-variable"},"acf":[],"_links":{"self":[{"href":"https:\/\/sutore.com\/en\/wp-json\/wp\/v2\/product\/286822","targetHints":{"allow":["GET"]}}],"collection":[{"href":"https:\/\/sutore.com\/en\/wp-json\/wp\/v2\/product"}],"about":[{"href":"https:\/\/sutore.com\/en\/wp-json\/wp\/v2\/types\/product"}],"wp:featuredmedia":[{"embeddable":true,"href":"https:\/\/sutore.com\/en\/wp-json\/wp\/v2\/media\/286829"}],"wp:attachment":[{"href":"https:\/\/sutore.com\/en\/wp-json\/wp\/v2\/media?parent=286822"}],"wp:term":[{"taxonomy":"product_brand","embeddable":true,"href":"https:\/\/sutore.com\/en\/wp-json\/wp\/v2\/product_brand?post=286822"},{"taxonomy":"product_cat","embeddable":true,"href":"https:\/\/sutore.com\/en\/wp-json\/wp\/v2\/product_cat?post=286822"},{"taxonomy":"product_tag","embeddable":true,"href":"https:\/\/sutore.com\/en\/wp-json\/wp\/v2\/product_tag?post=286822"}],"curies":[{"name":"wp","href":"https:\/\/api.w.org\/{rel}","templated":true}]}}