{"id":287644,"date":"2024-07-07T16:33:08","date_gmt":"2024-07-07T13:33:08","guid":{"rendered":"https:\/\/sutore.com\/?post_type=product&#038;p=287644"},"modified":"2026-03-09T05:15:38","modified_gmt":"2026-03-09T02:15:38","slug":"stussy-kittens-tee-white","status":"publish","type":"product","link":"https:\/\/sutore.com\/en\/product\/stussy-kittens-tee-white\/","title":{"rendered":"Stussy Kittens Tee White"},"content":{"rendered":"<p style=\"text-align: center;\">Stussy Kittens Tee White, tarz\u0131n\u0131z\u0131 yans\u0131tman\u0131n en sevimli yolu. Yumu\u015fak ve kaliteli kuma\u015f\u0131 ile konforu \u00f6n planda tutan bu ti\u015f\u00f6rt, her dolaba mutlaka eklenmeli. \u015e\u0131kl\u0131\u011f\u0131 ve rahatl\u0131\u011f\u0131 bir arada arayanlar i\u00e7in ideal bir tercih. Beyaz rengi sayesinde her kombine kolayca uyum sa\u011flar. Stussy&#8217;nin \u00f6zg\u00fcn tasar\u0131m\u0131 ve yavru kedi detaylar\u0131 ile dikkat \u00e7ekici bir par\u00e7a. G\u00fcndelik ve sportif \u015f\u0131kl\u0131\u011f\u0131n vazge\u00e7ilmezi olacak bu ti\u015f\u00f6rt ile tarz\u0131n\u0131z\u0131 yarat\u0131n.<\/p>\n","protected":false},"excerpt":{"rendered":"<p style=\"text-align: center;\">Stussy Kittens Tee White, tarz\u0131n\u0131z\u0131 yans\u0131tman\u0131n en sevimli yolu. Yumu\u015fak ve kaliteli kuma\u015f\u0131 ile konforu \u00f6n planda tutan bu ti\u015f\u00f6rt, her dolaba mutlaka eklenmeli. \u015e\u0131kl\u0131\u011f\u0131 ve rahatl\u0131\u011f\u0131 bir arada arayanlar i\u00e7in ideal bir tercih. Beyaz rengi sayesinde her kombine kolayca uyum sa\u011flar. Stussy&#8217;nin \u00f6zg\u00fcn tasar\u0131m\u0131 ve yavru kedi detaylar\u0131 ile dikkat \u00e7ekici bir par\u00e7a. G\u00fcndelik ve sportif \u015f\u0131kl\u0131\u011f\u0131n vazge\u00e7ilmezi olacak bu ti\u015f\u00f6rt ile tarz\u0131n\u0131z\u0131 yarat\u0131n.<\/p>\n","protected":false},"featured_media":287650,"template":"","meta":{"_acf_changed":false},"product_brand":[2111,1983],"product_cat":[1564,714,2179,2155],"product_tag":[1328],"class_list":{"0":"post-287644","1":"product","2":"type-product","3":"status-publish","4":"has-post-thumbnail","6":"product_brand-stussy-en","7":"product_brand-stussy","8":"product_cat-apparels-en","9":"product_cat-apparels","10":"product_cat-tops-en","11":"product_cat-tops","12":"product_tag-beyaz","14":"first","15":"instock","16":"shipping-taxable","17":"purchasable","18":"product-type-variable"},"acf":[],"_links":{"self":[{"href":"https:\/\/sutore.com\/en\/wp-json\/wp\/v2\/product\/287644","targetHints":{"allow":["GET"]}}],"collection":[{"href":"https:\/\/sutore.com\/en\/wp-json\/wp\/v2\/product"}],"about":[{"href":"https:\/\/sutore.com\/en\/wp-json\/wp\/v2\/types\/product"}],"wp:featuredmedia":[{"embeddable":true,"href":"https:\/\/sutore.com\/en\/wp-json\/wp\/v2\/media\/287650"}],"wp:attachment":[{"href":"https:\/\/sutore.com\/en\/wp-json\/wp\/v2\/media?parent=287644"}],"wp:term":[{"taxonomy":"product_brand","embeddable":true,"href":"https:\/\/sutore.com\/en\/wp-json\/wp\/v2\/product_brand?post=287644"},{"taxonomy":"product_cat","embeddable":true,"href":"https:\/\/sutore.com\/en\/wp-json\/wp\/v2\/product_cat?post=287644"},{"taxonomy":"product_tag","embeddable":true,"href":"https:\/\/sutore.com\/en\/wp-json\/wp\/v2\/product_tag?post=287644"}],"curies":[{"name":"wp","href":"https:\/\/api.w.org\/{rel}","templated":true}]}}