{"id":287936,"date":"2025-01-06T18:37:09","date_gmt":"2025-01-06T15:37:09","guid":{"rendered":"https:\/\/sutore.com\/?post_type=product&#038;p=287936"},"modified":"2026-04-02T16:48:48","modified_gmt":"2026-04-02T13:48:48","slug":"nike-kobe-5-protro-year-of-the-mamba-eggplant","status":"publish","type":"product","link":"https:\/\/sutore.com\/en\/product\/nike-kobe-5-protro-year-of-the-mamba-eggplant\/","title":{"rendered":"Nike Kobe 5 Protro Year of the Mamba Eggplant"},"content":{"rendered":"<p style=\"text-align: center;\">Nike Zoom Kobe 5 Protro \u201cYear of the Mamba\u201d, Ay Yeni Y\u0131l\u0131&#8217;n\u0131 Y\u0131lan Y\u0131l\u0131&#8217;n\u0131 kutlayarak kar\u015f\u0131l\u0131yor. Mor sentetik sentetik \u00fcst k\u0131s\u0131m, Swoosh&#8217;un etraf\u0131n\u0131 saran alt\u0131n bir y\u0131lan grafi\u011fi sergiler. Flywire kablolar kilitlenme hissi sa\u011flamaya yard\u0131mc\u0131 olurken, topuk sayac\u0131 aya\u011f\u0131n arkas\u0131n\u0131 sarar. Bu Protro modelinde geleneksel Phylon yerine Cushlon k\u00f6p\u00fck kullan\u0131lm\u0131\u015f ve bu k\u00f6p\u00fck Zoom Air \u00f6n ayak \u00fcnitesiyle desteklenmi\u015ftir. \u015eeffaf kau\u00e7uk d\u0131\u015f taban, stabilite i\u00e7in cam\/karbon fiber \u015faft plakas\u0131 ile birle\u015fir.<\/p>\n","protected":false},"excerpt":{"rendered":"<p style=\"text-align: center;\">Nike Zoom Kobe 5 Protro \u201cYear of the Mamba\u201d, Ay Yeni Y\u0131l\u0131&#8217;n\u0131 Y\u0131lan Y\u0131l\u0131&#8217;n\u0131 kutlayarak kar\u015f\u0131l\u0131yor. Mor sentetik sentetik \u00fcst k\u0131s\u0131m, Swoosh&#8217;un etraf\u0131n\u0131 saran alt\u0131n bir y\u0131lan grafi\u011fi sergiler. Flywire kablolar kilitlenme hissi sa\u011flamaya yard\u0131mc\u0131 olurken, topuk sayac\u0131 aya\u011f\u0131n arkas\u0131n\u0131 sarar. Bu Protro modelinde geleneksel Phylon yerine Cushlon k\u00f6p\u00fck kullan\u0131lm\u0131\u015f ve bu k\u00f6p\u00fck Zoom Air \u00f6n ayak \u00fcnitesiyle desteklenmi\u015ftir. \u015eeffaf kau\u00e7uk d\u0131\u015f taban, stabilite i\u00e7in cam\/karbon fiber \u015faft plakas\u0131 ile birle\u015fir.<\/p>\n","protected":false},"featured_media":288121,"template":"","meta":{"_acf_changed":false},"product_brand":[1928,2087],"product_cat":[1880,1885,1582,98,74,1569],"product_tag":[1333],"class_list":{"0":"post-287936","1":"product","2":"type-product","3":"status-publish","4":"has-post-thumbnail","6":"product_brand-nike","7":"product_brand-nike-en","8":"product_cat-kobe","9":"product_cat-kobe-en","10":"product_cat-nike-en","11":"product_cat-nike","12":"product_cat-sneakers","13":"product_cat-sneakers-en","14":"product_tag-mor","16":"first","17":"instock","18":"shipping-taxable","19":"purchasable","20":"product-type-variable"},"acf":[],"_links":{"self":[{"href":"https:\/\/sutore.com\/en\/wp-json\/wp\/v2\/product\/287936","targetHints":{"allow":["GET"]}}],"collection":[{"href":"https:\/\/sutore.com\/en\/wp-json\/wp\/v2\/product"}],"about":[{"href":"https:\/\/sutore.com\/en\/wp-json\/wp\/v2\/types\/product"}],"wp:featuredmedia":[{"embeddable":true,"href":"https:\/\/sutore.com\/en\/wp-json\/wp\/v2\/media\/288121"}],"wp:attachment":[{"href":"https:\/\/sutore.com\/en\/wp-json\/wp\/v2\/media?parent=287936"}],"wp:term":[{"taxonomy":"product_brand","embeddable":true,"href":"https:\/\/sutore.com\/en\/wp-json\/wp\/v2\/product_brand?post=287936"},{"taxonomy":"product_cat","embeddable":true,"href":"https:\/\/sutore.com\/en\/wp-json\/wp\/v2\/product_cat?post=287936"},{"taxonomy":"product_tag","embeddable":true,"href":"https:\/\/sutore.com\/en\/wp-json\/wp\/v2\/product_tag?post=287936"}],"curies":[{"name":"wp","href":"https:\/\/api.w.org\/{rel}","templated":true}]}}