{"id":307598,"date":"2022-02-23T00:58:30","date_gmt":"2022-02-22T21:58:30","guid":{"rendered":"https:\/\/sutore.com\/?post_type=product&#038;p=307598"},"modified":"2026-03-27T15:46:22","modified_gmt":"2026-03-27T12:46:22","slug":"nike-dunk-high-1985-sp-orange-acid-wash","status":"publish","type":"product","link":"https:\/\/sutore.com\/en\/product\/nike-dunk-high-1985-sp-orange-acid-wash\/","title":{"rendered":"Nike Dunk High 1985 SP Orange Acid Wash"},"content":{"rendered":"<p style=\"text-align: center;\">Nike Dunk High 1985 SP Orange Acid Wash, nostaljik tasar\u0131m\u0131yla dikkat \u00e7ekiyor. Kremsi deri \u00fcst y\u00fczeyine sahip model, y\u0131kanm\u0131\u015f turuncu ve mavi grafik detaylarla vintage bir g\u00f6r\u00fcn\u00fcm sunuyor. Canl\u0131 turuncu Swoosh logolar\u0131, arka planla g\u00fc\u00e7l\u00fc bir tezat olu\u015ftururken, sararm\u0131\u015f tabanlar retro bir hava kat\u0131yor. 2022 \u015eubat&#8217;ta piyasaya s\u00fcr\u00fclen bu Nike Dunk modeli, tarz\u0131n\u0131 vurgulamak isteyenler i\u00e7in ideal.<\/p>\n","protected":false},"excerpt":{"rendered":"<p style=\"text-align: center;\">Nike Dunk High 1985 SP Orange Acid Wash, nostaljik tasar\u0131m\u0131yla dikkat \u00e7ekiyor. Kremsi deri \u00fcst y\u00fczeyine sahip model, y\u0131kanm\u0131\u015f turuncu ve mavi grafik detaylarla vintage bir g\u00f6r\u00fcn\u00fcm sunuyor. Canl\u0131 turuncu Swoosh logolar\u0131, arka planla g\u00fc\u00e7l\u00fc bir tezat olu\u015ftururken, sararm\u0131\u015f tabanlar retro bir hava kat\u0131yor. 2022 \u015eubat&#8217;ta piyasaya s\u00fcr\u00fclen bu Nike Dunk modeli, tarz\u0131n\u0131 vurgulamak isteyenler i\u00e7in ideal.<\/p>\n","protected":false},"featured_media":307609,"template":"","meta":{"_acf_changed":false},"product_brand":[2087,1928],"product_cat":[100,1585,1582,98,74,1569],"product_tag":[1335],"class_list":{"0":"post-307598","1":"product","2":"type-product","3":"status-publish","4":"has-post-thumbnail","6":"product_brand-nike-en","7":"product_brand-nike","8":"product_cat-dunk","9":"product_cat-dunk-en","10":"product_cat-nike-en","11":"product_cat-nike","12":"product_cat-sneakers","13":"product_cat-sneakers-en","14":"product_tag-sari","16":"first","17":"instock","18":"shipping-taxable","19":"purchasable","20":"product-type-variable"},"acf":[],"_links":{"self":[{"href":"https:\/\/sutore.com\/en\/wp-json\/wp\/v2\/product\/307598","targetHints":{"allow":["GET"]}}],"collection":[{"href":"https:\/\/sutore.com\/en\/wp-json\/wp\/v2\/product"}],"about":[{"href":"https:\/\/sutore.com\/en\/wp-json\/wp\/v2\/types\/product"}],"wp:featuredmedia":[{"embeddable":true,"href":"https:\/\/sutore.com\/en\/wp-json\/wp\/v2\/media\/307609"}],"wp:attachment":[{"href":"https:\/\/sutore.com\/en\/wp-json\/wp\/v2\/media?parent=307598"}],"wp:term":[{"taxonomy":"product_brand","embeddable":true,"href":"https:\/\/sutore.com\/en\/wp-json\/wp\/v2\/product_brand?post=307598"},{"taxonomy":"product_cat","embeddable":true,"href":"https:\/\/sutore.com\/en\/wp-json\/wp\/v2\/product_cat?post=307598"},{"taxonomy":"product_tag","embeddable":true,"href":"https:\/\/sutore.com\/en\/wp-json\/wp\/v2\/product_tag?post=307598"}],"curies":[{"name":"wp","href":"https:\/\/api.w.org\/{rel}","templated":true}]}}