{"id":308006,"date":"2025-01-25T15:42:19","date_gmt":"2025-01-25T12:42:19","guid":{"rendered":"https:\/\/sutore.com\/?post_type=product&#038;p=308006"},"modified":"2026-03-22T16:22:10","modified_gmt":"2026-03-22T13:22:10","slug":"rhode-peptide-lip-shape-spin","status":"publish","type":"product","link":"https:\/\/sutore.com\/en\/product\/rhode-peptide-lip-shape-spin\/","title":{"rendered":"Rhode Peptide Lip Shape Spin"},"content":{"rendered":"<p style=\"text-align: center;\">\u00c7evreleyen dudak \u015fekillendirici<br \/>\nDudaklar\u0131n\u0131z\u0131 zahmetsizce g\u00fczelle\u015ftirin. Peptide Lip Shape, dudaklar\u0131n\u0131za boyut kazand\u0131rmak i\u00e7in yumu\u015fak odakl\u0131 renk ve y\u00fcksek performansl\u0131 cilt bak\u0131m\u0131n\u0131 birle\u015ftirir. Bir dudak kaleminden daha kremsi ve daha kusursuz olan bu \u00fcr\u00fcn, konturlu bir etki yaratmak i\u00e7in kayarak s\u00fcr\u00fcl\u00fcr ve dudak hacmini g\u00f6zle g\u00f6r\u00fcl\u00fcr \u015fekilde art\u0131ran etkili bile\u015fenler sunar. Boyut: 0,75 g \/ 0,026 oz.<\/p>\n","protected":false},"excerpt":{"rendered":"<p style=\"text-align: center;\">\u00c7evreleyen dudak \u015fekillendirici<br \/>\nDudaklar\u0131n\u0131z\u0131 zahmetsizce g\u00fczelle\u015ftirin. Peptide Lip Shape, dudaklar\u0131n\u0131za boyut kazand\u0131rmak i\u00e7in yumu\u015fak odakl\u0131 renk ve y\u00fcksek performansl\u0131 cilt bak\u0131m\u0131n\u0131 birle\u015ftirir. Bir dudak kaleminden daha kremsi ve daha kusursuz olan bu \u00fcr\u00fcn, konturlu bir etki yaratmak i\u00e7in kayarak s\u00fcr\u00fcl\u00fcr ve dudak hacmini g\u00f6zle g\u00f6r\u00fcl\u00fcr \u015fekilde art\u0131ran etkili bile\u015fenler sunar. Boyut: 0,75 g \/ 0,026 oz.<\/p>\n","protected":false},"featured_media":308007,"template":"","meta":{"_acf_changed":false},"product_brand":[1982,2102],"product_cat":[2159,2144,2141,2160],"product_tag":[],"class_list":{"0":"post-308006","1":"product","2":"type-product","3":"status-publish","4":"has-post-thumbnail","6":"product_brand-rhode","7":"product_brand-rhode-en","8":"product_cat-cosmetics-en","9":"product_cat-lip","10":"product_cat-cosmetics","11":"product_cat-lip-en","13":"first","14":"instock","15":"shipping-taxable","16":"purchasable","17":"product-type-variable"},"acf":[],"_links":{"self":[{"href":"https:\/\/sutore.com\/en\/wp-json\/wp\/v2\/product\/308006","targetHints":{"allow":["GET"]}}],"collection":[{"href":"https:\/\/sutore.com\/en\/wp-json\/wp\/v2\/product"}],"about":[{"href":"https:\/\/sutore.com\/en\/wp-json\/wp\/v2\/types\/product"}],"wp:featuredmedia":[{"embeddable":true,"href":"https:\/\/sutore.com\/en\/wp-json\/wp\/v2\/media\/308007"}],"wp:attachment":[{"href":"https:\/\/sutore.com\/en\/wp-json\/wp\/v2\/media?parent=308006"}],"wp:term":[{"taxonomy":"product_brand","embeddable":true,"href":"https:\/\/sutore.com\/en\/wp-json\/wp\/v2\/product_brand?post=308006"},{"taxonomy":"product_cat","embeddable":true,"href":"https:\/\/sutore.com\/en\/wp-json\/wp\/v2\/product_cat?post=308006"},{"taxonomy":"product_tag","embeddable":true,"href":"https:\/\/sutore.com\/en\/wp-json\/wp\/v2\/product_tag?post=308006"}],"curies":[{"name":"wp","href":"https:\/\/api.w.org\/{rel}","templated":true}]}}