{"id":308212,"date":"2019-06-01T07:51:45","date_gmt":"2019-06-01T04:51:45","guid":{"rendered":"https:\/\/sutore.com\/?post_type=product&#038;p=308212"},"modified":"2026-03-26T04:31:22","modified_gmt":"2026-03-26T01:31:22","slug":"nike-kobe-4-protro-carpe-diem","status":"publish","type":"product","link":"https:\/\/sutore.com\/en\/product\/nike-kobe-4-protro-carpe-diem\/","title":{"rendered":"Nike Kobe 4 Protro Carpe Diem"},"content":{"rendered":"<p style=\"text-align: center;\">Nike Kobe 4 Protro Carpe Diem, Sneakerhead ruhunuzu besleyecek e\u015fsiz bir se\u00e7enek. Siyah \u00fcst y\u00fczeyi, sar\u0131 ve mor detaylar\u0131, mor kenarl\u0131kl\u0131 sar\u0131 Nike &#8220;Swoosh&#8221; logosu, gri orta taban ve mavi taban\u0131yla dikkat \u00e7eker. May\u0131s 2019&#8217;da piyasaya s\u00fcr\u00fclm\u00fc\u015f bu model, \u015f\u0131kl\u0131\u011f\u0131 ve performans\u0131 bir arada sunar. Nike Kobe 4 Protro Carpe Diem, tarz\u0131n\u0131z\u0131 tamamlayacak m\u00fckemmel bir se\u00e7imdir.<\/p>\n","protected":false},"excerpt":{"rendered":"<p style=\"text-align: center;\">Nike Kobe 4 Protro Carpe Diem, Sneakerhead ruhunuzu besleyecek e\u015fsiz bir se\u00e7enek. Siyah \u00fcst y\u00fczeyi, sar\u0131 ve mor detaylar\u0131, mor kenarl\u0131kl\u0131 sar\u0131 Nike &#8220;Swoosh&#8221; logosu, gri orta taban ve mavi taban\u0131yla dikkat \u00e7eker. May\u0131s 2019&#8217;da piyasaya s\u00fcr\u00fclm\u00fc\u015f bu model, \u015f\u0131kl\u0131\u011f\u0131 ve performans\u0131 bir arada sunar. Nike Kobe 4 Protro Carpe Diem, tarz\u0131n\u0131z\u0131 tamamlayacak m\u00fckemmel bir se\u00e7imdir.<\/p>\n","protected":false},"featured_media":308180,"template":"","meta":{"_acf_changed":false},"product_brand":[2087,1928],"product_cat":[1880,1885,1582,98,74,1569],"product_tag":[1327],"class_list":{"0":"post-308212","1":"product","2":"type-product","3":"status-publish","4":"has-post-thumbnail","6":"product_brand-nike-en","7":"product_brand-nike","8":"product_cat-kobe","9":"product_cat-kobe-en","10":"product_cat-nike-en","11":"product_cat-nike","12":"product_cat-sneakers","13":"product_cat-sneakers-en","14":"product_tag-siyah","16":"first","17":"instock","18":"shipping-taxable","19":"purchasable","20":"product-type-variable"},"acf":[],"_links":{"self":[{"href":"https:\/\/sutore.com\/en\/wp-json\/wp\/v2\/product\/308212","targetHints":{"allow":["GET"]}}],"collection":[{"href":"https:\/\/sutore.com\/en\/wp-json\/wp\/v2\/product"}],"about":[{"href":"https:\/\/sutore.com\/en\/wp-json\/wp\/v2\/types\/product"}],"wp:featuredmedia":[{"embeddable":true,"href":"https:\/\/sutore.com\/en\/wp-json\/wp\/v2\/media\/308180"}],"wp:attachment":[{"href":"https:\/\/sutore.com\/en\/wp-json\/wp\/v2\/media?parent=308212"}],"wp:term":[{"taxonomy":"product_brand","embeddable":true,"href":"https:\/\/sutore.com\/en\/wp-json\/wp\/v2\/product_brand?post=308212"},{"taxonomy":"product_cat","embeddable":true,"href":"https:\/\/sutore.com\/en\/wp-json\/wp\/v2\/product_cat?post=308212"},{"taxonomy":"product_tag","embeddable":true,"href":"https:\/\/sutore.com\/en\/wp-json\/wp\/v2\/product_tag?post=308212"}],"curies":[{"name":"wp","href":"https:\/\/api.w.org\/{rel}","templated":true}]}}