{"id":308813,"date":"2024-12-01T05:41:41","date_gmt":"2024-12-01T02:41:41","guid":{"rendered":"https:\/\/sutore.com\/?post_type=product&#038;p=308813"},"modified":"2026-03-22T16:23:03","modified_gmt":"2026-03-22T13:23:03","slug":"polene-mokki-edition-textured-taupe","status":"publish","type":"product","link":"https:\/\/sutore.com\/en\/product\/polene-mokki-edition-textured-taupe\/","title":{"rendered":"Polene Mokki Edition Textured Taupe"},"content":{"rendered":"<p style=\"text-align: center;\">Polene Mokki modeli, desenli derisiyle katlama sanat\u0131n\u0131 sergileyen olduk\u00e7a dikkat \u00e7eken ve rahat bir \u00e7antad\u0131r. K\u00f6\u015feleri, d\u00fcz deriyi ortaya \u00e7\u0131karacak \u015fekilde kesilmi\u015ftir ve bu sayede dokular aras\u0131nda ince bir oyun yarat\u0131lm\u0131\u015ft\u0131r. \u0130\u00e7i geni\u015f ve b\u00f6lmeli olan \u00e7antan\u0131n t\u00fcm b\u00f6l\u00fcmleri, \u00fczerinde Pol\u00e8ne logosu bulunan bir katlanabilir kapakla korunmaktad\u0131r. Kancalarla sabitlenmi\u015f ayarlanabilir omuz ask\u0131s\u0131 sayesinde model, hareketlerinize kolayl\u0131kla uyum sa\u011flar. Bu \u00fcr\u00fcn, Ubrique, \u0130spanya&#8217;da deri e\u015fya zanaatkarlar\u0131 taraf\u0131ndan \u00fcretilmi\u015ftir ve di\u011fer bir ad\u0131 olan &#8220;Mokki&#8221;, Fince&#8217;de &#8220;kabin&#8221; anlam\u0131na gelmektedir. Derinin verdi\u011fi yo\u011funluk, \u00e7ok ho\u015f ve konforlu bir his yarat\u0131r. Boyutlar\u0131 24.5 x 32.5 x 11 cm ve a\u011f\u0131rl\u0131\u011f\u0131 860 g&#8217;dir. \u0130ki i\u00e7 b\u00f6lmesi ve bir cepken cebi bulunur. Omuz ask\u0131s\u0131 ayarlanabilir ve modeli elde ta\u015f\u0131maya veya \u00e7apraz veya omuzda ta\u015f\u0131maya olanak sa\u011flar. Polene Mokki Edition Desenli Taupe, markan\u0131n imzas\u0131 olan organik tasar\u0131ml\u0131 \u00e7\u0131t\u00e7\u0131t kilit ve alt \u00e7iviler ile tamamlanm\u0131\u015ft\u0131r.<\/p>\n","protected":false},"excerpt":{"rendered":"<p style=\"text-align: center;\">Polene Mokki modeli, desenli derisiyle katlama sanat\u0131n\u0131 sergileyen olduk\u00e7a dikkat \u00e7eken ve rahat bir \u00e7antad\u0131r. K\u00f6\u015feleri, d\u00fcz deriyi ortaya \u00e7\u0131karacak \u015fekilde kesilmi\u015ftir ve bu sayede dokular aras\u0131nda ince bir oyun yarat\u0131lm\u0131\u015ft\u0131r. \u0130\u00e7i geni\u015f ve b\u00f6lmeli olan \u00e7antan\u0131n t\u00fcm b\u00f6l\u00fcmleri, \u00fczerinde Pol\u00e8ne logosu bulunan bir katlanabilir kapakla korunmaktad\u0131r. Kancalarla sabitlenmi\u015f ayarlanabilir omuz ask\u0131s\u0131 sayesinde model, hareketlerinize kolayl\u0131kla uyum sa\u011flar. Bu \u00fcr\u00fcn, Ubrique, \u0130spanya&#8217;da deri e\u015fya zanaatkarlar\u0131 taraf\u0131ndan \u00fcretilmi\u015ftir ve di\u011fer bir ad\u0131 olan &#8220;Mokki&#8221;, Fince&#8217;de &#8220;kabin&#8221; anlam\u0131na gelmektedir. Derinin verdi\u011fi yo\u011funluk, \u00e7ok ho\u015f ve konforlu bir his yarat\u0131r. Boyutlar\u0131 24.5 x 32.5 x 11 cm ve a\u011f\u0131rl\u0131\u011f\u0131 860 g&#8217;dir. \u0130ki i\u00e7 b\u00f6lmesi ve bir cepken cebi bulunur. Omuz ask\u0131s\u0131 ayarlanabilir ve modeli elde ta\u015f\u0131maya veya \u00e7apraz veya omuzda ta\u015f\u0131maya olanak sa\u011flar. Polene Mokki Edition Desenli Taupe, markan\u0131n imzas\u0131 olan organik tasar\u0131ml\u0131 \u00e7\u0131t\u00e7\u0131t kilit ve alt \u00e7iviler ile tamamlanm\u0131\u015ft\u0131r.<\/p>\n","protected":false},"featured_media":524693,"template":"","meta":{"_acf_changed":false},"product_brand":[1913,2093],"product_cat":[1561,362,2166,2134],"product_tag":[1338],"class_list":{"0":"post-308813","1":"product","2":"type-product","3":"status-publish","4":"has-post-thumbnail","6":"product_brand-polene","7":"product_brand-polene-en","8":"product_cat-accessories-en","9":"product_cat-accessories","10":"product_cat-bags-en","11":"product_cat-bags","12":"product_tag-kahverengi","14":"first","15":"instock","16":"shipping-taxable","17":"purchasable","18":"product-type-variable"},"acf":[],"_links":{"self":[{"href":"https:\/\/sutore.com\/en\/wp-json\/wp\/v2\/product\/308813","targetHints":{"allow":["GET"]}}],"collection":[{"href":"https:\/\/sutore.com\/en\/wp-json\/wp\/v2\/product"}],"about":[{"href":"https:\/\/sutore.com\/en\/wp-json\/wp\/v2\/types\/product"}],"wp:featuredmedia":[{"embeddable":true,"href":"https:\/\/sutore.com\/en\/wp-json\/wp\/v2\/media\/524693"}],"wp:attachment":[{"href":"https:\/\/sutore.com\/en\/wp-json\/wp\/v2\/media?parent=308813"}],"wp:term":[{"taxonomy":"product_brand","embeddable":true,"href":"https:\/\/sutore.com\/en\/wp-json\/wp\/v2\/product_brand?post=308813"},{"taxonomy":"product_cat","embeddable":true,"href":"https:\/\/sutore.com\/en\/wp-json\/wp\/v2\/product_cat?post=308813"},{"taxonomy":"product_tag","embeddable":true,"href":"https:\/\/sutore.com\/en\/wp-json\/wp\/v2\/product_tag?post=308813"}],"curies":[{"name":"wp","href":"https:\/\/api.w.org\/{rel}","templated":true}]}}