{"id":309440,"date":"2024-05-04T06:05:58","date_gmt":"2024-05-04T03:05:58","guid":{"rendered":"https:\/\/sutore.com\/?post_type=product&#038;p=309440"},"modified":"2026-04-04T05:21:50","modified_gmt":"2026-04-04T02:21:50","slug":"adidas-samba-og-wonder-silver","status":"publish","type":"product","link":"https:\/\/sutore.com\/en\/product\/adidas-samba-og-wonder-silver\/","title":{"rendered":"adidas Samba OG Wonder Silver"},"content":{"rendered":"<p style=\"text-align: center;\">adidas Samba OG Wonder Silver (Kad\u0131n), 1950&#8217;lerin futbol modeli tasar\u0131m\u0131ndan ilham alan bir performans ayakkab\u0131s\u0131d\u0131r. Pale Gray-blue Wonder Silver renkte domuz s\u00fcet \u00fcst k\u0131sma sahip bu adidas Samba, Chalk White krep \u00fc\u00e7 \u00e7izgi ile dikkat \u00e7ekiyor. Yan taraf\u0131nda metalik alt\u0131n harflerle Samba markas\u0131 ve dil k\u0131sm\u0131nda parlak mavi adidas logosu bulunur. Off-white klasik kau\u00e7uk taban\u0131 konfor sunar. Bu n\u00f6tr ve zarif Wonder Silver renkli ayakkab\u0131, 4 May\u0131s 2024&#8217;te piyasaya s\u00fcr\u00fcld\u00fc.<\/p>\n","protected":false},"excerpt":{"rendered":"<p style=\"text-align: center;\">adidas Samba OG Wonder Silver (Kad\u0131n), 1950&#8217;lerin futbol modeli tasar\u0131m\u0131ndan ilham alan bir performans ayakkab\u0131s\u0131d\u0131r. Pale Gray-blue Wonder Silver renkte domuz s\u00fcet \u00fcst k\u0131sma sahip bu adidas Samba, Chalk White krep \u00fc\u00e7 \u00e7izgi ile dikkat \u00e7ekiyor. Yan taraf\u0131nda metalik alt\u0131n harflerle Samba markas\u0131 ve dil k\u0131sm\u0131nda parlak mavi adidas logosu bulunur. Off-white klasik kau\u00e7uk taban\u0131 konfor sunar. Bu n\u00f6tr ve zarif Wonder Silver renkli ayakkab\u0131, 4 May\u0131s 2024&#8217;te piyasaya s\u00fcr\u00fcld\u00fc.<\/p>\n","protected":false},"featured_media":309351,"template":"","meta":{"_acf_changed":false},"product_brand":[2127,1927],"product_cat":[71,1570,1799,1804,74,1569],"product_tag":[1334],"class_list":{"0":"post-309440","1":"product","2":"type-product","3":"status-publish","4":"has-post-thumbnail","6":"product_brand-adidas-en","7":"product_brand-adidas","8":"product_cat-adidas","9":"product_cat-adidas-en","10":"product_cat-samba","11":"product_cat-samba-en","12":"product_cat-sneakers","13":"product_cat-sneakers-en","14":"product_tag-gri","16":"first","17":"instock","18":"shipping-taxable","19":"purchasable","20":"product-type-variable"},"acf":[],"_links":{"self":[{"href":"https:\/\/sutore.com\/en\/wp-json\/wp\/v2\/product\/309440","targetHints":{"allow":["GET"]}}],"collection":[{"href":"https:\/\/sutore.com\/en\/wp-json\/wp\/v2\/product"}],"about":[{"href":"https:\/\/sutore.com\/en\/wp-json\/wp\/v2\/types\/product"}],"wp:featuredmedia":[{"embeddable":true,"href":"https:\/\/sutore.com\/en\/wp-json\/wp\/v2\/media\/309351"}],"wp:attachment":[{"href":"https:\/\/sutore.com\/en\/wp-json\/wp\/v2\/media?parent=309440"}],"wp:term":[{"taxonomy":"product_brand","embeddable":true,"href":"https:\/\/sutore.com\/en\/wp-json\/wp\/v2\/product_brand?post=309440"},{"taxonomy":"product_cat","embeddable":true,"href":"https:\/\/sutore.com\/en\/wp-json\/wp\/v2\/product_cat?post=309440"},{"taxonomy":"product_tag","embeddable":true,"href":"https:\/\/sutore.com\/en\/wp-json\/wp\/v2\/product_tag?post=309440"}],"curies":[{"name":"wp","href":"https:\/\/api.w.org\/{rel}","templated":true}]}}