{"id":309444,"date":"2022-12-13T06:05:59","date_gmt":"2022-12-13T03:05:59","guid":{"rendered":"https:\/\/sutore.com\/?post_type=product&#038;p=309444"},"modified":"2026-03-27T15:06:15","modified_gmt":"2026-03-27T12:06:15","slug":"adidas-gazelle-bold-grey-white-womens","status":"publish","type":"product","link":"https:\/\/sutore.com\/en\/product\/adidas-gazelle-bold-grey-white-womens\/","title":{"rendered":"adidas Gazelle Bold Grey White (W)"},"content":{"rendered":"<p style=\"text-align: center;\">adidas Gazelle Bold Grey White (W) kad\u0131n spor ayakkab\u0131s\u0131, minimal tasar\u0131m\u0131 ve konfor odakl\u0131 yap\u0131s\u0131yla spor ve g\u00fcnl\u00fck ya\u015fam i\u00e7in ideal. Gri s\u00fcet \u00fcst k\u0131sm\u0131 ile \u00e7ok y\u00f6nl\u00fc ve n\u00f6tr bir stil sunarken, beyaz \u00fc\u00e7 ikonik \u00e7izgi, topuk, ba\u011fc\u0131k sistemi ve dil detay\u0131 ile dikkat \u00e7ekiyor. D\u00fc\u015f\u00fck profilli tasar\u0131m, yast\u0131kl\u0131 i\u00e7 taban ve dolgulu yakas\u0131 g\u00fcn boyu rahatl\u0131k ve hareket \u00f6zg\u00fcrl\u00fc\u011f\u00fc sa\u011flar. Dayan\u0131kl\u0131 kau\u00e7uk d\u0131\u015f taban, m\u00fckemmel tutu\u015f sunar. Trefoil logosu ve yanlardaki metalik &#8220;Gazelle&#8221; yaz\u0131s\u0131 ile adidas markas\u0131 zarif bi\u00e7imde \u00f6ne \u00e7\u0131kar.<\/p>\n","protected":false},"excerpt":{"rendered":"<p style=\"text-align: center;\">adidas Gazelle Bold Grey White (W) kad\u0131n spor ayakkab\u0131s\u0131, minimal tasar\u0131m\u0131 ve konfor odakl\u0131 yap\u0131s\u0131yla spor ve g\u00fcnl\u00fck ya\u015fam i\u00e7in ideal. Gri s\u00fcet \u00fcst k\u0131sm\u0131 ile \u00e7ok y\u00f6nl\u00fc ve n\u00f6tr bir stil sunarken, beyaz \u00fc\u00e7 ikonik \u00e7izgi, topuk, ba\u011fc\u0131k sistemi ve dil detay\u0131 ile dikkat \u00e7ekiyor. D\u00fc\u015f\u00fck profilli tasar\u0131m, yast\u0131kl\u0131 i\u00e7 taban ve dolgulu yakas\u0131 g\u00fcn boyu rahatl\u0131k ve hareket \u00f6zg\u00fcrl\u00fc\u011f\u00fc sa\u011flar. Dayan\u0131kl\u0131 kau\u00e7uk d\u0131\u015f taban, m\u00fckemmel tutu\u015f sunar. Trefoil logosu ve yanlardaki metalik &#8220;Gazelle&#8221; yaz\u0131s\u0131 ile adidas markas\u0131 zarif bi\u00e7imde \u00f6ne \u00e7\u0131kar.<\/p>\n","protected":false},"featured_media":309399,"template":"","meta":{"_acf_changed":false},"product_brand":[2127,1927],"product_cat":[71,1570,1929,1936,74,1569],"product_tag":[1334],"class_list":{"0":"post-309444","1":"product","2":"type-product","3":"status-publish","4":"has-post-thumbnail","6":"product_brand-adidas-en","7":"product_brand-adidas","8":"product_cat-adidas","9":"product_cat-adidas-en","10":"product_cat-gazelle","11":"product_cat-gazelle-en","12":"product_cat-sneakers","13":"product_cat-sneakers-en","14":"product_tag-gri","16":"first","17":"instock","18":"shipping-taxable","19":"purchasable","20":"product-type-variable"},"acf":[],"_links":{"self":[{"href":"https:\/\/sutore.com\/en\/wp-json\/wp\/v2\/product\/309444","targetHints":{"allow":["GET"]}}],"collection":[{"href":"https:\/\/sutore.com\/en\/wp-json\/wp\/v2\/product"}],"about":[{"href":"https:\/\/sutore.com\/en\/wp-json\/wp\/v2\/types\/product"}],"wp:featuredmedia":[{"embeddable":true,"href":"https:\/\/sutore.com\/en\/wp-json\/wp\/v2\/media\/309399"}],"wp:attachment":[{"href":"https:\/\/sutore.com\/en\/wp-json\/wp\/v2\/media?parent=309444"}],"wp:term":[{"taxonomy":"product_brand","embeddable":true,"href":"https:\/\/sutore.com\/en\/wp-json\/wp\/v2\/product_brand?post=309444"},{"taxonomy":"product_cat","embeddable":true,"href":"https:\/\/sutore.com\/en\/wp-json\/wp\/v2\/product_cat?post=309444"},{"taxonomy":"product_tag","embeddable":true,"href":"https:\/\/sutore.com\/en\/wp-json\/wp\/v2\/product_tag?post=309444"}],"curies":[{"name":"wp","href":"https:\/\/api.w.org\/{rel}","templated":true}]}}