{"id":310643,"date":"2024-10-03T12:08:21","date_gmt":"2024-10-03T09:08:21","guid":{"rendered":"https:\/\/sutore.com\/?post_type=product&#038;p=310643"},"modified":"2026-04-03T16:45:12","modified_gmt":"2026-04-03T13:45:12","slug":"supreme-collegiate-acronym-hooded-sweatshirt-heather-grey","status":"publish","type":"product","link":"https:\/\/sutore.com\/en\/product\/supreme-collegiate-acronym-hooded-sweatshirt-heather-grey\/","title":{"rendered":"Supreme Collegiate Acronym Hooded Sweatshirt Heather Grey"},"content":{"rendered":"<p style=\"text-align: center;\">Supreme Collegiate Acronym Hooded Sweatshirt Heather Grey, rahat bir tarz sunarken ayn\u0131 zamanda \u015f\u0131kl\u0131k kat\u0131yor. Y\u00fcksek kaliteli malzemelerden \u00fcretilen sweatshirt, her mevsim kullan\u0131m i\u00e7in uygundur. Kap\u00fc\u015fonlu tasar\u0131m\u0131, sportif bir g\u00f6r\u00fcn\u00fcm sa\u011flarken, Heather Grey rengi ile gard\u0131robunuza modern bir dokunu\u015f ekler. Supreme markas\u0131n\u0131n imzas\u0131 olan bu sweatshirt, moday\u0131 takip edenler i\u00e7in vazge\u00e7ilmez bir par\u00e7ad\u0131r. Urban moda sevenlerin tercihi olan bu \u015f\u0131k kap\u00fc\u015fonlu sweatshirt, her k\u0131yafetle kolayca uyum sa\u011flar. \u015eimdi Supreme rahatl\u0131\u011f\u0131n\u0131 ve stilini deneyimleyin!<\/p>\n","protected":false},"excerpt":{"rendered":"<p style=\"text-align: center;\">Supreme Collegiate Acronym Hooded Sweatshirt Heather Grey, rahat bir tarz sunarken ayn\u0131 zamanda \u015f\u0131kl\u0131k kat\u0131yor. Y\u00fcksek kaliteli malzemelerden \u00fcretilen sweatshirt, her mevsim kullan\u0131m i\u00e7in uygundur. Kap\u00fc\u015fonlu tasar\u0131m\u0131, sportif bir g\u00f6r\u00fcn\u00fcm sa\u011flarken, Heather Grey rengi ile gard\u0131robunuza modern bir dokunu\u015f ekler. Supreme markas\u0131n\u0131n imzas\u0131 olan bu sweatshirt, moday\u0131 takip edenler i\u00e7in vazge\u00e7ilmez bir par\u00e7ad\u0131r. Urban moda sevenlerin tercihi olan bu \u015f\u0131k kap\u00fc\u015fonlu sweatshirt, her k\u0131yafetle kolayca uyum sa\u011flar. \u015eimdi Supreme rahatl\u0131\u011f\u0131n\u0131 ve stilini deneyimleyin!<\/p>\n","protected":false},"featured_media":310606,"template":"","meta":{"_acf_changed":false},"product_brand":[1942,1986],"product_cat":[1564,714,2179,2155],"product_tag":[1334],"class_list":{"0":"post-310643","1":"product","2":"type-product","3":"status-publish","4":"has-post-thumbnail","6":"product_brand-supreme","7":"product_brand-supreme-en","8":"product_cat-apparels-en","9":"product_cat-apparels","10":"product_cat-tops-en","11":"product_cat-tops","12":"product_tag-gri","14":"first","15":"outofstock","16":"shipping-taxable","17":"product-type-variable"},"acf":[],"_links":{"self":[{"href":"https:\/\/sutore.com\/en\/wp-json\/wp\/v2\/product\/310643","targetHints":{"allow":["GET"]}}],"collection":[{"href":"https:\/\/sutore.com\/en\/wp-json\/wp\/v2\/product"}],"about":[{"href":"https:\/\/sutore.com\/en\/wp-json\/wp\/v2\/types\/product"}],"wp:featuredmedia":[{"embeddable":true,"href":"https:\/\/sutore.com\/en\/wp-json\/wp\/v2\/media\/310606"}],"wp:attachment":[{"href":"https:\/\/sutore.com\/en\/wp-json\/wp\/v2\/media?parent=310643"}],"wp:term":[{"taxonomy":"product_brand","embeddable":true,"href":"https:\/\/sutore.com\/en\/wp-json\/wp\/v2\/product_brand?post=310643"},{"taxonomy":"product_cat","embeddable":true,"href":"https:\/\/sutore.com\/en\/wp-json\/wp\/v2\/product_cat?post=310643"},{"taxonomy":"product_tag","embeddable":true,"href":"https:\/\/sutore.com\/en\/wp-json\/wp\/v2\/product_tag?post=310643"}],"curies":[{"name":"wp","href":"https:\/\/api.w.org\/{rel}","templated":true}]}}