{"id":311445,"date":"2025-01-01T21:02:55","date_gmt":"2025-01-01T18:02:55","guid":{"rendered":"https:\/\/sutore.com\/?post_type=product&#038;p=311445"},"modified":"2025-12-01T00:48:30","modified_gmt":"2025-11-30T21:48:30","slug":"ugg-tazz-slipper-desert-blue-womens","status":"publish","type":"product","link":"https:\/\/sutore.com\/en\/product\/ugg-tazz-slipper-desert-blue-womens\/","title":{"rendered":"UGG Tazz Slipper Desert Blue (W)"},"content":{"rendered":"<p style=\"text-align: center;\">UGG Tazz Slipper Desert Blue (W) rahatl\u0131k ve \u015f\u0131kl\u0131\u011f\u0131 bir araya getiriyor. Yumu\u015fak i\u00e7 astar ve kaliteli d\u0131\u015f y\u00fczeyiyle g\u00fcn boyu konfor sunar. G\u00fcnl\u00fck kullan\u0131m i\u00e7in ideal olan bu ugg terlik, tarz\u0131n\u0131z\u0131 tamamlayan benzersiz Desert Blue rengiyle dikkat \u00e7eker. Kad\u0131nlar i\u00e7in \u00f6zel olarak tasarlanan bu model, hafif yap\u0131s\u0131yla her ad\u0131mda rahatl\u0131k sa\u011flar. Hem evde hem d\u0131\u015far\u0131da stil sahibi hissetmenizi sa\u011flar. UGG kalitesini ve modern tasar\u0131m\u0131 deneyimleyin.<\/p>\n","protected":false},"excerpt":{"rendered":"<p style=\"text-align: center;\">UGG Tazz Slipper Desert Blue (W) rahatl\u0131k ve \u015f\u0131kl\u0131\u011f\u0131 bir araya getiriyor. Yumu\u015fak i\u00e7 astar ve kaliteli d\u0131\u015f y\u00fczeyiyle g\u00fcn boyu konfor sunar. G\u00fcnl\u00fck kullan\u0131m i\u00e7in ideal olan bu ugg terlik, tarz\u0131n\u0131z\u0131 tamamlayan benzersiz Desert Blue rengiyle dikkat \u00e7eker. Kad\u0131nlar i\u00e7in \u00f6zel olarak tasarlanan bu model, hafif yap\u0131s\u0131yla her ad\u0131mda rahatl\u0131k sa\u011flar. Hem evde hem d\u0131\u015far\u0131da stil sahibi hissetmenizi sa\u011flar. UGG kalitesini ve modern tasar\u0131m\u0131 deneyimleyin.<\/p>\n","protected":false},"featured_media":311446,"template":"","meta":{"_acf_changed":false},"product_brand":[1989,2118],"product_cat":[74,1569,2186,2192,1797,1798],"product_tag":[1332],"class_list":{"0":"post-311445","1":"product","2":"type-product","3":"status-publish","4":"has-post-thumbnail","6":"product_brand-ugg","7":"product_brand-ugg-en","8":"product_cat-sneakers","9":"product_cat-sneakers-en","10":"product_cat-tazz","11":"product_cat-tazz-en","12":"product_cat-ugg","13":"product_cat-ugg-en","14":"product_tag-mavi","16":"first","17":"outofstock","18":"shipping-taxable","19":"purchasable","20":"product-type-variable"},"acf":[],"_links":{"self":[{"href":"https:\/\/sutore.com\/en\/wp-json\/wp\/v2\/product\/311445","targetHints":{"allow":["GET"]}}],"collection":[{"href":"https:\/\/sutore.com\/en\/wp-json\/wp\/v2\/product"}],"about":[{"href":"https:\/\/sutore.com\/en\/wp-json\/wp\/v2\/types\/product"}],"wp:featuredmedia":[{"embeddable":true,"href":"https:\/\/sutore.com\/en\/wp-json\/wp\/v2\/media\/311446"}],"wp:attachment":[{"href":"https:\/\/sutore.com\/en\/wp-json\/wp\/v2\/media?parent=311445"}],"wp:term":[{"taxonomy":"product_brand","embeddable":true,"href":"https:\/\/sutore.com\/en\/wp-json\/wp\/v2\/product_brand?post=311445"},{"taxonomy":"product_cat","embeddable":true,"href":"https:\/\/sutore.com\/en\/wp-json\/wp\/v2\/product_cat?post=311445"},{"taxonomy":"product_tag","embeddable":true,"href":"https:\/\/sutore.com\/en\/wp-json\/wp\/v2\/product_tag?post=311445"}],"curies":[{"name":"wp","href":"https:\/\/api.w.org\/{rel}","templated":true}]}}