{"id":311548,"date":"2022-01-27T16:52:41","date_gmt":"2022-01-27T13:52:41","guid":{"rendered":"https:\/\/sutore.com\/?post_type=product&#038;p=311548"},"modified":"2026-04-02T18:19:10","modified_gmt":"2026-04-02T15:19:10","slug":"salomon-xt-6-white-lunar-rock","status":"publish","type":"product","link":"https:\/\/sutore.com\/en\/product\/salomon-xt-6-white-lunar-rock\/","title":{"rendered":"Salomon XT-6 White Lunar Rock"},"content":{"rendered":"<p style=\"text-align: center;\">Salomon XT-6 White Lunar Rock ayakkab\u0131s\u0131, dayan\u0131kl\u0131 ve nefes alabilir file \u00fcst y\u00fczey ve TPU desteklerle g\u00fc\u00e7lendirilmi\u015ftir. Pratik quicklace sistemi, SensiFit teknolojisi ve ergonomik dil ile rahatl\u0131k sa\u011flar. EnergyCell orta taban\u0131 EVA malzemeden yap\u0131lm\u0131\u015ft\u0131r. Kau\u00e7uk dokulu Contagrip TA d\u0131\u015f taban\u0131 sayesinde m\u00fckemmel tutu\u015f sunar. 27 Ocak 2022&#8217;de piyasaya sunulan Salomon XT-6 White Lunar Rock, konfor, dayan\u0131kl\u0131l\u0131k ve esteti\u011fi bir araya getirir. Bu \u00f6zel tasar\u0131m, marka ve model tutkunlar\u0131 i\u00e7in vazge\u00e7ilmezdir.<\/p>\n","protected":false},"excerpt":{"rendered":"<p style=\"text-align: center;\">Salomon XT-6 White Lunar Rock ayakkab\u0131s\u0131, dayan\u0131kl\u0131 ve nefes alabilir file \u00fcst y\u00fczey ve TPU desteklerle g\u00fc\u00e7lendirilmi\u015ftir. Pratik quicklace sistemi, SensiFit teknolojisi ve ergonomik dil ile rahatl\u0131k sa\u011flar. EnergyCell orta taban\u0131 EVA malzemeden yap\u0131lm\u0131\u015ft\u0131r. Kau\u00e7uk dokulu Contagrip TA d\u0131\u015f taban\u0131 sayesinde m\u00fckemmel tutu\u015f sunar. 27 Ocak 2022&#8217;de piyasaya sunulan Salomon XT-6 White Lunar Rock, konfor, dayan\u0131kl\u0131l\u0131k ve esteti\u011fi bir araya getirir. Bu \u00f6zel tasar\u0131m, marka ve model tutkunlar\u0131 i\u00e7in vazge\u00e7ilmezdir.<\/p>\n","protected":false},"featured_media":311560,"template":"","meta":{"_acf_changed":false},"product_brand":[1997,2106],"product_cat":[2158,2182,74,1569],"product_tag":[1328],"class_list":{"0":"post-311548","1":"product","2":"type-product","3":"status-publish","4":"has-post-thumbnail","6":"product_brand-salomon","7":"product_brand-salomon-en","8":"product_cat-others","9":"product_cat-others-en","10":"product_cat-sneakers","11":"product_cat-sneakers-en","12":"product_tag-beyaz","14":"first","15":"instock","16":"shipping-taxable","17":"purchasable","18":"product-type-variable"},"acf":[],"_links":{"self":[{"href":"https:\/\/sutore.com\/en\/wp-json\/wp\/v2\/product\/311548","targetHints":{"allow":["GET"]}}],"collection":[{"href":"https:\/\/sutore.com\/en\/wp-json\/wp\/v2\/product"}],"about":[{"href":"https:\/\/sutore.com\/en\/wp-json\/wp\/v2\/types\/product"}],"wp:featuredmedia":[{"embeddable":true,"href":"https:\/\/sutore.com\/en\/wp-json\/wp\/v2\/media\/311560"}],"wp:attachment":[{"href":"https:\/\/sutore.com\/en\/wp-json\/wp\/v2\/media?parent=311548"}],"wp:term":[{"taxonomy":"product_brand","embeddable":true,"href":"https:\/\/sutore.com\/en\/wp-json\/wp\/v2\/product_brand?post=311548"},{"taxonomy":"product_cat","embeddable":true,"href":"https:\/\/sutore.com\/en\/wp-json\/wp\/v2\/product_cat?post=311548"},{"taxonomy":"product_tag","embeddable":true,"href":"https:\/\/sutore.com\/en\/wp-json\/wp\/v2\/product_tag?post=311548"}],"curies":[{"name":"wp","href":"https:\/\/api.w.org\/{rel}","templated":true}]}}