{"id":312829,"date":"2024-06-26T12:40:39","date_gmt":"2024-06-26T09:40:39","guid":{"rendered":"https:\/\/sutore.com\/?post_type=product&#038;p=312829"},"modified":"2026-04-03T16:45:09","modified_gmt":"2026-04-03T13:45:09","slug":"chrome-hearts-stencil-hoodie-black","status":"publish","type":"product","link":"https:\/\/sutore.com\/en\/product\/chrome-hearts-stencil-hoodie-black\/","title":{"rendered":"Chrome Hearts Stencil Hoodie Black"},"content":{"rendered":"<p style=\"text-align: center;\">Chrome Hearts Stencil Hoodie Black, \u015f\u0131kl\u0131\u011f\u0131 ve rahatl\u0131\u011f\u0131 bir arada sunuyor. Yumu\u015fak kuma\u015f\u0131 ve dikkat \u00e7ekici stili ile bu hoodie, hem g\u00fcnl\u00fck kullan\u0131m hem de \u00f6zel etkinlikler i\u00e7in ideal. Moda tutkunlar\u0131 i\u00e7in vazge\u00e7ilmez olan bu siyah hoodie, her kombinle uyum sa\u011flar. Gard\u0131robunuza \u00e7arp\u0131c\u0131 bir dokunu\u015f katmak isteyenler i\u00e7in m\u00fckemmel bir se\u00e7im. Bu harika par\u00e7a ile tarz\u0131n\u0131z\u0131 ifade edin.<\/p>\n","protected":false},"excerpt":{"rendered":"<p style=\"text-align: center;\">Chrome Hearts Stencil Hoodie Black, \u015f\u0131kl\u0131\u011f\u0131 ve rahatl\u0131\u011f\u0131 bir arada sunuyor. Yumu\u015fak kuma\u015f\u0131 ve dikkat \u00e7ekici stili ile bu hoodie, hem g\u00fcnl\u00fck kullan\u0131m hem de \u00f6zel etkinlikler i\u00e7in ideal. Moda tutkunlar\u0131 i\u00e7in vazge\u00e7ilmez olan bu siyah hoodie, her kombinle uyum sa\u011flar. Gard\u0131robunuza \u00e7arp\u0131c\u0131 bir dokunu\u015f katmak isteyenler i\u00e7in m\u00fckemmel bir se\u00e7im. Bu harika par\u00e7a ile tarz\u0131n\u0131z\u0131 ifade edin.<\/p>\n","protected":false},"featured_media":312857,"template":"","meta":{"_acf_changed":false},"product_brand":[2054,1911],"product_cat":[1564,714,2179,2155],"product_tag":[1327],"class_list":{"0":"post-312829","1":"product","2":"type-product","3":"status-publish","4":"has-post-thumbnail","6":"product_brand-chrome-hearts-en","7":"product_brand-chrome-hearts","8":"product_cat-apparels-en","9":"product_cat-apparels","10":"product_cat-tops-en","11":"product_cat-tops","12":"product_tag-siyah","14":"first","15":"outofstock","16":"shipping-taxable","17":"product-type-variable"},"acf":[],"_links":{"self":[{"href":"https:\/\/sutore.com\/en\/wp-json\/wp\/v2\/product\/312829","targetHints":{"allow":["GET"]}}],"collection":[{"href":"https:\/\/sutore.com\/en\/wp-json\/wp\/v2\/product"}],"about":[{"href":"https:\/\/sutore.com\/en\/wp-json\/wp\/v2\/types\/product"}],"wp:featuredmedia":[{"embeddable":true,"href":"https:\/\/sutore.com\/en\/wp-json\/wp\/v2\/media\/312857"}],"wp:attachment":[{"href":"https:\/\/sutore.com\/en\/wp-json\/wp\/v2\/media?parent=312829"}],"wp:term":[{"taxonomy":"product_brand","embeddable":true,"href":"https:\/\/sutore.com\/en\/wp-json\/wp\/v2\/product_brand?post=312829"},{"taxonomy":"product_cat","embeddable":true,"href":"https:\/\/sutore.com\/en\/wp-json\/wp\/v2\/product_cat?post=312829"},{"taxonomy":"product_tag","embeddable":true,"href":"https:\/\/sutore.com\/en\/wp-json\/wp\/v2\/product_tag?post=312829"}],"curies":[{"name":"wp","href":"https:\/\/api.w.org\/{rel}","templated":true}]}}