{"id":314652,"date":"2025-01-01T15:50:01","date_gmt":"2025-01-01T12:50:01","guid":{"rendered":"https:\/\/sutore.com\/?post_type=product&#038;p=314652"},"modified":"2026-02-21T00:12:49","modified_gmt":"2026-02-20T21:12:49","slug":"louis-vuitton-x-takashi-murakami-key-pouch-black-multicolored","status":"publish","type":"product","link":"https:\/\/sutore.com\/en\/product\/louis-vuitton-x-takashi-murakami-key-pouch-black-multicolored\/","title":{"rendered":"Louis Vuitton x Takashi Murakami Key Pouch Black Multicolored"},"content":{"rendered":"<p style=\"text-align: center;\">Louis Vuitton x Murakami koleksiyonunun yeniden bas\u0131m\u0131ndan bu co\u015fkulu Anahtar Kesesi, House&#8217;un ikonik Monogram motifini Japon sanat\u00e7\u0131n\u0131n g\u00f6kku\u015fa\u011f\u0131 paletiyle birle\u015ftiren canl\u0131 bir imza bask\u0131s\u0131yla kaplanm\u0131\u015f kanvastan \u00fcretilmi\u015ftir. G\u00fcm\u00fc\u015f tonlu bir fermuarla ba\u011flan\u0131r ve anahtarlar\u0131 g\u00fcvende tutmak i\u00e7in kancal\u0131 bir zincir i\u00e7erir.<br \/>\n12 \u00d7 7 \u00d7 1.5 cm<\/p>\n","protected":false},"excerpt":{"rendered":"<p style=\"text-align: center;\">Louis Vuitton x Murakami koleksiyonunun yeniden bas\u0131m\u0131ndan bu co\u015fkulu Anahtar Kesesi, House&#8217;un ikonik Monogram motifini Japon sanat\u00e7\u0131n\u0131n g\u00f6kku\u015fa\u011f\u0131 paletiyle birle\u015ftiren canl\u0131 bir imza bask\u0131s\u0131yla kaplanm\u0131\u015f kanvastan \u00fcretilmi\u015ftir. G\u00fcm\u00fc\u015f tonlu bir fermuarla ba\u011flan\u0131r ve anahtarlar\u0131 g\u00fcvende tutmak i\u00e7in kancal\u0131 bir zincir i\u00e7erir.<br \/>\n12 \u00d7 7 \u00d7 1.5 cm<\/p>\n","protected":false},"featured_media":314714,"template":"","meta":{"_acf_changed":false},"product_brand":[1978,2082],"product_cat":[1561,362,2133,2170],"product_tag":[1327],"class_list":{"0":"post-314652","1":"product","2":"type-product","3":"status-publish","4":"has-post-thumbnail","6":"product_brand-louis-vuitton","7":"product_brand-louis-vuitton-en","8":"product_cat-accessories-en","9":"product_cat-accessories","10":"product_cat-wallets-card-holders","11":"product_cat-wallets-card-holders-en","12":"product_tag-siyah","14":"first","15":"outofstock","16":"shipping-taxable","17":"product-type-variable"},"acf":[],"_links":{"self":[{"href":"https:\/\/sutore.com\/en\/wp-json\/wp\/v2\/product\/314652","targetHints":{"allow":["GET"]}}],"collection":[{"href":"https:\/\/sutore.com\/en\/wp-json\/wp\/v2\/product"}],"about":[{"href":"https:\/\/sutore.com\/en\/wp-json\/wp\/v2\/types\/product"}],"wp:featuredmedia":[{"embeddable":true,"href":"https:\/\/sutore.com\/en\/wp-json\/wp\/v2\/media\/314714"}],"wp:attachment":[{"href":"https:\/\/sutore.com\/en\/wp-json\/wp\/v2\/media?parent=314652"}],"wp:term":[{"taxonomy":"product_brand","embeddable":true,"href":"https:\/\/sutore.com\/en\/wp-json\/wp\/v2\/product_brand?post=314652"},{"taxonomy":"product_cat","embeddable":true,"href":"https:\/\/sutore.com\/en\/wp-json\/wp\/v2\/product_cat?post=314652"},{"taxonomy":"product_tag","embeddable":true,"href":"https:\/\/sutore.com\/en\/wp-json\/wp\/v2\/product_tag?post=314652"}],"curies":[{"name":"wp","href":"https:\/\/api.w.org\/{rel}","templated":true}]}}