{"id":314655,"date":"2025-01-01T15:50:02","date_gmt":"2025-01-01T12:50:02","guid":{"rendered":"https:\/\/sutore.com\/?post_type=product&#038;p=314655"},"modified":"2026-03-03T15:41:24","modified_gmt":"2026-03-03T12:41:24","slug":"louis-vuitton-x-takashi-murakami-panda-card-holder-monogram","status":"publish","type":"product","link":"https:\/\/sutore.com\/en\/product\/louis-vuitton-x-takashi-murakami-panda-card-holder-monogram\/","title":{"rendered":"Louis Vuitton x Takashi Murakami Panda Card Holder Monogram"},"content":{"rendered":"<p style=\"text-align: center;\">Bu temel kartl\u0131k, Louis Vuitton x Murakami koleksiyonunun yeniden bas\u0131m\u0131ndan canl\u0131 detaylarla ne\u015feli bir \u015fekilde yeniden tasarland\u0131. Evin ikonik Monogram motifi, Japon sanat\u00e7\u0131n\u0131n imzas\u0131 niteli\u011findeki Panda karakteri ile ne\u015feli tonlarda kaplanm\u0131\u015f ve \u00fcst k\u0131s\u0131mdaki parlak pembe ile tamamlanm\u0131\u015ft\u0131r. Kaplamal\u0131 kanvastan \u015f\u0131k \u00f6l\u00e7\u00fclerde \u00fcretilen \u00e7oklu b\u00f6lmeler, kartlar ve makbuzlar gibi g\u00fcnl\u00fck ihtiya\u00e7lar\u0131n\u0131z\u0131 d\u00fczenler.<br \/>\n<bdo dir=\"ltr\">11 x 7 x 0.5 <\/bdo>cm<\/p>\n","protected":false},"excerpt":{"rendered":"<p style=\"text-align: center;\">Bu temel kartl\u0131k, Louis Vuitton x Murakami koleksiyonunun yeniden bas\u0131m\u0131ndan canl\u0131 detaylarla ne\u015feli bir \u015fekilde yeniden tasarland\u0131. Evin ikonik Monogram motifi, Japon sanat\u00e7\u0131n\u0131n imzas\u0131 niteli\u011findeki Panda karakteri ile ne\u015feli tonlarda kaplanm\u0131\u015f ve \u00fcst k\u0131s\u0131mdaki parlak pembe ile tamamlanm\u0131\u015ft\u0131r. Kaplamal\u0131 kanvastan \u015f\u0131k \u00f6l\u00e7\u00fclerde \u00fcretilen \u00e7oklu b\u00f6lmeler, kartlar ve makbuzlar gibi g\u00fcnl\u00fck ihtiya\u00e7lar\u0131n\u0131z\u0131 d\u00fczenler.<br \/>\n<bdo dir=\"ltr\">11 x 7 x 0.5 <\/bdo>cm<\/p>\n","protected":false},"featured_media":314732,"template":"","meta":{"_acf_changed":false},"product_brand":[1978,2082],"product_cat":[1561,362,2133,2170],"product_tag":[1338],"class_list":{"0":"post-314655","1":"product","2":"type-product","3":"status-publish","4":"has-post-thumbnail","6":"product_brand-louis-vuitton","7":"product_brand-louis-vuitton-en","8":"product_cat-accessories-en","9":"product_cat-accessories","10":"product_cat-wallets-card-holders","11":"product_cat-wallets-card-holders-en","12":"product_tag-kahverengi","14":"first","15":"instock","16":"shipping-taxable","17":"purchasable","18":"product-type-variable"},"acf":[],"_links":{"self":[{"href":"https:\/\/sutore.com\/en\/wp-json\/wp\/v2\/product\/314655","targetHints":{"allow":["GET"]}}],"collection":[{"href":"https:\/\/sutore.com\/en\/wp-json\/wp\/v2\/product"}],"about":[{"href":"https:\/\/sutore.com\/en\/wp-json\/wp\/v2\/types\/product"}],"wp:featuredmedia":[{"embeddable":true,"href":"https:\/\/sutore.com\/en\/wp-json\/wp\/v2\/media\/314732"}],"wp:attachment":[{"href":"https:\/\/sutore.com\/en\/wp-json\/wp\/v2\/media?parent=314655"}],"wp:term":[{"taxonomy":"product_brand","embeddable":true,"href":"https:\/\/sutore.com\/en\/wp-json\/wp\/v2\/product_brand?post=314655"},{"taxonomy":"product_cat","embeddable":true,"href":"https:\/\/sutore.com\/en\/wp-json\/wp\/v2\/product_cat?post=314655"},{"taxonomy":"product_tag","embeddable":true,"href":"https:\/\/sutore.com\/en\/wp-json\/wp\/v2\/product_tag?post=314655"}],"curies":[{"name":"wp","href":"https:\/\/api.w.org\/{rel}","templated":true}]}}