{"id":32142,"date":"2021-08-02T00:34:19","date_gmt":"2021-08-01T21:34:19","guid":{"rendered":"https:\/\/sutore.com\/?post_type=product&#038;p=32142"},"modified":"2026-03-21T01:28:18","modified_gmt":"2026-03-20T22:28:18","slug":"adidas-yeezy-foam-rnnr-mx-cream-clay","status":"publish","type":"product","link":"https:\/\/sutore.com\/en\/product\/adidas-yeezy-foam-rnnr-mx-cream-clay\/","title":{"rendered":"adidas Yeezy Foam RNNR MX Cream Clay"},"content":{"rendered":"<p style=\"text-align: center;\">Yeezy Ailesi, \u015fimdi sutore&#8217;de bulunan adidas Yeezy Boost 700 Salt ile pop\u00fcler serisine yeni bir renk gurubu ekliyor.\u00a0 Bu Boost 700, Yeezy&#8217;nin imza paletine sad\u0131k kalarak do\u011fall\u0131\u011f\u0131 hissettiren toprak tonlar sunuyor.<\/p>\n<p style=\"text-align: center;\">Bu Yeezy Boost 700, s\u00fcet kaplamalarla Salt bir \u00fcst i\u00e7eriyor. Boost yast\u0131kl\u0131 taban ve siyah d\u0131\u015f taban tasar\u0131m\u0131 tamaml\u0131yor. \u015eubat 2019\u2019da piyasaya s\u00fcr\u00fclen bu model 300 dolar fiyat etiketiyle vitrinlerdeki yerini ald\u0131. Bu do\u011fal modeli stoklar erimeden hemen sat\u0131n al.<\/p>\n<p style=\"text-align: center;\">\u00dcr\u00fcn hakk\u0131nda daha fazla bilgi almak ve \u00fcr\u00fcn\u00fcn g\u00fcncel global piyasa de\u011ferini takip etmek i\u00e7in <a href=\"https:\/\/stockx.com\/adidas-yeezy-foam-rnnr-mx-cream-clay\" target=\"_blank\" rel=\"noopener noreferrer\">StockX<\/a> adresini ziyaret edebilirsiniz.<\/p>\n","protected":false},"excerpt":{"rendered":"<p style=\"text-align: center;\">\u00dcr\u00fcn hakk\u0131nda daha fazla bilgi almak ve \u00fcr\u00fcn\u00fcn g\u00fcncel global piyasa de\u011ferini takip etmek i\u00e7in <a href=\"https:\/\/stockx.com\/adidas-yeezy-foam-rnnr-mx-cream-clay\" target=\"_blank\" rel=\"noopener noreferrer\">StockX<\/a> adresini ziyaret edebilirsiniz.<\/p>\n","protected":false},"featured_media":32154,"template":"","meta":{"_acf_changed":false},"product_brand":[1927,2127,2003,2126],"product_cat":[74,71,1570,1569,72,1571],"product_tag":[1328,1334,1338],"class_list":{"0":"post-32142","1":"product","2":"type-product","3":"status-publish","4":"has-post-thumbnail","6":"product_brand-adidas","7":"product_brand-adidas-en","8":"product_brand-yeezy","9":"product_brand-yeezy-en","10":"product_cat-sneakers","11":"product_cat-adidas","12":"product_cat-adidas-en","13":"product_cat-sneakers-en","14":"product_cat-yeezy","15":"product_cat-yeezy-en","16":"product_tag-beyaz","17":"product_tag-gri","18":"product_tag-kahverengi","20":"first","21":"instock","22":"shipping-taxable","23":"purchasable","24":"product-type-variable"},"acf":[],"_links":{"self":[{"href":"https:\/\/sutore.com\/en\/wp-json\/wp\/v2\/product\/32142","targetHints":{"allow":["GET"]}}],"collection":[{"href":"https:\/\/sutore.com\/en\/wp-json\/wp\/v2\/product"}],"about":[{"href":"https:\/\/sutore.com\/en\/wp-json\/wp\/v2\/types\/product"}],"wp:featuredmedia":[{"embeddable":true,"href":"https:\/\/sutore.com\/en\/wp-json\/wp\/v2\/media\/32154"}],"wp:attachment":[{"href":"https:\/\/sutore.com\/en\/wp-json\/wp\/v2\/media?parent=32142"}],"wp:term":[{"taxonomy":"product_brand","embeddable":true,"href":"https:\/\/sutore.com\/en\/wp-json\/wp\/v2\/product_brand?post=32142"},{"taxonomy":"product_cat","embeddable":true,"href":"https:\/\/sutore.com\/en\/wp-json\/wp\/v2\/product_cat?post=32142"},{"taxonomy":"product_tag","embeddable":true,"href":"https:\/\/sutore.com\/en\/wp-json\/wp\/v2\/product_tag?post=32142"}],"curies":[{"name":"wp","href":"https:\/\/api.w.org\/{rel}","templated":true}]}}