{"id":32392,"date":"2021-07-30T16:20:07","date_gmt":"2021-07-30T13:20:07","guid":{"rendered":"https:\/\/sutore.com\/?post_type=product&#038;p=32392"},"modified":"2026-03-27T16:05:23","modified_gmt":"2026-03-27T13:05:23","slug":"nike-air-jordan-1-mid-anti-gravity-machines-w","status":"publish","type":"product","link":"https:\/\/sutore.com\/en\/product\/nike-air-jordan-1-mid-anti-gravity-machines-w\/","title":{"rendered":"Nike Air Jordan 1 Mid Anti Gravity Machines (W)"},"content":{"rendered":"<p style=\"text-align: center\">Jordan Ailesi, \u015fimdi sutore&#8217;de bulunan Nike Air Jordan 1 Mid Dirty Powder Iridescent ile klasik siluetine yeni bir renk grubu ekliyor. Bu dikkat \u00e7eken model, kad\u0131nlara \u00f6zg\u00fc olarak piyasaya \u00e7\u0131k\u0131yor<\/p>\n<p style=\"text-align: center\">Bu Jordan 1, siyah kaplamalarla birlikte bej deri bir \u00fcst i\u00e7eriyor. Yandaki siyah Nike logosu, yans\u0131t\u0131c\u0131 detaylar ve siyah d\u0131\u015f taban tasar\u0131m\u0131 tamaml\u0131yor. \u015eubat 2020&#8217;de piyasaya s\u00fcr\u00fclen bu model 115 dolar fiyat etiketiyle vitrinlerdeki yerini ald\u0131. Bu \u00e7arp\u0131c\u0131 stili stoklar s\u00f6nmeden hemen sat\u0131n al.<\/p>\n<p style=\"text-align: center\">\u00dcr\u00fcn hakk\u0131nda daha fazla bilgi almak ve \u00fcr\u00fcn\u00fcn g\u00fcncel global piyasa de\u011ferini takip etmek i\u00e7in\u00a0StockX\u00a0adresini ziyaret edebilirsiniz.<\/p>\n","protected":false},"excerpt":{"rendered":"<p style=\"text-align: center\">\u00dcr\u00fcn hakk\u0131nda daha fazla bilgi almak ve \u00fcr\u00fcn\u00fcn g\u00fcncel global piyasa de\u011ferini takip etmek i\u00e7in\u00a0StockX\u00a0adresini ziyaret edebilirsiniz.<\/p>\n","protected":false},"featured_media":32408,"template":"","meta":{"_acf_changed":false},"product_brand":[2041,2019,2087,1928],"product_cat":[74,1577,96,944,1580,1569],"product_tag":[1329],"class_list":{"0":"post-32392","1":"product","2":"type-product","3":"status-publish","4":"has-post-thumbnail","6":"product_brand-air-jordan-en","7":"product_brand-air-jordan","8":"product_brand-nike-en","9":"product_brand-nike","10":"product_cat-sneakers","11":"product_cat-air-jordan-en","12":"product_cat-air-jordan","13":"product_cat-mid","14":"product_cat-mid-en","15":"product_cat-sneakers-en","16":"product_tag-kirmizi","18":"first","19":"instock","20":"shipping-taxable","21":"purchasable","22":"product-type-variable"},"acf":[],"_links":{"self":[{"href":"https:\/\/sutore.com\/en\/wp-json\/wp\/v2\/product\/32392","targetHints":{"allow":["GET"]}}],"collection":[{"href":"https:\/\/sutore.com\/en\/wp-json\/wp\/v2\/product"}],"about":[{"href":"https:\/\/sutore.com\/en\/wp-json\/wp\/v2\/types\/product"}],"wp:featuredmedia":[{"embeddable":true,"href":"https:\/\/sutore.com\/en\/wp-json\/wp\/v2\/media\/32408"}],"wp:attachment":[{"href":"https:\/\/sutore.com\/en\/wp-json\/wp\/v2\/media?parent=32392"}],"wp:term":[{"taxonomy":"product_brand","embeddable":true,"href":"https:\/\/sutore.com\/en\/wp-json\/wp\/v2\/product_brand?post=32392"},{"taxonomy":"product_cat","embeddable":true,"href":"https:\/\/sutore.com\/en\/wp-json\/wp\/v2\/product_cat?post=32392"},{"taxonomy":"product_tag","embeddable":true,"href":"https:\/\/sutore.com\/en\/wp-json\/wp\/v2\/product_tag?post=32392"}],"curies":[{"name":"wp","href":"https:\/\/api.w.org\/{rel}","templated":true}]}}