{"id":334593,"date":"2022-12-17T22:07:14","date_gmt":"2022-12-17T19:07:14","guid":{"rendered":"https:\/\/sutore.com\/?post_type=product&#038;p=334593"},"modified":"2026-03-21T00:38:55","modified_gmt":"2026-03-20T21:38:55","slug":"new-balance-1906r-neon-nights","status":"publish","type":"product","link":"https:\/\/sutore.com\/en\/product\/new-balance-1906r-neon-nights\/","title":{"rendered":"New Balance 1906R Neon Nights"},"content":{"rendered":"<p style=\"text-align: center;\">New Balance 1906R Neon Nights spor ayakkab\u0131s\u0131, New Balance tasar\u0131mlar\u0131nda al\u0131\u015f\u0131lm\u0131\u015f\u0131n d\u0131\u015f\u0131nda bir se\u00e7enek sunar. Mesh ve deri \u00fcst k\u0131sm\u0131, siyah taban \u00fczerine mavi, pembe, mor, ye\u015fil, turuncu ve sar\u0131 gibi canl\u0131 renklerle dikkat \u00e7eker. ABZORB taban teknolojisi konfor sa\u011flarken, Stability Web d\u0131\u015f taban \u00fcst\u00fcn destek sunar. Bu \u00e7arp\u0131c\u0131 model, \u015f\u0131k tasar\u0131m\u0131n yan\u0131 s\u0131ra rahatl\u0131k arayanlar i\u00e7in idealdir. New Balance 1906R Neon Nights, benzersiz tarz ve renklerin m\u00fckemmel uyumunu temsil eder. 17 Aral\u0131k 2022&#8217;de piyasaya s\u00fcr\u00fclen bu ayakkab\u0131, yeni-balance severler i\u00e7in vazge\u00e7ilmez bir par\u00e7a.<\/p>\n","protected":false},"excerpt":{"rendered":"<p style=\"text-align: center;\">New Balance 1906R Neon Nights spor ayakkab\u0131s\u0131, New Balance tasar\u0131mlar\u0131nda al\u0131\u015f\u0131lm\u0131\u015f\u0131n d\u0131\u015f\u0131nda bir se\u00e7enek sunar. Mesh ve deri \u00fcst k\u0131sm\u0131, siyah taban \u00fczerine mavi, pembe, mor, ye\u015fil, turuncu ve sar\u0131 gibi canl\u0131 renklerle dikkat \u00e7eker. ABZORB taban teknolojisi konfor sa\u011flarken, Stability Web d\u0131\u015f taban \u00fcst\u00fcn destek sunar. Bu \u00e7arp\u0131c\u0131 model, \u015f\u0131k tasar\u0131m\u0131n yan\u0131 s\u0131ra rahatl\u0131k arayanlar i\u00e7in idealdir. New Balance 1906R Neon Nights, benzersiz tarz ve renklerin m\u00fckemmel uyumunu temsil eder. 17 Aral\u0131k 2022&#8217;de piyasaya s\u00fcr\u00fclen bu ayakkab\u0131, yeni-balance severler i\u00e7in vazge\u00e7ilmez bir par\u00e7a.<\/p>\n","protected":false},"featured_media":334447,"template":"","meta":{"_acf_changed":false},"product_brand":[1980,2086],"product_cat":[1944,1945,109,1588,74,1569],"product_tag":[1336],"class_list":{"0":"post-334593","1":"product","2":"type-product","3":"status-publish","4":"has-post-thumbnail","6":"product_brand-new-balance","7":"product_brand-new-balance-en","8":"product_cat-1906r","9":"product_cat-1906r-en","10":"product_cat-new-balance","11":"product_cat-new-balance-en","12":"product_cat-sneakers","13":"product_cat-sneakers-en","14":"product_tag-cok-renk","16":"first","17":"instock","18":"shipping-taxable","19":"purchasable","20":"product-type-variable"},"acf":[],"_links":{"self":[{"href":"https:\/\/sutore.com\/en\/wp-json\/wp\/v2\/product\/334593","targetHints":{"allow":["GET"]}}],"collection":[{"href":"https:\/\/sutore.com\/en\/wp-json\/wp\/v2\/product"}],"about":[{"href":"https:\/\/sutore.com\/en\/wp-json\/wp\/v2\/types\/product"}],"wp:featuredmedia":[{"embeddable":true,"href":"https:\/\/sutore.com\/en\/wp-json\/wp\/v2\/media\/334447"}],"wp:attachment":[{"href":"https:\/\/sutore.com\/en\/wp-json\/wp\/v2\/media?parent=334593"}],"wp:term":[{"taxonomy":"product_brand","embeddable":true,"href":"https:\/\/sutore.com\/en\/wp-json\/wp\/v2\/product_brand?post=334593"},{"taxonomy":"product_cat","embeddable":true,"href":"https:\/\/sutore.com\/en\/wp-json\/wp\/v2\/product_cat?post=334593"},{"taxonomy":"product_tag","embeddable":true,"href":"https:\/\/sutore.com\/en\/wp-json\/wp\/v2\/product_tag?post=334593"}],"curies":[{"name":"wp","href":"https:\/\/api.w.org\/{rel}","templated":true}]}}