{"id":334594,"date":"2025-03-05T22:07:14","date_gmt":"2025-03-05T19:07:14","guid":{"rendered":"https:\/\/sutore.com\/?post_type=product&#038;p=334594"},"modified":"2026-04-04T05:02:59","modified_gmt":"2026-04-04T02:02:59","slug":"new-balance-1906a-olive-juice-sea-salt","status":"publish","type":"product","link":"https:\/\/sutore.com\/en\/product\/new-balance-1906a-olive-juice-sea-salt\/","title":{"rendered":"New Balance 1906A Olive Juice Sea Salt"},"content":{"rendered":"<p style=\"text-align: center;\">New Balance 1906A Olive Juice Sea Salt, ko\u015fu tutkunlar\u0131 i\u00e7in ideal bir se\u00e7im. Bu \u015f\u0131k ve rahat sneakers, zorlu aktivitelerde \u00fcst\u00fcn performans sunar. Ayakkab\u0131n\u0131n \u00f6zel yap\u0131s\u0131 ve \u015f\u0131k tasar\u0131m\u0131 ile hem g\u00fcnl\u00fck giyime hem de antrenmanlara uygundur. New Balance kalitesini hissettiren bu model, Olive Juice ve Sea Salt renkleriyle g\u00f6z al\u0131c\u0131 bir \u015f\u0131kl\u0131k sunuyor. Y\u00fcksek kaliteli malzemeleri sayesinde uzun \u00f6m\u00fcrl\u00fc ve dayan\u0131kl\u0131d\u0131r. Ko\u015fu ve spor ayakkab\u0131s\u0131 kategorilerinde \u00f6ne \u00e7\u0131kan bu model, hem stil hem de konfor arayanlar i\u00e7in m\u00fckemmel bir se\u00e7enek.<\/p>\n","protected":false},"excerpt":{"rendered":"<p style=\"text-align: center;\">New Balance 1906A Olive Juice Sea Salt, ko\u015fu tutkunlar\u0131 i\u00e7in ideal bir se\u00e7im. Bu \u015f\u0131k ve rahat sneakers, zorlu aktivitelerde \u00fcst\u00fcn performans sunar. Ayakkab\u0131n\u0131n \u00f6zel yap\u0131s\u0131 ve \u015f\u0131k tasar\u0131m\u0131 ile hem g\u00fcnl\u00fck giyime hem de antrenmanlara uygundur. New Balance kalitesini hissettiren bu model, Olive Juice ve Sea Salt renkleriyle g\u00f6z al\u0131c\u0131 bir \u015f\u0131kl\u0131k sunuyor. Y\u00fcksek kaliteli malzemeleri sayesinde uzun \u00f6m\u00fcrl\u00fc ve dayan\u0131kl\u0131d\u0131r. Ko\u015fu ve spor ayakkab\u0131s\u0131 kategorilerinde \u00f6ne \u00e7\u0131kan bu model, hem stil hem de konfor arayanlar i\u00e7in m\u00fckemmel bir se\u00e7enek.<\/p>\n","protected":false},"featured_media":334439,"template":"","meta":{"_acf_changed":false},"product_brand":[1980,2086],"product_cat":[1588,109,74,1569],"product_tag":[1331],"class_list":{"0":"post-334594","1":"product","2":"type-product","3":"status-publish","4":"has-post-thumbnail","6":"product_brand-new-balance","7":"product_brand-new-balance-en","8":"product_cat-new-balance-en","9":"product_cat-new-balance","10":"product_cat-sneakers","11":"product_cat-sneakers-en","12":"product_tag-yesil","14":"first","15":"instock","16":"shipping-taxable","17":"purchasable","18":"product-type-variable"},"acf":[],"_links":{"self":[{"href":"https:\/\/sutore.com\/en\/wp-json\/wp\/v2\/product\/334594","targetHints":{"allow":["GET"]}}],"collection":[{"href":"https:\/\/sutore.com\/en\/wp-json\/wp\/v2\/product"}],"about":[{"href":"https:\/\/sutore.com\/en\/wp-json\/wp\/v2\/types\/product"}],"wp:featuredmedia":[{"embeddable":true,"href":"https:\/\/sutore.com\/en\/wp-json\/wp\/v2\/media\/334439"}],"wp:attachment":[{"href":"https:\/\/sutore.com\/en\/wp-json\/wp\/v2\/media?parent=334594"}],"wp:term":[{"taxonomy":"product_brand","embeddable":true,"href":"https:\/\/sutore.com\/en\/wp-json\/wp\/v2\/product_brand?post=334594"},{"taxonomy":"product_cat","embeddable":true,"href":"https:\/\/sutore.com\/en\/wp-json\/wp\/v2\/product_cat?post=334594"},{"taxonomy":"product_tag","embeddable":true,"href":"https:\/\/sutore.com\/en\/wp-json\/wp\/v2\/product_tag?post=334594"}],"curies":[{"name":"wp","href":"https:\/\/api.w.org\/{rel}","templated":true}]}}