{"id":336059,"date":"2025-01-16T00:14:54","date_gmt":"2025-01-15T21:14:54","guid":{"rendered":"https:\/\/sutore.com\/?post_type=product&#038;p=336059"},"modified":"2026-04-01T13:51:55","modified_gmt":"2026-04-01T10:51:55","slug":"pop-mart-labubu-the-monsters-tasty-macarons-chestnut-cocoa-vinyl-plush-pendant","status":"publish","type":"product","link":"https:\/\/sutore.com\/en\/product\/pop-mart-labubu-the-monsters-tasty-macarons-chestnut-cocoa-vinyl-plush-pendant\/","title":{"rendered":"Pop Mart Labubu The Monsters Tasty Macarons Chestnut Cocoa Vinyl Plush Pendant"},"content":{"rendered":"<p style=\"text-align: center;\">Pop Mart Labubu The Monsters Tasty Macarons Chestnut Cocoa Vinyl Plush Pendant, Hong Kong\u2019lu tasar\u0131mc\u0131 Kasing Lung&#8217;un The Monsters serisi i\u00e7in yarat\u0131lm\u0131\u015f sevimli bir anahtarl\u0131k. Pastel makaron temal\u0131 bu Labubu versiyonu, kabar\u0131k kahverengi k\u00fcrk\u00fc ve a\u00e7\u0131k kahverengi kulak detaylar\u0131yla dikkat \u00e7ekiyor. Y\u00fcz\u00fc, elleri ve ayaklar\u0131, p\u00fcr\u00fczs\u00fcz vinilden yap\u0131lm\u0131\u015ft\u0131r. 3 x 6.5 x 2.5 in\u00e7 boyutlar\u0131ndaki bu fig\u00fcr, alt\u0131n tonlu halka klipsiyle l\u00fcks bir hava sunuyor. Bej kurdele, halka klipsiyle pelu\u015fa ba\u011flant\u0131 sa\u011flar ve &#8220;THE MONSTERS&#8221; yaz\u0131s\u0131n\u0131 g\u00f6sterir. Koleksiyonun zarif par\u00e7as\u0131 12 Temmuz 2024&#8217;te piyasaya \u00e7\u0131km\u0131\u015ft\u0131r.<\/p>\n","protected":false},"excerpt":{"rendered":"<p style=\"text-align: center;\">Pop Mart Labubu The Monsters Tasty Macarons Chestnut Cocoa Vinyl Plush Pendant, Hong Kong\u2019lu tasar\u0131mc\u0131 Kasing Lung&#8217;un The Monsters serisi i\u00e7in yarat\u0131lm\u0131\u015f sevimli bir anahtarl\u0131k. Pastel makaron temal\u0131 bu Labubu versiyonu, kabar\u0131k kahverengi k\u00fcrk\u00fc ve a\u00e7\u0131k kahverengi kulak detaylar\u0131yla dikkat \u00e7ekiyor. Y\u00fcz\u00fc, elleri ve ayaklar\u0131, p\u00fcr\u00fczs\u00fcz vinilden yap\u0131lm\u0131\u015ft\u0131r. 3 x 6.5 x 2.5 in\u00e7 boyutlar\u0131ndaki bu fig\u00fcr, alt\u0131n tonlu halka klipsiyle l\u00fcks bir hava sunuyor. Bej kurdele, halka klipsiyle pelu\u015fa ba\u011flant\u0131 sa\u011flar ve &#8220;THE MONSTERS&#8221; yaz\u0131s\u0131n\u0131 g\u00f6sterir. Koleksiyonun zarif par\u00e7as\u0131 12 Temmuz 2024&#8217;te piyasaya \u00e7\u0131km\u0131\u015ft\u0131r.<\/p>\n","protected":false},"featured_media":336193,"template":"","meta":{"_acf_changed":false},"product_brand":[1909,2097],"product_cat":[1561,362,2169,2135],"product_tag":[],"class_list":{"0":"post-336059","1":"product","2":"type-product","3":"status-publish","4":"has-post-thumbnail","6":"product_brand-pop-mart","7":"product_brand-pop-mart-en","8":"product_cat-accessories-en","9":"product_cat-accessories","10":"product_cat-collectibles-en","11":"product_cat-collectibles","13":"first","14":"instock","15":"shipping-taxable","16":"purchasable","17":"product-type-variable"},"acf":[],"_links":{"self":[{"href":"https:\/\/sutore.com\/en\/wp-json\/wp\/v2\/product\/336059","targetHints":{"allow":["GET"]}}],"collection":[{"href":"https:\/\/sutore.com\/en\/wp-json\/wp\/v2\/product"}],"about":[{"href":"https:\/\/sutore.com\/en\/wp-json\/wp\/v2\/types\/product"}],"wp:featuredmedia":[{"embeddable":true,"href":"https:\/\/sutore.com\/en\/wp-json\/wp\/v2\/media\/336193"}],"wp:attachment":[{"href":"https:\/\/sutore.com\/en\/wp-json\/wp\/v2\/media?parent=336059"}],"wp:term":[{"taxonomy":"product_brand","embeddable":true,"href":"https:\/\/sutore.com\/en\/wp-json\/wp\/v2\/product_brand?post=336059"},{"taxonomy":"product_cat","embeddable":true,"href":"https:\/\/sutore.com\/en\/wp-json\/wp\/v2\/product_cat?post=336059"},{"taxonomy":"product_tag","embeddable":true,"href":"https:\/\/sutore.com\/en\/wp-json\/wp\/v2\/product_tag?post=336059"}],"curies":[{"name":"wp","href":"https:\/\/api.w.org\/{rel}","templated":true}]}}