{"id":336062,"date":"2025-01-01T00:14:56","date_gmt":"2024-12-31T21:14:56","guid":{"rendered":"https:\/\/sutore.com\/?post_type=product&#038;p=336062"},"modified":"2026-03-22T16:35:37","modified_gmt":"2026-03-22T13:35:37","slug":"pop-mart-labubu-x-pronounce-wings-of-fortune-vinyl-plush-hanging-card","status":"publish","type":"product","link":"https:\/\/sutore.com\/en\/product\/pop-mart-labubu-x-pronounce-wings-of-fortune-vinyl-plush-hanging-card\/","title":{"rendered":"Pop Mart Labubu x Pronounce Wings of Fortune Vinyl Plush Hanging Card"},"content":{"rendered":"<p style=\"text-align: center;\">Pop Mart Labubu x Pronounce Wings of Fortune Vinyl Plush Hanging Card ile tan\u0131\u015f\u0131n! Bu e\u015fsiz koleksiyon par\u00e7as\u0131, Kasing Lung imzal\u0131 Labubu karakterini sevimli bir vinil ve pelu\u015f kombinasyonuyla sunuyor. Pel\u00fc\u015f\u00fcn \u00fczerinde as\u0131l\u0131 duran kart tasar\u0131m\u0131, onu her yere ta\u015f\u0131man\u0131z\u0131 sa\u011flar. Labubu&#8217;nun yumu\u015fak mor k\u00fcrk\u00fc, vinil y\u00fcz\u00fc, alt\u0131n rengi elbise ve kanatlar ile dikkat \u00e7eker. Alt\u0131n-sar\u0131 detaylar, Labubu&#8217;nun karakteristik \u00f6zelliklerini vurgular. Bu Pop Mart ve Pronounce i\u015fbirli\u011fiyle piyasaya s\u00fcr\u00fclen \u00f6zel \u00fcr\u00fcn, hem koleksiyoncular hem de merakl\u0131lar i\u00e7in m\u00fckemmel bir se\u00e7im!<\/p>\n","protected":false},"excerpt":{"rendered":"<p style=\"text-align: center;\">Pop Mart Labubu x Pronounce Wings of Fortune Vinyl Plush Hanging Card ile tan\u0131\u015f\u0131n! Bu e\u015fsiz koleksiyon par\u00e7as\u0131, Kasing Lung imzal\u0131 Labubu karakterini sevimli bir vinil ve pelu\u015f kombinasyonuyla sunuyor. Pel\u00fc\u015f\u00fcn \u00fczerinde as\u0131l\u0131 duran kart tasar\u0131m\u0131, onu her yere ta\u015f\u0131man\u0131z\u0131 sa\u011flar. Labubu&#8217;nun yumu\u015fak mor k\u00fcrk\u00fc, vinil y\u00fcz\u00fc, alt\u0131n rengi elbise ve kanatlar ile dikkat \u00e7eker. Alt\u0131n-sar\u0131 detaylar, Labubu&#8217;nun karakteristik \u00f6zelliklerini vurgular. Bu Pop Mart ve Pronounce i\u015fbirli\u011fiyle piyasaya s\u00fcr\u00fclen \u00f6zel \u00fcr\u00fcn, hem koleksiyoncular hem de merakl\u0131lar i\u00e7in m\u00fckemmel bir se\u00e7im!<\/p>\n","protected":false},"featured_media":336197,"template":"","meta":{"_acf_changed":false},"product_brand":[2097,1909],"product_cat":[1561,362,2169,2135],"product_tag":[],"class_list":{"0":"post-336062","1":"product","2":"type-product","3":"status-publish","4":"has-post-thumbnail","6":"product_brand-pop-mart-en","7":"product_brand-pop-mart","8":"product_cat-accessories-en","9":"product_cat-accessories","10":"product_cat-collectibles-en","11":"product_cat-collectibles","13":"first","14":"instock","15":"shipping-taxable","16":"purchasable","17":"product-type-variable"},"acf":[],"_links":{"self":[{"href":"https:\/\/sutore.com\/en\/wp-json\/wp\/v2\/product\/336062","targetHints":{"allow":["GET"]}}],"collection":[{"href":"https:\/\/sutore.com\/en\/wp-json\/wp\/v2\/product"}],"about":[{"href":"https:\/\/sutore.com\/en\/wp-json\/wp\/v2\/types\/product"}],"wp:featuredmedia":[{"embeddable":true,"href":"https:\/\/sutore.com\/en\/wp-json\/wp\/v2\/media\/336197"}],"wp:attachment":[{"href":"https:\/\/sutore.com\/en\/wp-json\/wp\/v2\/media?parent=336062"}],"wp:term":[{"taxonomy":"product_brand","embeddable":true,"href":"https:\/\/sutore.com\/en\/wp-json\/wp\/v2\/product_brand?post=336062"},{"taxonomy":"product_cat","embeddable":true,"href":"https:\/\/sutore.com\/en\/wp-json\/wp\/v2\/product_cat?post=336062"},{"taxonomy":"product_tag","embeddable":true,"href":"https:\/\/sutore.com\/en\/wp-json\/wp\/v2\/product_tag?post=336062"}],"curies":[{"name":"wp","href":"https:\/\/api.w.org\/{rel}","templated":true}]}}