{"id":336075,"date":"2025-01-16T00:15:07","date_gmt":"2025-01-15T21:15:07","guid":{"rendered":"https:\/\/sutore.com\/?post_type=product&#038;p=336075"},"modified":"2026-03-21T16:52:04","modified_gmt":"2026-03-21T13:52:04","slug":"pop-mart-crybaby-crying-again-series-what-a-frog-vinyl-face-plush","status":"publish","type":"product","link":"https:\/\/sutore.com\/en\/product\/pop-mart-crybaby-crying-again-series-what-a-frog-vinyl-face-plush\/","title":{"rendered":"Pop Mart CryBaby Crying Again Series What A Frog Vinyl Face Plush"},"content":{"rendered":"<p style=\"text-align: center;\">Pop Mart CryBaby Crying Again Series What A Frog Vinyl Face Plush, koleksiyonerler ve oyuncak tutkunlar\u0131 i\u00e7in m\u00fckemmel bir se\u00e7enektir. A\u011flayan kurba\u011fa tasar\u0131m\u0131yla dikkat \u00e7eken bu yumu\u015fak pelu\u015f, sevimli bir aksesuard\u0131r. Evinizde veya ofisinizde ho\u015f bir dekor olarak kullan\u0131labilir. S\u0131n\u0131rl\u0131 \u00fcretim olan bu \u00f6zel koleksiyon \u00fcr\u00fcn\u00fc, benzersiz bir hediye alternatifi sunmaktad\u0131r. Yumu\u015fak dokusu ve \u015firin g\u00f6r\u00fcn\u00fcm\u00fcyle Pop Mart CryBaby Crying Again Series What A Frog Vinyl Face Plush, koleksiyonunuza renk katacakt\u0131r.<\/p>\n","protected":false},"excerpt":{"rendered":"<p style=\"text-align: center;\">Pop Mart CryBaby Crying Again Series What A Frog Vinyl Face Plush, koleksiyonerler ve oyuncak tutkunlar\u0131 i\u00e7in m\u00fckemmel bir se\u00e7enektir. A\u011flayan kurba\u011fa tasar\u0131m\u0131yla dikkat \u00e7eken bu yumu\u015fak pelu\u015f, sevimli bir aksesuard\u0131r. Evinizde veya ofisinizde ho\u015f bir dekor olarak kullan\u0131labilir. S\u0131n\u0131rl\u0131 \u00fcretim olan bu \u00f6zel koleksiyon \u00fcr\u00fcn\u00fc, benzersiz bir hediye alternatifi sunmaktad\u0131r. Yumu\u015fak dokusu ve \u015firin g\u00f6r\u00fcn\u00fcm\u00fcyle Pop Mart CryBaby Crying Again Series What A Frog Vinyl Face Plush, koleksiyonunuza renk katacakt\u0131r.<\/p>\n","protected":false},"featured_media":336222,"template":"","meta":{"_acf_changed":false},"product_brand":[1909,2097],"product_cat":[1561,362,2169,2135],"product_tag":[],"class_list":{"0":"post-336075","1":"product","2":"type-product","3":"status-publish","4":"has-post-thumbnail","6":"product_brand-pop-mart","7":"product_brand-pop-mart-en","8":"product_cat-accessories-en","9":"product_cat-accessories","10":"product_cat-collectibles-en","11":"product_cat-collectibles","13":"first","14":"instock","15":"shipping-taxable","16":"purchasable","17":"product-type-variable"},"acf":[],"_links":{"self":[{"href":"https:\/\/sutore.com\/en\/wp-json\/wp\/v2\/product\/336075","targetHints":{"allow":["GET"]}}],"collection":[{"href":"https:\/\/sutore.com\/en\/wp-json\/wp\/v2\/product"}],"about":[{"href":"https:\/\/sutore.com\/en\/wp-json\/wp\/v2\/types\/product"}],"wp:featuredmedia":[{"embeddable":true,"href":"https:\/\/sutore.com\/en\/wp-json\/wp\/v2\/media\/336222"}],"wp:attachment":[{"href":"https:\/\/sutore.com\/en\/wp-json\/wp\/v2\/media?parent=336075"}],"wp:term":[{"taxonomy":"product_brand","embeddable":true,"href":"https:\/\/sutore.com\/en\/wp-json\/wp\/v2\/product_brand?post=336075"},{"taxonomy":"product_cat","embeddable":true,"href":"https:\/\/sutore.com\/en\/wp-json\/wp\/v2\/product_cat?post=336075"},{"taxonomy":"product_tag","embeddable":true,"href":"https:\/\/sutore.com\/en\/wp-json\/wp\/v2\/product_tag?post=336075"}],"curies":[{"name":"wp","href":"https:\/\/api.w.org\/{rel}","templated":true}]}}