{"id":336433,"date":"2025-03-18T08:05:55","date_gmt":"2025-03-18T05:05:55","guid":{"rendered":"https:\/\/sutore.com\/?post_type=product&#038;p=336433"},"modified":"2026-03-27T13:50:59","modified_gmt":"2026-03-27T10:50:59","slug":"crocs-classic-clog-a-bathing-ape-abc-camo-green","status":"publish","type":"product","link":"https:\/\/sutore.com\/en\/product\/crocs-classic-clog-a-bathing-ape-abc-camo-green\/","title":{"rendered":"Crocs Classic Clog A Bathing Ape ABC Camo Green"},"content":{"rendered":"<p style=\"text-align: center;\">Crocs Classic Clog A Bathing Ape ABC Camo Green, e\u015fsiz bir \u015f\u0131kl\u0131\u011f\u0131 ve konforu bir arada sunuyor. Bape markas\u0131n\u0131n ikonik kamuflaj deseniyle bezeli bu \u00f6zel tasar\u0131m, hem \u00f6zg\u00fcn hem de \u00e7a\u011fda\u015f bir stil vaadediyor. Hafif yap\u0131s\u0131 ve ergonomik tabanl\u0131\u011f\u0131 sayesinde g\u00fcn boyu rahatl\u0131kla kullan\u0131labilir, \u015f\u0131kl\u0131\u011f\u0131n\u0131z\u0131 her ad\u0131mda hissettirir. G\u00f6z al\u0131c\u0131 renk paleti, sokak modas\u0131n\u0131n vazge\u00e7ilmezi olmaya aday. Her ortamda fark edilmeyi sevenler i\u00e7in ideal bir se\u00e7im.<\/p>\n","protected":false},"excerpt":{"rendered":"<p style=\"text-align: center;\">Crocs Classic Clog A Bathing Ape ABC Camo Green, e\u015fsiz bir \u015f\u0131kl\u0131\u011f\u0131 ve konforu bir arada sunuyor. Bape markas\u0131n\u0131n ikonik kamuflaj deseniyle bezeli bu \u00f6zel tasar\u0131m, hem \u00f6zg\u00fcn hem de \u00e7a\u011fda\u015f bir stil vaadediyor. Hafif yap\u0131s\u0131 ve ergonomik tabanl\u0131\u011f\u0131 sayesinde g\u00fcn boyu rahatl\u0131kla kullan\u0131labilir, \u015f\u0131kl\u0131\u011f\u0131n\u0131z\u0131 her ad\u0131mda hissettirir. G\u00f6z al\u0131c\u0131 renk paleti, sokak modas\u0131n\u0131n vazge\u00e7ilmezi olmaya aday. Her ortamda fark edilmeyi sevenler i\u00e7in ideal bir se\u00e7im.<\/p>\n","protected":false},"featured_media":336428,"template":"","meta":{"_acf_changed":false},"product_brand":[1908,2043,1901,2057],"product_cat":[2158,2182,74,1569],"product_tag":[1331],"class_list":{"0":"post-336433","1":"product","2":"type-product","3":"status-publish","4":"has-post-thumbnail","6":"product_brand-bape","7":"product_brand-bape-en","8":"product_brand-crocs","9":"product_brand-crocs-en","10":"product_cat-others","11":"product_cat-others-en","12":"product_cat-sneakers","13":"product_cat-sneakers-en","14":"product_tag-yesil","16":"first","17":"instock","18":"shipping-taxable","19":"purchasable","20":"product-type-variable"},"acf":[],"_links":{"self":[{"href":"https:\/\/sutore.com\/en\/wp-json\/wp\/v2\/product\/336433","targetHints":{"allow":["GET"]}}],"collection":[{"href":"https:\/\/sutore.com\/en\/wp-json\/wp\/v2\/product"}],"about":[{"href":"https:\/\/sutore.com\/en\/wp-json\/wp\/v2\/types\/product"}],"wp:featuredmedia":[{"embeddable":true,"href":"https:\/\/sutore.com\/en\/wp-json\/wp\/v2\/media\/336428"}],"wp:attachment":[{"href":"https:\/\/sutore.com\/en\/wp-json\/wp\/v2\/media?parent=336433"}],"wp:term":[{"taxonomy":"product_brand","embeddable":true,"href":"https:\/\/sutore.com\/en\/wp-json\/wp\/v2\/product_brand?post=336433"},{"taxonomy":"product_cat","embeddable":true,"href":"https:\/\/sutore.com\/en\/wp-json\/wp\/v2\/product_cat?post=336433"},{"taxonomy":"product_tag","embeddable":true,"href":"https:\/\/sutore.com\/en\/wp-json\/wp\/v2\/product_tag?post=336433"}],"curies":[{"name":"wp","href":"https:\/\/api.w.org\/{rel}","templated":true}]}}