{"id":337018,"date":"2025-03-20T11:16:20","date_gmt":"2025-03-20T08:16:20","guid":{"rendered":"https:\/\/sutore.com\/?post_type=product&#038;p=337018"},"modified":"2026-03-31T04:34:36","modified_gmt":"2026-03-31T01:34:36","slug":"nike-air-max-1-87-sp-supreme-black-white","status":"publish","type":"product","link":"https:\/\/sutore.com\/en\/product\/nike-air-max-1-87-sp-supreme-black-white\/","title":{"rendered":"Nike Air Max 1 &#8217;87 SP Supreme Black White"},"content":{"rendered":"<p style=\"text-align: center;\">Nike Air Max 1 &#8217;87 SP Supreme Black White: L\u00fcks spor ayakkab\u0131s\u0131 d\u00fcnyas\u0131na zarif bir dokunu\u015f. Siyah ve beyaz\u0131n zamans\u0131z cazibesi, koleksiyonunuza sofistike bir hava katarken, Air Max teknolojisi her ad\u0131mda \u00fcst\u00fcn konfor sunuyor. Modern tarz\u0131n\u0131z\u0131 yans\u0131tan bu ayakkab\u0131lar, y\u00fcksek kaliteli malzeme se\u00e7imi ve dikkat \u00e7ekici renk paletiyle \u00f6ne \u00e7\u0131k\u0131yor. Nike&#8217;\u0131n ikonik tasar\u0131m esteti\u011fini ya\u015fay\u0131n ve ad\u0131mlar\u0131n\u0131za hem stil hem de performans kat\u0131n. Rahat tabanl\u0131k yap\u0131s\u0131yla g\u00fcn boyu \u015f\u0131kl\u0131\u011f\u0131n\u0131zdan \u00f6d\u00fcn vermeyin.<\/p>\n","protected":false},"excerpt":{"rendered":"<p style=\"text-align: center;\">Nike Air Max 1 &#8217;87 SP Supreme Black White: L\u00fcks spor ayakkab\u0131s\u0131 d\u00fcnyas\u0131na zarif bir dokunu\u015f. Siyah ve beyaz\u0131n zamans\u0131z cazibesi, koleksiyonunuza sofistike bir hava katarken, Air Max teknolojisi her ad\u0131mda \u00fcst\u00fcn konfor sunuyor. Modern tarz\u0131n\u0131z\u0131 yans\u0131tan bu ayakkab\u0131lar, y\u00fcksek kaliteli malzeme se\u00e7imi ve dikkat \u00e7ekici renk paletiyle \u00f6ne \u00e7\u0131k\u0131yor. Nike&#8217;\u0131n ikonik tasar\u0131m esteti\u011fini ya\u015fay\u0131n ve ad\u0131mlar\u0131n\u0131za hem stil hem de performans kat\u0131n. Rahat tabanl\u0131k yap\u0131s\u0131yla g\u00fcn boyu \u015f\u0131kl\u0131\u011f\u0131n\u0131zdan \u00f6d\u00fcn vermeyin.<\/p>\n","protected":false},"featured_media":337016,"template":"","meta":{"_acf_changed":false},"product_brand":[2087,1928,1942,1986],"product_cat":[99,1584,1582,98,74,1569],"product_tag":[1327],"class_list":{"0":"post-337018","1":"product","2":"type-product","3":"status-publish","4":"has-post-thumbnail","6":"product_brand-nike-en","7":"product_brand-nike","8":"product_brand-supreme","9":"product_brand-supreme-en","10":"product_cat-air-max","11":"product_cat-air-max-en","12":"product_cat-nike-en","13":"product_cat-nike","14":"product_cat-sneakers","15":"product_cat-sneakers-en","16":"product_tag-siyah","18":"first","19":"instock","20":"shipping-taxable","21":"purchasable","22":"product-type-variable"},"acf":[],"_links":{"self":[{"href":"https:\/\/sutore.com\/en\/wp-json\/wp\/v2\/product\/337018","targetHints":{"allow":["GET"]}}],"collection":[{"href":"https:\/\/sutore.com\/en\/wp-json\/wp\/v2\/product"}],"about":[{"href":"https:\/\/sutore.com\/en\/wp-json\/wp\/v2\/types\/product"}],"wp:featuredmedia":[{"embeddable":true,"href":"https:\/\/sutore.com\/en\/wp-json\/wp\/v2\/media\/337016"}],"wp:attachment":[{"href":"https:\/\/sutore.com\/en\/wp-json\/wp\/v2\/media?parent=337018"}],"wp:term":[{"taxonomy":"product_brand","embeddable":true,"href":"https:\/\/sutore.com\/en\/wp-json\/wp\/v2\/product_brand?post=337018"},{"taxonomy":"product_cat","embeddable":true,"href":"https:\/\/sutore.com\/en\/wp-json\/wp\/v2\/product_cat?post=337018"},{"taxonomy":"product_tag","embeddable":true,"href":"https:\/\/sutore.com\/en\/wp-json\/wp\/v2\/product_tag?post=337018"}],"curies":[{"name":"wp","href":"https:\/\/api.w.org\/{rel}","templated":true}]}}