{"id":339482,"date":"2025-03-29T13:04:23","date_gmt":"2025-03-29T10:04:23","guid":{"rendered":"https:\/\/sutore.com\/?post_type=product&#038;p=339482"},"modified":"2026-04-04T05:02:00","modified_gmt":"2026-04-04T02:02:00","slug":"nike-air-max-95-a-ma-maniere-hand-wash-cold","status":"publish","type":"product","link":"https:\/\/sutore.com\/en\/product\/nike-air-max-95-a-ma-maniere-hand-wash-cold\/","title":{"rendered":"Nike Air Max 95 A Ma Mani\u00e9re Hand Wash Cold"},"content":{"rendered":"<p style=\"text-align: center;\">Nike Air Max 95 &#8220;A Ma Mani\u00e9re Hand Wash Cold&#8221; koleksiyonu, l\u00fcks tasar\u0131m ve i\u015flevselli\u011fi bir araya getiriyor. Elegant renk paleti ve zarif detaylar\u0131yla bu model, stil sahibi bir g\u00f6r\u00fcn\u00fcm sunar. S\u00fcet ve deri kombinasyonunun incelikle i\u015flendi\u011fi \u00fcst y\u00fczey, moday\u0131 detaylarda arayanlar i\u00e7in m\u00fckemmel bir tercih. Amortize eden taban yap\u0131s\u0131 ve konforlu tabanl\u0131klarla \u015f\u0131kl\u0131\u011f\u0131n\u0131z\u0131 her ad\u0131mda hissedin. Nike Air Max dokunu\u015fuyla fark\u0131n\u0131z\u0131 ortaya koyun.<\/p>\n","protected":false},"excerpt":{"rendered":"<p style=\"text-align: center;\">Nike Air Max 95 &#8220;A Ma Mani\u00e9re Hand Wash Cold&#8221; koleksiyonu, l\u00fcks tasar\u0131m ve i\u015flevselli\u011fi bir araya getiriyor. Elegant renk paleti ve zarif detaylar\u0131yla bu model, stil sahibi bir g\u00f6r\u00fcn\u00fcm sunar. S\u00fcet ve deri kombinasyonunun incelikle i\u015flendi\u011fi \u00fcst y\u00fczey, moday\u0131 detaylarda arayanlar i\u00e7in m\u00fckemmel bir tercih. Amortize eden taban yap\u0131s\u0131 ve konforlu tabanl\u0131klarla \u015f\u0131kl\u0131\u011f\u0131n\u0131z\u0131 her ad\u0131mda hissedin. Nike Air Max dokunu\u015fuyla fark\u0131n\u0131z\u0131 ortaya koyun.<\/p>\n","protected":false},"featured_media":339417,"template":"","meta":{"_acf_changed":false},"product_brand":[2016,2034,1928,2087],"product_cat":[99,1584,98,1582,74,1569],"product_tag":[1327],"class_list":{"0":"post-339482","1":"product","2":"type-product","3":"status-publish","4":"has-post-thumbnail","6":"product_brand-a-ma-maniere","7":"product_brand-a-ma-maniere-en","8":"product_brand-nike","9":"product_brand-nike-en","10":"product_cat-air-max","11":"product_cat-air-max-en","12":"product_cat-nike","13":"product_cat-nike-en","14":"product_cat-sneakers","15":"product_cat-sneakers-en","16":"product_tag-siyah","18":"first","19":"instock","20":"shipping-taxable","21":"purchasable","22":"product-type-variable"},"acf":[],"_links":{"self":[{"href":"https:\/\/sutore.com\/en\/wp-json\/wp\/v2\/product\/339482","targetHints":{"allow":["GET"]}}],"collection":[{"href":"https:\/\/sutore.com\/en\/wp-json\/wp\/v2\/product"}],"about":[{"href":"https:\/\/sutore.com\/en\/wp-json\/wp\/v2\/types\/product"}],"wp:featuredmedia":[{"embeddable":true,"href":"https:\/\/sutore.com\/en\/wp-json\/wp\/v2\/media\/339417"}],"wp:attachment":[{"href":"https:\/\/sutore.com\/en\/wp-json\/wp\/v2\/media?parent=339482"}],"wp:term":[{"taxonomy":"product_brand","embeddable":true,"href":"https:\/\/sutore.com\/en\/wp-json\/wp\/v2\/product_brand?post=339482"},{"taxonomy":"product_cat","embeddable":true,"href":"https:\/\/sutore.com\/en\/wp-json\/wp\/v2\/product_cat?post=339482"},{"taxonomy":"product_tag","embeddable":true,"href":"https:\/\/sutore.com\/en\/wp-json\/wp\/v2\/product_tag?post=339482"}],"curies":[{"name":"wp","href":"https:\/\/api.w.org\/{rel}","templated":true}]}}