{"id":340228,"date":"2024-09-09T17:41:55","date_gmt":"2024-09-09T14:41:55","guid":{"rendered":"https:\/\/sutore.com\/?post_type=product&#038;p=340228"},"modified":"2026-02-21T00:12:50","modified_gmt":"2026-02-20T21:12:50","slug":"casio-g-shock-mtp-1183a-1a","status":"publish","type":"product","link":"https:\/\/sutore.com\/en\/product\/casio-g-shock-mtp-1183a-1a\/","title":{"rendered":"Casio G-Shock MTP-1183A-1A"},"content":{"rendered":"<p style=\"text-align: center;\">Casio G-Shock MTP-1183A-1A, Casio&#8217;nun Standard Analog koleksiyonunun \u015f\u0131k bir saatidir. 39mm g\u00fcm\u00fc\u015f paslanmaz \u00e7elik kasas\u0131 ve siyah kadran\u0131 ile dikkat \u00e7eker. Mineral kristal cam, siyah kadran\u0131 ve dahili bile\u015fenleri darbelerden korur. Quartz mekanizmas\u0131 ve analog ekran\u0131 g\u00fcm\u00fc\u015f tonlu saat i\u015faret\u00e7ileri ve ellerle tamamlanm\u0131\u015ft\u0131r. 3 konumunda tarih penceresi bulunmaktad\u0131r. 50 metreye kadar suya dayan\u0131kl\u0131 olan bu hafif tasar\u0131ml\u0131 saat, hem g\u00fcnl\u00fck kullan\u0131ma hem de a\u00e7\u0131k hava aktivitelerine uygundur. Ayarlanabilir paslanmaz \u00e7elik kay\u0131\u015f\u0131 tri-fold klips ile g\u00fcvenli\u011fi sa\u011flar.<br \/>\nKasa Boyutu 38 mm<br \/>\nKasa Malzemesi Paslanmaz \u00c7elik<br \/>\nKordon Paslanmaz \u00c7elik<br \/>\nMekanizma Quartz<\/p>\n","protected":false},"excerpt":{"rendered":"<p style=\"text-align: center;\">Casio G-Shock MTP-1183A-1A, Casio&#8217;nun Standard Analog koleksiyonunun \u015f\u0131k bir saatidir. 39mm g\u00fcm\u00fc\u015f paslanmaz \u00e7elik kasas\u0131 ve siyah kadran\u0131 ile dikkat \u00e7eker. Mineral kristal cam, siyah kadran\u0131 ve dahili bile\u015fenleri darbelerden korur. Quartz mekanizmas\u0131 ve analog ekran\u0131 g\u00fcm\u00fc\u015f tonlu saat i\u015faret\u00e7ileri ve ellerle tamamlanm\u0131\u015ft\u0131r. 3 konumunda tarih penceresi bulunmaktad\u0131r. 50 metreye kadar suya dayan\u0131kl\u0131 olan bu hafif tasar\u0131ml\u0131 saat, hem g\u00fcnl\u00fck kullan\u0131ma hem de a\u00e7\u0131k hava aktivitelerine uygundur. Ayarlanabilir paslanmaz \u00e7elik kay\u0131\u015f\u0131 tri-fold klips ile g\u00fcvenli\u011fi sa\u011flar.<br \/>\nKasa Boyutu 38 mm<br \/>\nKasa Malzemesi Paslanmaz \u00c7elik<br \/>\nKordon Paslanmaz \u00c7elik<br \/>\nMekanizma Quartz<\/p>\n","protected":false},"featured_media":340325,"template":"","meta":{"_acf_changed":false},"product_brand":[1969,2053],"product_cat":[1561,362,968,1562],"product_tag":[1327],"class_list":{"0":"post-340228","1":"product","2":"type-product","3":"status-publish","4":"has-post-thumbnail","6":"product_brand-casio","7":"product_brand-casio-en","8":"product_cat-accessories-en","9":"product_cat-accessories","10":"product_cat-watches","11":"product_cat-watches-en","12":"product_tag-siyah","14":"first","15":"outofstock","16":"shipping-taxable","17":"product-type-variable"},"acf":[],"_links":{"self":[{"href":"https:\/\/sutore.com\/en\/wp-json\/wp\/v2\/product\/340228","targetHints":{"allow":["GET"]}}],"collection":[{"href":"https:\/\/sutore.com\/en\/wp-json\/wp\/v2\/product"}],"about":[{"href":"https:\/\/sutore.com\/en\/wp-json\/wp\/v2\/types\/product"}],"wp:featuredmedia":[{"embeddable":true,"href":"https:\/\/sutore.com\/en\/wp-json\/wp\/v2\/media\/340325"}],"wp:attachment":[{"href":"https:\/\/sutore.com\/en\/wp-json\/wp\/v2\/media?parent=340228"}],"wp:term":[{"taxonomy":"product_brand","embeddable":true,"href":"https:\/\/sutore.com\/en\/wp-json\/wp\/v2\/product_brand?post=340228"},{"taxonomy":"product_cat","embeddable":true,"href":"https:\/\/sutore.com\/en\/wp-json\/wp\/v2\/product_cat?post=340228"},{"taxonomy":"product_tag","embeddable":true,"href":"https:\/\/sutore.com\/en\/wp-json\/wp\/v2\/product_tag?post=340228"}],"curies":[{"name":"wp","href":"https:\/\/api.w.org\/{rel}","templated":true}]}}