{"id":340434,"date":"2025-03-10T13:53:44","date_gmt":"2025-03-10T10:53:44","guid":{"rendered":"https:\/\/sutore.com\/?post_type=product&#038;p=340434"},"modified":"2026-01-10T00:15:41","modified_gmt":"2026-01-09T21:15:41","slug":"rituals-whipped-shower-foam","status":"publish","type":"product","link":"https:\/\/sutore.com\/en\/product\/rituals-whipped-shower-foam\/","title":{"rendered":"Rituals Whipped Shower Foam"},"content":{"rendered":"<p style=\"text-align: center;\">Bu hafif, \u00e7\u0131rp\u0131lm\u0131\u015f du\u015f k\u00f6p\u00fc\u011f\u00fc size adeta bulut gibi bir k\u00f6p\u00fck tabakas\u0131 ile sarar ve sizi r\u00fcyalar\u0131n\u0131zdaki harikalar diyar\u0131na ta\u015f\u0131r. Taze mor renkteki k\u00f6p\u00fck, s\u0131cak odunsu hissiyat\u0131 \u00e7i\u00e7eksi b\u00fcy\u00fc ile birle\u015ftirir. R\u00fcyalar\u0131n\u0131z\u0131n g\u00fcnl\u00fck rit\u00fcelini ya\u015famak i\u00e7in Rituals Whipped Du\u015f K\u00f6p\u00fc\u011f\u00fc&#8217;ne davetlisiniz. Kendinizi bu e\u015fsiz deneyime b\u0131rak\u0131n.<\/p>\n<p style=\"text-align: center;\">\u00dcr\u00fcn boyutu: 250 ml<\/p>\n","protected":false},"excerpt":{"rendered":"<p style=\"text-align: center;\">Bu hafif, \u00e7\u0131rp\u0131lm\u0131\u015f du\u015f k\u00f6p\u00fc\u011f\u00fc size adeta bulut gibi bir k\u00f6p\u00fck tabakas\u0131 ile sarar ve sizi r\u00fcyalar\u0131n\u0131zdaki harikalar diyar\u0131na ta\u015f\u0131r. Taze mor renkteki k\u00f6p\u00fck, s\u0131cak odunsu hissiyat\u0131 \u00e7i\u00e7eksi b\u00fcy\u00fc ile birle\u015ftirir. R\u00fcyalar\u0131n\u0131z\u0131n g\u00fcnl\u00fck rit\u00fcelini ya\u015famak i\u00e7in Rituals Whipped Du\u015f K\u00f6p\u00fc\u011f\u00fc&#8217;ne davetlisiniz. Kendinizi bu e\u015fsiz deneyime b\u0131rak\u0131n.<\/p>\n<p style=\"text-align: center;\">\u00dcr\u00fcn boyutu: 250 ml<\/p>\n","protected":false},"featured_media":340449,"template":"","meta":{"_acf_changed":false},"product_brand":[2028,2103],"product_cat":[2159,2146,2141,2164],"product_tag":[],"class_list":{"0":"post-340434","1":"product","2":"type-product","3":"status-publish","4":"has-post-thumbnail","6":"product_brand-rituals","7":"product_brand-rituals-en","8":"product_cat-cosmetics-en","9":"product_cat-others-cosmetics","10":"product_cat-cosmetics","11":"product_cat-others-cosmetics-en","13":"first","14":"outofstock","15":"shipping-taxable","16":"purchasable","17":"product-type-variable"},"acf":[],"_links":{"self":[{"href":"https:\/\/sutore.com\/en\/wp-json\/wp\/v2\/product\/340434","targetHints":{"allow":["GET"]}}],"collection":[{"href":"https:\/\/sutore.com\/en\/wp-json\/wp\/v2\/product"}],"about":[{"href":"https:\/\/sutore.com\/en\/wp-json\/wp\/v2\/types\/product"}],"wp:featuredmedia":[{"embeddable":true,"href":"https:\/\/sutore.com\/en\/wp-json\/wp\/v2\/media\/340449"}],"wp:attachment":[{"href":"https:\/\/sutore.com\/en\/wp-json\/wp\/v2\/media?parent=340434"}],"wp:term":[{"taxonomy":"product_brand","embeddable":true,"href":"https:\/\/sutore.com\/en\/wp-json\/wp\/v2\/product_brand?post=340434"},{"taxonomy":"product_cat","embeddable":true,"href":"https:\/\/sutore.com\/en\/wp-json\/wp\/v2\/product_cat?post=340434"},{"taxonomy":"product_tag","embeddable":true,"href":"https:\/\/sutore.com\/en\/wp-json\/wp\/v2\/product_tag?post=340434"}],"curies":[{"name":"wp","href":"https:\/\/api.w.org\/{rel}","templated":true}]}}