{"id":340805,"date":"2025-04-10T15:36:23","date_gmt":"2025-04-10T12:36:23","guid":{"rendered":"https:\/\/sutore.com\/?post_type=product&#038;p=340805"},"modified":"2026-04-03T16:45:09","modified_gmt":"2026-04-03T13:45:09","slug":"supreme-gore-tex-stripe-hooded-jacket-black","status":"publish","type":"product","link":"https:\/\/sutore.com\/en\/product\/supreme-gore-tex-stripe-hooded-jacket-black\/","title":{"rendered":"Supreme GORE-TEX Stripe Hooded Jacket Black"},"content":{"rendered":"<p style=\"text-align: center;\">Supreme GORE-TEX Stripe Hooded Jacket Black, y\u00fcksek performansl\u0131 bir d\u0131\u015f giyim \u00fcr\u00fcn\u00fcd\u00fcr. Su ge\u00e7irmez GORE-TEX teknolojisi sayesinde ya\u011fmurlu ve r\u00fczgarl\u0131 havalarda korunman\u0131z\u0131 sa\u011flar. Siyah renkli tasar\u0131m\u0131 ve \u015f\u0131k \u00e7izgili detaylar\u0131yla hem \u015fehirde hem de do\u011fada stil sahibi olun. Konfor ve dayan\u0131kl\u0131l\u0131\u011f\u0131 bir arada sunan bu ceket, her ortamda maksimum koruma sunarken, Supreme kalitesini ve tarz\u0131n\u0131 da yans\u0131t\u0131r. Kap\u00fc\u015fonlu yap\u0131s\u0131 ekstra koruma sa\u011flar.<\/p>\n","protected":false},"excerpt":{"rendered":"<p style=\"text-align: center;\">Supreme GORE-TEX Stripe Hooded Jacket Black, y\u00fcksek performansl\u0131 bir d\u0131\u015f giyim \u00fcr\u00fcn\u00fcd\u00fcr. Su ge\u00e7irmez GORE-TEX teknolojisi sayesinde ya\u011fmurlu ve r\u00fczgarl\u0131 havalarda korunman\u0131z\u0131 sa\u011flar. Siyah renkli tasar\u0131m\u0131 ve \u015f\u0131k \u00e7izgili detaylar\u0131yla hem \u015fehirde hem de do\u011fada stil sahibi olun. Konfor ve dayan\u0131kl\u0131l\u0131\u011f\u0131 bir arada sunan bu ceket, her ortamda maksimum koruma sunarken, Supreme kalitesini ve tarz\u0131n\u0131 da yans\u0131t\u0131r. Kap\u00fc\u015fonlu yap\u0131s\u0131 ekstra koruma sa\u011flar.<\/p>\n","protected":false},"featured_media":340755,"template":"","meta":{"_acf_changed":false},"product_brand":[1942,1986],"product_cat":[1564,2154,714,2178],"product_tag":[1327],"class_list":{"0":"post-340805","1":"product","2":"type-product","3":"status-publish","4":"has-post-thumbnail","6":"product_brand-supreme","7":"product_brand-supreme-en","8":"product_cat-apparels-en","9":"product_cat-outerwear","10":"product_cat-apparels","11":"product_cat-outerwear-en","12":"product_tag-siyah","14":"first","15":"outofstock","16":"shipping-taxable","17":"product-type-variable"},"acf":[],"_links":{"self":[{"href":"https:\/\/sutore.com\/en\/wp-json\/wp\/v2\/product\/340805","targetHints":{"allow":["GET"]}}],"collection":[{"href":"https:\/\/sutore.com\/en\/wp-json\/wp\/v2\/product"}],"about":[{"href":"https:\/\/sutore.com\/en\/wp-json\/wp\/v2\/types\/product"}],"wp:featuredmedia":[{"embeddable":true,"href":"https:\/\/sutore.com\/en\/wp-json\/wp\/v2\/media\/340755"}],"wp:attachment":[{"href":"https:\/\/sutore.com\/en\/wp-json\/wp\/v2\/media?parent=340805"}],"wp:term":[{"taxonomy":"product_brand","embeddable":true,"href":"https:\/\/sutore.com\/en\/wp-json\/wp\/v2\/product_brand?post=340805"},{"taxonomy":"product_cat","embeddable":true,"href":"https:\/\/sutore.com\/en\/wp-json\/wp\/v2\/product_cat?post=340805"},{"taxonomy":"product_tag","embeddable":true,"href":"https:\/\/sutore.com\/en\/wp-json\/wp\/v2\/product_tag?post=340805"}],"curies":[{"name":"wp","href":"https:\/\/api.w.org\/{rel}","templated":true}]}}