{"id":340806,"date":"2025-04-10T15:36:23","date_gmt":"2025-04-10T12:36:23","guid":{"rendered":"https:\/\/sutore.com\/?post_type=product&#038;p=340806"},"modified":"2026-02-10T00:06:05","modified_gmt":"2026-02-09T21:06:05","slug":"supreme-bandana-jacquard-baggy-jean-blue","status":"publish","type":"product","link":"https:\/\/sutore.com\/en\/product\/supreme-bandana-jacquard-baggy-jean-blue\/","title":{"rendered":"Supreme Bandana Jacquard Baggy Jean Blue"},"content":{"rendered":"<p style=\"text-align: center;\">Supreme Bandana Jacquard Baggy Jean Blue, sokak modas\u0131n\u0131n ikonik unsurlar\u0131n\u0131 yeniden tan\u0131ml\u0131yor. Y\u00fcksek kaliteli materyallerden \u00fcretilen bu jean, rahat kesimiyle g\u00fcnl\u00fck kullan\u0131mda konfor sa\u011fl\u0131yor. Bandana deseni ve mavi rengi ile tarz\u0131n\u0131za modern bir dokunu\u015f kat\u0131yor. Supreme kalitesiyle dayan\u0131kl\u0131l\u0131k ve stil bir arada. Bentley jeans modelimiz, \u015fehir ya\u015fam\u0131 i\u00e7in ideal bir tercihtir. Stilinizi Supreme fark\u0131yla tamamlay\u0131n!<\/p>\n","protected":false},"excerpt":{"rendered":"<p style=\"text-align: center;\">Supreme Bandana Jacquard Baggy Jean Blue, sokak modas\u0131n\u0131n ikonik unsurlar\u0131n\u0131 yeniden tan\u0131ml\u0131yor. Y\u00fcksek kaliteli materyallerden \u00fcretilen bu jean, rahat kesimiyle g\u00fcnl\u00fck kullan\u0131mda konfor sa\u011fl\u0131yor. Bandana deseni ve mavi rengi ile tarz\u0131n\u0131za modern bir dokunu\u015f kat\u0131yor. Supreme kalitesiyle dayan\u0131kl\u0131l\u0131k ve stil bir arada. Bentley jeans modelimiz, \u015fehir ya\u015fam\u0131 i\u00e7in ideal bir tercihtir. Stilinizi Supreme fark\u0131yla tamamlay\u0131n!<\/p>\n","protected":false},"featured_media":340749,"template":"","meta":{"_acf_changed":false},"product_brand":[1942,1986],"product_cat":[2152,1564,2175,714],"product_tag":[1332],"class_list":{"0":"post-340806","1":"product","2":"type-product","3":"status-publish","4":"has-post-thumbnail","6":"product_brand-supreme","7":"product_brand-supreme-en","8":"product_cat-bottoms","9":"product_cat-apparels-en","10":"product_cat-bottoms-en","11":"product_cat-apparels","12":"product_tag-mavi","14":"first","15":"outofstock","16":"shipping-taxable","17":"purchasable","18":"product-type-variable"},"acf":[],"_links":{"self":[{"href":"https:\/\/sutore.com\/en\/wp-json\/wp\/v2\/product\/340806","targetHints":{"allow":["GET"]}}],"collection":[{"href":"https:\/\/sutore.com\/en\/wp-json\/wp\/v2\/product"}],"about":[{"href":"https:\/\/sutore.com\/en\/wp-json\/wp\/v2\/types\/product"}],"wp:featuredmedia":[{"embeddable":true,"href":"https:\/\/sutore.com\/en\/wp-json\/wp\/v2\/media\/340749"}],"wp:attachment":[{"href":"https:\/\/sutore.com\/en\/wp-json\/wp\/v2\/media?parent=340806"}],"wp:term":[{"taxonomy":"product_brand","embeddable":true,"href":"https:\/\/sutore.com\/en\/wp-json\/wp\/v2\/product_brand?post=340806"},{"taxonomy":"product_cat","embeddable":true,"href":"https:\/\/sutore.com\/en\/wp-json\/wp\/v2\/product_cat?post=340806"},{"taxonomy":"product_tag","embeddable":true,"href":"https:\/\/sutore.com\/en\/wp-json\/wp\/v2\/product_tag?post=340806"}],"curies":[{"name":"wp","href":"https:\/\/api.w.org\/{rel}","templated":true}]}}