{"id":340889,"date":"2024-12-26T16:10:35","date_gmt":"2024-12-26T13:10:35","guid":{"rendered":"https:\/\/sutore.com\/?post_type=product&#038;p=340889"},"modified":"2026-04-04T05:07:13","modified_gmt":"2026-04-04T02:07:13","slug":"nike-kd-17-christmas","status":"publish","type":"product","link":"https:\/\/sutore.com\/en\/product\/nike-kd-17-christmas\/","title":{"rendered":"Nike KD 17 Christmas"},"content":{"rendered":"<p style=\"text-align: center;\">Nike KD 17 Christmas, Kevin Durant\u2019\u0131n 17. imza basketbol ayakkab\u0131s\u0131n\u0131, Noel 2024 i\u00e7in buz mavisi renk paletinde sunuyor. Glacier Blue ve Aquarius Blue tonlar\u0131, beyaz ve Metalik G\u00fcm\u00fc\u015f detaylarla bir araya geliyor. Topukta yer alan Nike Air \u00fcniteleri ve \u00f6n ayaktaki Zoom Air \u00fcnitesi, h\u0131zl\u0131 ve kararl\u0131 hareketler i\u00e7in hassas yast\u0131klama sa\u011fl\u0131yor. Kau\u00e7uk d\u0131\u015f tabandaki parmak izi desenleri, benzersiz bir tutu\u015f sunarken, \u00fcst b\u00f6lgedeki \u00e7atlam\u0131\u015f buz detay\u0131, ayakkab\u0131ya ayr\u0131cal\u0131k kat\u0131yor. Uzun dildeki Metallic Silver renkteki Easy Money logosu ise g\u00f6z al\u0131c\u0131 bir dokunu\u015f. Nike&#8217;\u0131n cazibesi, KD 17 Christmas ile stilinizi tamaml\u0131yor.<\/p>\n","protected":false},"excerpt":{"rendered":"<p style=\"text-align: center;\">Nike KD 17 Christmas, Kevin Durant\u2019\u0131n 17. imza basketbol ayakkab\u0131s\u0131n\u0131, Noel 2024 i\u00e7in buz mavisi renk paletinde sunuyor. Glacier Blue ve Aquarius Blue tonlar\u0131, beyaz ve Metalik G\u00fcm\u00fc\u015f detaylarla bir araya geliyor. Topukta yer alan Nike Air \u00fcniteleri ve \u00f6n ayaktaki Zoom Air \u00fcnitesi, h\u0131zl\u0131 ve kararl\u0131 hareketler i\u00e7in hassas yast\u0131klama sa\u011fl\u0131yor. Kau\u00e7uk d\u0131\u015f tabandaki parmak izi desenleri, benzersiz bir tutu\u015f sunarken, \u00fcst b\u00f6lgedeki \u00e7atlam\u0131\u015f buz detay\u0131, ayakkab\u0131ya ayr\u0131cal\u0131k kat\u0131yor. Uzun dildeki Metallic Silver renkteki Easy Money logosu ise g\u00f6z al\u0131c\u0131 bir dokunu\u015f. Nike&#8217;\u0131n cazibesi, KD 17 Christmas ile stilinizi tamaml\u0131yor.<\/p>\n","protected":false},"featured_media":340887,"template":"","meta":{"_acf_changed":false},"product_brand":[1928,2087],"product_cat":[2362,2363,98,1582,74,1569],"product_tag":[1332],"class_list":{"0":"post-340889","1":"product","2":"type-product","3":"status-publish","4":"has-post-thumbnail","6":"product_brand-nike","7":"product_brand-nike-en","8":"product_cat-kd","9":"product_cat-kd-en","10":"product_cat-nike","11":"product_cat-nike-en","12":"product_cat-sneakers","13":"product_cat-sneakers-en","14":"product_tag-mavi","16":"first","17":"instock","18":"shipping-taxable","19":"purchasable","20":"product-type-variable"},"acf":[],"_links":{"self":[{"href":"https:\/\/sutore.com\/en\/wp-json\/wp\/v2\/product\/340889","targetHints":{"allow":["GET"]}}],"collection":[{"href":"https:\/\/sutore.com\/en\/wp-json\/wp\/v2\/product"}],"about":[{"href":"https:\/\/sutore.com\/en\/wp-json\/wp\/v2\/types\/product"}],"wp:featuredmedia":[{"embeddable":true,"href":"https:\/\/sutore.com\/en\/wp-json\/wp\/v2\/media\/340887"}],"wp:attachment":[{"href":"https:\/\/sutore.com\/en\/wp-json\/wp\/v2\/media?parent=340889"}],"wp:term":[{"taxonomy":"product_brand","embeddable":true,"href":"https:\/\/sutore.com\/en\/wp-json\/wp\/v2\/product_brand?post=340889"},{"taxonomy":"product_cat","embeddable":true,"href":"https:\/\/sutore.com\/en\/wp-json\/wp\/v2\/product_cat?post=340889"},{"taxonomy":"product_tag","embeddable":true,"href":"https:\/\/sutore.com\/en\/wp-json\/wp\/v2\/product_tag?post=340889"}],"curies":[{"name":"wp","href":"https:\/\/api.w.org\/{rel}","templated":true}]}}