{"id":340988,"date":"2025-03-13T13:47:26","date_gmt":"2025-03-13T10:47:26","guid":{"rendered":"https:\/\/sutore.com\/?post_type=product&#038;p=340988"},"modified":"2026-03-22T17:21:48","modified_gmt":"2026-03-22T14:21:48","slug":"vehla-olsen-black-smoke","status":"publish","type":"product","link":"https:\/\/sutore.com\/en\/product\/vehla-olsen-black-smoke\/","title":{"rendered":"Vehla Olsen Black\/Smoke"},"content":{"rendered":"<p style=\"text-align: center;\">The Olsen, ince bir dikd\u00f6rtgen \u00e7er\u00e7eve olarak kar\u015f\u0131m\u0131za \u00e7\u0131k\u0131yor; bu pop\u00fcler \u015fekil 90&#8217;l\u0131 y\u0131llardan beri g\u00f6r\u00fcl\u00fcyor. Olsen, geri d\u00f6nd\u00fc ve her zamankinden daha iyi. Siyah asetat\u0131n dumanl\u0131 gri lens ile e\u015fle\u015fmesi, her mevsim giymeye de\u011fer bir par\u00e7a. Paketin i\u00e7erisinde bir kutu, koruyucu k\u0131l\u0131f ve temizlik i\u00e7in mikrofiber bez bulunmaktad\u0131r.<\/p>\n","protected":false},"excerpt":{"rendered":"<p style=\"text-align: center;\">The Olsen, ince bir dikd\u00f6rtgen \u00e7er\u00e7eve olarak kar\u015f\u0131m\u0131za \u00e7\u0131k\u0131yor; bu pop\u00fcler \u015fekil 90&#8217;l\u0131 y\u0131llardan beri g\u00f6r\u00fcl\u00fcyor. Olsen, geri d\u00f6nd\u00fc ve her zamankinden daha iyi. Siyah asetat\u0131n dumanl\u0131 gri lens ile e\u015fle\u015fmesi, her mevsim giymeye de\u011fer bir par\u00e7a. Paketin i\u00e7erisinde bir kutu, koruyucu k\u0131l\u0131f ve temizlik i\u00e7in mikrofiber bez bulunmaktad\u0131r.<\/p>\n","protected":false},"featured_media":341091,"template":"","meta":{"_acf_changed":false},"product_brand":[1912,2121],"product_cat":[1561,362,2167,2131],"product_tag":[],"class_list":{"0":"post-340988","1":"product","2":"type-product","3":"status-publish","4":"has-post-thumbnail","6":"product_brand-vehla","7":"product_brand-vehla-en","8":"product_cat-accessories-en","9":"product_cat-accessories","10":"product_cat-eyewear-en","11":"product_cat-eyewear","13":"first","14":"instock","15":"shipping-taxable","16":"purchasable","17":"product-type-variable"},"acf":[],"_links":{"self":[{"href":"https:\/\/sutore.com\/en\/wp-json\/wp\/v2\/product\/340988","targetHints":{"allow":["GET"]}}],"collection":[{"href":"https:\/\/sutore.com\/en\/wp-json\/wp\/v2\/product"}],"about":[{"href":"https:\/\/sutore.com\/en\/wp-json\/wp\/v2\/types\/product"}],"wp:featuredmedia":[{"embeddable":true,"href":"https:\/\/sutore.com\/en\/wp-json\/wp\/v2\/media\/341091"}],"wp:attachment":[{"href":"https:\/\/sutore.com\/en\/wp-json\/wp\/v2\/media?parent=340988"}],"wp:term":[{"taxonomy":"product_brand","embeddable":true,"href":"https:\/\/sutore.com\/en\/wp-json\/wp\/v2\/product_brand?post=340988"},{"taxonomy":"product_cat","embeddable":true,"href":"https:\/\/sutore.com\/en\/wp-json\/wp\/v2\/product_cat?post=340988"},{"taxonomy":"product_tag","embeddable":true,"href":"https:\/\/sutore.com\/en\/wp-json\/wp\/v2\/product_tag?post=340988"}],"curies":[{"name":"wp","href":"https:\/\/api.w.org\/{rel}","templated":true}]}}