{"id":343,"date":"2020-03-21T14:05:57","date_gmt":"2020-03-21T11:05:57","guid":{"rendered":"http:\/\/sutore.com\/product\/import-placeholder-for-1022\/"},"modified":"2026-03-27T17:16:53","modified_gmt":"2026-03-27T14:16:53","slug":"adidas-yeezy-boost-350-v2-cinder","status":"publish","type":"product","link":"https:\/\/sutore.com\/en\/product\/adidas-yeezy-boost-350-v2-cinder\/","title":{"rendered":"adidas Yeezy Boost 350 V2 Cinder"},"content":{"rendered":"","protected":false},"excerpt":{"rendered":"<p style=\"text-align: center;\">Yeezy Ailesi, \u015fimdi sutore&#8217;de bulunan adidas Yeezy Boost 350 V2 Cinder ile en pop\u00fcler tasar\u0131m\u0131na yeni bir renk grubu ekliyor. 2. nesil bu Yeezy Boost 350, Yeezy&#8217;nin imza paletine sad\u0131k kalarak do\u011fall\u0131\u011f\u0131 hissettiren spor koyu toprak tonlar sunuyor.<\/p>\n<p>&nbsp;<\/p>\n<p style=\"text-align: center;\">Bu Yeezy 350 V2, uyumlu bir yan \u015ferit ile birlikte Cinder Primeknit \u00fcst i\u00e7eriyor. Cinder Boost yast\u0131kl\u0131 taban ve alt\u0131n d\u0131\u015f taban tasar\u0131m\u0131 tamaml\u0131yor. Mart 2020&#8217;de piyasaya s\u00fcr\u00fclen bu model 220 dolar fiyat etiketiyle vitrinlerdeki yerini ald\u0131. Bu s\u0131n\u0131rl\u0131 modeli stoklar t\u00fckenmeden hemen sat\u0131n al.<\/p>\n<p>&nbsp;<\/p>\n<p style=\"text-align: center;\">\u00dcr\u00fcn hakk\u0131nda daha fazla bilgi almak ve \u00fcr\u00fcn\u00fcn g\u00fcncel global piyasa de\u011ferini takip etmek i\u00e7in <a href=\"https:\/\/stockx.com\/de-de\/adidas-yeezy-boost-350-v2-cinder\" target=\"_blank\" rel=\"noopener noreferrer\">StockX<\/a> adresini ziyaret edebilirsiniz.<\/p>\n","protected":false},"featured_media":361,"template":"","meta":{"_acf_changed":false},"product_brand":[2127,1927,2003,2126],"product_cat":[74,73,1572,71,1570,1569,1571,72],"product_tag":[1327],"class_list":{"0":"post-343","1":"product","2":"type-product","3":"status-publish","4":"has-post-thumbnail","6":"product_brand-adidas-en","7":"product_brand-adidas","8":"product_brand-yeezy","9":"product_brand-yeezy-en","10":"product_cat-sneakers","11":"product_cat-73","12":"product_cat-350-en","13":"product_cat-adidas","14":"product_cat-adidas-en","15":"product_cat-sneakers-en","16":"product_cat-yeezy-en","17":"product_cat-yeezy","18":"product_tag-siyah","20":"first","21":"instock","22":"shipping-taxable","23":"purchasable","24":"product-type-variable"},"acf":[],"_links":{"self":[{"href":"https:\/\/sutore.com\/en\/wp-json\/wp\/v2\/product\/343","targetHints":{"allow":["GET"]}}],"collection":[{"href":"https:\/\/sutore.com\/en\/wp-json\/wp\/v2\/product"}],"about":[{"href":"https:\/\/sutore.com\/en\/wp-json\/wp\/v2\/types\/product"}],"wp:featuredmedia":[{"embeddable":true,"href":"https:\/\/sutore.com\/en\/wp-json\/wp\/v2\/media\/361"}],"wp:attachment":[{"href":"https:\/\/sutore.com\/en\/wp-json\/wp\/v2\/media?parent=343"}],"wp:term":[{"taxonomy":"product_brand","embeddable":true,"href":"https:\/\/sutore.com\/en\/wp-json\/wp\/v2\/product_brand?post=343"},{"taxonomy":"product_cat","embeddable":true,"href":"https:\/\/sutore.com\/en\/wp-json\/wp\/v2\/product_cat?post=343"},{"taxonomy":"product_tag","embeddable":true,"href":"https:\/\/sutore.com\/en\/wp-json\/wp\/v2\/product_tag?post=343"}],"curies":[{"name":"wp","href":"https:\/\/api.w.org\/{rel}","templated":true}]}}