{"id":35411,"date":"2021-09-15T01:31:47","date_gmt":"2021-09-14T22:31:47","guid":{"rendered":"https:\/\/sutore.com\/?post_type=product&#038;p=35411"},"modified":"2026-03-27T16:02:55","modified_gmt":"2026-03-27T13:02:55","slug":"nike-ld-waffle-sf-sacai-fragment-grey","status":"publish","type":"product","link":"https:\/\/sutore.com\/en\/product\/nike-ld-waffle-sf-sacai-fragment-grey\/","title":{"rendered":"Nike LD Waffle SF sacai Fragment Grey"},"content":{"rendered":"<p style=\"text-align: center;\">Off-White, \u015fimdi sutore&#8217;de bulunan Nike Vapor Street Off-White Polarized Blue ile Nike&#8217;la olan i\u015f birli\u011fine yeni bir siluet kaydediyor. Bu model ilk defa Paris Moda Haftas\u0131&#8217;nda Off-White \u0130lkbahar \/ Yaz 2019 Kad\u0131nlar Koleksiyonunda g\u00f6r\u00fcc\u00fcye \u00e7\u0131kt\u0131.<\/p>\n<p style=\"text-align: center;\">Bu Vapor Street, turuncu ve pembe Nike logosuyla birlikte dokuma polarize mavi bir \u00fcst i\u00e7eriyor. \u0130kincil ba\u011fc\u0131k sistemi, \u00e7ivili d\u0131\u015f taban ve yandaki imza Off-White metni tasar\u0131m\u0131 tamaml\u0131yor. Kas\u0131m 2019\u2019da piyasaya s\u00fcr\u00fclen bu model 190 dolar fiyat etiketiyle vitrinlerdeki yerini ald\u0131. Bu etkileyici modeli stoklar s\u00f6nmeden hemen sat\u0131n al.<\/p>\n<p style=\"text-align: center;\">\u00dcr\u00fcn hakk\u0131nda daha fazla bilgi almak ve \u00fcr\u00fcn\u00fcn g\u00fcncel global piyasa de\u011ferini takip etmek i\u00e7in\u00a0<a href=\"https:\/\/stockx.com\/nike-vapor-street-off-white-polarized-blue-w\" target=\"_blank\" rel=\"noopener noreferrer\">StockX<\/a>\u00a0adresini ziyaret edebilirsiniz.<\/p>\n","protected":false},"excerpt":{"rendered":"<p style=\"text-align: center;\">\u00dcr\u00fcn hakk\u0131nda daha fazla bilgi almak ve \u00fcr\u00fcn\u00fcn g\u00fcncel global piyasa de\u011ferini takip etmek i\u00e7in\u00a0<a href=\"https:\/\/stockx.com\/nike-ld-waffle-sf-sacai-fragment-grey\" target=\"_blank\" rel=\"noopener noreferrer\">StockX<\/a>\u00a0adresini ziyaret edebilirsiniz.<\/p>\n","protected":false},"featured_media":35451,"template":"","meta":{"_acf_changed":false},"product_brand":[2065,2015,2087,1928,2128,2013],"product_cat":[74,101,98,1582,1586,1569],"product_tag":[1334],"class_list":{"0":"post-35411","1":"product","2":"type-product","3":"status-publish","4":"has-post-thumbnail","6":"product_brand-fragment-design-en","7":"product_brand-fragment-design","8":"product_brand-nike-en","9":"product_brand-nike","10":"product_brand-sacai-en","11":"product_brand-sacai","12":"product_cat-sneakers","13":"product_cat-others-nike","14":"product_cat-nike","15":"product_cat-nike-en","16":"product_cat-others-nike-en","17":"product_cat-sneakers-en","18":"product_tag-gri","20":"first","21":"instock","22":"shipping-taxable","23":"purchasable","24":"product-type-variable"},"acf":[],"_links":{"self":[{"href":"https:\/\/sutore.com\/en\/wp-json\/wp\/v2\/product\/35411","targetHints":{"allow":["GET"]}}],"collection":[{"href":"https:\/\/sutore.com\/en\/wp-json\/wp\/v2\/product"}],"about":[{"href":"https:\/\/sutore.com\/en\/wp-json\/wp\/v2\/types\/product"}],"wp:featuredmedia":[{"embeddable":true,"href":"https:\/\/sutore.com\/en\/wp-json\/wp\/v2\/media\/35451"}],"wp:attachment":[{"href":"https:\/\/sutore.com\/en\/wp-json\/wp\/v2\/media?parent=35411"}],"wp:term":[{"taxonomy":"product_brand","embeddable":true,"href":"https:\/\/sutore.com\/en\/wp-json\/wp\/v2\/product_brand?post=35411"},{"taxonomy":"product_cat","embeddable":true,"href":"https:\/\/sutore.com\/en\/wp-json\/wp\/v2\/product_cat?post=35411"},{"taxonomy":"product_tag","embeddable":true,"href":"https:\/\/sutore.com\/en\/wp-json\/wp\/v2\/product_tag?post=35411"}],"curies":[{"name":"wp","href":"https:\/\/api.w.org\/{rel}","templated":true}]}}