{"id":35589,"date":"2021-08-09T00:48:02","date_gmt":"2021-08-08T21:48:02","guid":{"rendered":"https:\/\/sutore.com\/?post_type=product&#038;p=35589"},"modified":"2026-04-02T18:03:30","modified_gmt":"2026-04-02T15:03:30","slug":"nike-dunk-low-off-white-lot-22","status":"publish","type":"product","link":"https:\/\/sutore.com\/en\/product\/nike-dunk-low-off-white-lot-22\/","title":{"rendered":"Nike Dunk Low Off-White Lot 22"},"content":{"rendered":"<p style=\"text-align: center;\">Off-White, \u015fimdi sutore&#8217;de bulunan Nike Dunk Low Off-White University Gold Midnight Navy ile Nike\u2019la olan i\u015f birli\u011fini yineliyor. Virgil Abloh, seksenlerin Nike basketbol sil\u00fcetlerine h\u00fcrmetlerini sunuyor. Nike, 1985&#8217;te Nike College Color program\u0131n\u0131n en \u00f6nemli par\u00e7as\u0131 olarak Dunk&#8217;\u0131 a\u00e7\u0131klad\u0131\u011f\u0131nda sunulan ilk renk gruplar\u0131nda i\u00e7lerinde Michigan&#8217;\u0131n da bulundu\u011fu yedi farkl\u0131 kolej temsil edildi.<\/p>\n<p style=\"text-align: center;\">Bu Dunk Low, midnight navy kaplamalar\u0131 ile birlikte universty gold bir \u00fcst deri i\u00e7eriyor. Benzersiz ikincil ba\u011flama sistemi, zip-ties ve yandaki imza Off-White metni tasar\u0131m\u0131 tamaml\u0131yor. Aral\u0131k 2019&#8217;da piyasaya s\u00fcr\u00fclen bu model 170 dolar fiyat etiketiyle vitrinlerdeki yerini ald\u0131. Bu e\u015fsiz modeli stoklar t\u00fckenmeden hemen sat\u0131n al.<\/p>\n<p style=\"text-align: center;\">\u00dcr\u00fcn hakk\u0131nda daha fazla bilgi almak ve \u00fcr\u00fcn\u00fcn g\u00fcncel global piyasa de\u011ferini takip etmek i\u00e7in <a href=\"https:\/\/stockx.com\/nike-dunk-low-off-white-lot-22\" target=\"_blank\" rel=\"noopener noreferrer\">StockX<\/a> adresini ziyaret edebilirsiniz.<\/p>\n","protected":false},"excerpt":{"rendered":"<p style=\"text-align: center;\">\u00dcr\u00fcn hakk\u0131nda daha fazla bilgi almak ve \u00fcr\u00fcn\u00fcn g\u00fcncel global piyasa de\u011ferini takip etmek i\u00e7in <a href=\"https:\/\/stockx.com\/nike-dunk-low-off-white-lot-22\" target=\"_blank\" rel=\"noopener noreferrer\">StockX<\/a> adresini ziyaret edebilirsiniz.<\/p>\n","protected":false},"featured_media":35613,"template":"","meta":{"_acf_changed":false},"product_brand":[1928,2087,1984,2088],"product_cat":[74,1585,100,1582,98,1569],"product_tag":[1334],"class_list":{"0":"post-35589","1":"product","2":"type-product","3":"status-publish","4":"has-post-thumbnail","6":"product_brand-nike","7":"product_brand-nike-en","8":"product_brand-off-white","9":"product_brand-off-white-en","10":"product_cat-sneakers","11":"product_cat-dunk-en","12":"product_cat-dunk","13":"product_cat-nike-en","14":"product_cat-nike","15":"product_cat-sneakers-en","16":"product_tag-gri","18":"first","19":"instock","20":"shipping-taxable","21":"purchasable","22":"product-type-variable"},"acf":[],"_links":{"self":[{"href":"https:\/\/sutore.com\/en\/wp-json\/wp\/v2\/product\/35589","targetHints":{"allow":["GET"]}}],"collection":[{"href":"https:\/\/sutore.com\/en\/wp-json\/wp\/v2\/product"}],"about":[{"href":"https:\/\/sutore.com\/en\/wp-json\/wp\/v2\/types\/product"}],"wp:featuredmedia":[{"embeddable":true,"href":"https:\/\/sutore.com\/en\/wp-json\/wp\/v2\/media\/35613"}],"wp:attachment":[{"href":"https:\/\/sutore.com\/en\/wp-json\/wp\/v2\/media?parent=35589"}],"wp:term":[{"taxonomy":"product_brand","embeddable":true,"href":"https:\/\/sutore.com\/en\/wp-json\/wp\/v2\/product_brand?post=35589"},{"taxonomy":"product_cat","embeddable":true,"href":"https:\/\/sutore.com\/en\/wp-json\/wp\/v2\/product_cat?post=35589"},{"taxonomy":"product_tag","embeddable":true,"href":"https:\/\/sutore.com\/en\/wp-json\/wp\/v2\/product_tag?post=35589"}],"curies":[{"name":"wp","href":"https:\/\/api.w.org\/{rel}","templated":true}]}}